{"id":10554,"date":"2024-05-21T13:44:35","date_gmt":"2024-05-21T11:44:35","guid":{"rendered":"https:\/\/hbt-group.com\/firmenprofil\/social-engagement\/"},"modified":"2024-05-21T13:59:44","modified_gmt":"2024-05-21T11:59:44","slug":"soziales-engagement","status":"publish","type":"page","link":"https:\/\/hbt-group.com\/de\/firmenprofil\/soziales-engagement\/","title":{"rendered":"Soziales Engagement"},"content":{"rendered":"\t\t<div data-elementor-type=\"wp-page\" data-elementor-id=\"10554\" class=\"elementor elementor-10554 elementor-10537\" data-elementor-post-type=\"page\">\n\t\t\t\t<div class=\"elementor-element elementor-element-a3495c6 e-con-full e-flex e-con e-parent\" data-id=\"a3495c6\" data-element_type=\"container\" data-e-type=\"container\" data-settings=\"{&quot;jet_parallax_layout_list&quot;:[]}\">\n\t\t\t\t<div class=\"elementor-element elementor-element-1e556ef6 elementor--h-position-center elementor--v-position-middle elementor-arrows-position-inside elementor-pagination-position-inside elementor-widget elementor-widget-slides\" data-id=\"1e556ef6\" data-element_type=\"widget\" data-e-type=\"widget\" data-settings=\"{&quot;transition&quot;:&quot;fade&quot;,&quot;navigation&quot;:&quot;both&quot;,&quot;autoplay&quot;:&quot;yes&quot;,&quot;pause_on_hover&quot;:&quot;yes&quot;,&quot;pause_on_interaction&quot;:&quot;yes&quot;,&quot;autoplay_speed&quot;:5000,&quot;infinite&quot;:&quot;yes&quot;,&quot;transition_speed&quot;:500}\" data-widget_type=\"slides.default\">\n\t\t\t\t<div class=\"elementor-widget-container\">\n\t\t\t\t\t\t\t\t\t<div class=\"elementor-swiper\">\n\t\t\t\t\t<div class=\"elementor-slides-wrapper elementor-main-swiper swiper\" role=\"region\" aria-roledescription=\"carousel\" aria-label=\"Slider\" dir=\"ltr\" data-animation=\"\">\n\t\t\t\t<div class=\"swiper-wrapper elementor-slides\">\n\t\t\t\t\t\t\t\t\t\t<div class=\"elementor-repeater-item-a50659d swiper-slide\" role=\"group\" aria-roledescription=\"slide\"><div class=\"swiper-slide-bg\" role=\"img\" aria-label=\"AdobeStock_115717709_Preview\"><\/div><div class=\"elementor-background-overlay\"><\/div><div class=\"swiper-slide-inner\" ><div class=\"swiper-slide-contents\"><div class=\"elementor-slide-heading\">HBT Group<\/div><div class=\"elementor-slide-description\">Soziales Engagement<\/div><a href=\"#content\" class=\"elementor-button elementor-slide-button elementor-size-sm\">Click Here<\/a><\/div><\/div><\/div>\t\t\t\t<\/div>\n\t\t\t\t\t\t\t<\/div>\n\t\t\t\t<\/div>\n\t\t\t\t\t\t\t\t<\/div>\n\t\t\t\t<\/div>\n\t\t\t\t<\/div>\n\t\t<div class=\"elementor-element elementor-element-35700d8e e-flex e-con-boxed e-con e-parent\" data-id=\"35700d8e\" data-element_type=\"container\" data-e-type=\"container\" id=\"content\" data-settings=\"{&quot;jet_parallax_layout_list&quot;:[]}\">\n\t\t\t\t\t<div class=\"e-con-inner\">\n\t\t\t\t<div class=\"elementor-element elementor-element-4616cd68 elementor-widget elementor-widget-heading\" data-id=\"4616cd68\" data-element_type=\"widget\" data-e-type=\"widget\" data-widget_type=\"heading.default\">\n\t\t\t\t<div class=\"elementor-widget-container\">\n\t\t\t\t\t<h1 class=\"elementor-heading-title elementor-size-default\">Wir sind dabei!<\/h1>\t\t\t\t<\/div>\n\t\t\t\t<\/div>\n\t\t\t\t<div class=\"elementor-element elementor-element-f3dc0a2 elementor-widget elementor-widget-heading\" data-id=\"f3dc0a2\" data-element_type=\"widget\" data-e-type=\"widget\" data-widget_type=\"heading.default\">\n\t\t\t\t<div class=\"elementor-widget-container\">\n\t\t\t\t\t<p class=\"elementor-heading-title elementor-size-default\">Mal- und Arbeitsbuch zur Radfahrausbildung, Plakate und Speichenreflektoren helfen sicher durch den Stra\u00dfenverkehr<\/p>\t\t\t\t<\/div>\n\t\t\t\t<\/div>\n\t\t\t\t<div class=\"elementor-element elementor-element-67ee54bd elementor-widget elementor-widget-text-editor\" data-id=\"67ee54bd\" data-element_type=\"widget\" data-e-type=\"widget\" data-widget_type=\"text-editor.default\">\n\t\t\t\t<div class=\"elementor-widget-container\">\n\t\t\t\t\t\t\t\t\t<p><span class=\"Apple-converted-space\">&nbsp;<\/span>Wie verhalte ich mich richtig im Stra\u00dfenverkehr? Um Kindern ein sicheres Verhalten mit dem Fahrrad zu vermitteln, f\u00fchrt die Verkehrswacht regelm\u00e4\u00dfig Radfahrausbildungen mit Grundsch\u00fclern durch. Zur Vertiefung hat der K&amp;L-Verlag mit der Kreisverkehrswacht Unna e.V. ein neues kindgerechtes Mal- und Arbeitsbuch mit digitalen Inhalten und Lernerfolgskontrolle herausgegeben.&nbsp;<\/p><p>Wir finden: Das ist eine gute Sache!<span class=\"Apple-converted-space\">&nbsp;<\/span><\/p>\t\t\t\t\t\t\t\t<\/div>\n\t\t\t\t<\/div>\n\t\t\t\t<div class=\"elementor-element elementor-element-1663f78 elementor-widget elementor-widget-image\" data-id=\"1663f78\" data-element_type=\"widget\" data-e-type=\"widget\" data-widget_type=\"image.default\">\n\t\t\t\t<div class=\"elementor-widget-container\">\n\t\t\t\t\t\t\t\t\t\t\t\t\t\t\t<img fetchpriority=\"high\" decoding=\"async\" width=\"800\" height=\"800\" src=\"https:\/\/hbt-group.com\/wp-content\/uploads\/2024\/05\/5197_SEP_Bild-1024x1024.jpg\" class=\"attachment-large size-large wp-image-10543\" alt=\"\" srcset=\"https:\/\/hbt-group.com\/wp-content\/uploads\/2024\/05\/5197_SEP_Bild-1024x1024.jpg 1024w, https:\/\/hbt-group.com\/wp-content\/uploads\/2024\/05\/5197_SEP_Bild-300x300.jpg 300w, https:\/\/hbt-group.com\/wp-content\/uploads\/2024\/05\/5197_SEP_Bild-150x150.jpg 150w, https:\/\/hbt-group.com\/wp-content\/uploads\/2024\/05\/5197_SEP_Bild-768x768.jpg 768w, https:\/\/hbt-group.com\/wp-content\/uploads\/2024\/05\/5197_SEP_Bild-1536x1536.jpg 1536w, https:\/\/hbt-group.com\/wp-content\/uploads\/2024\/05\/5197_SEP_Bild-2048x2048.jpg 2048w\" sizes=\"(max-width: 800px) 100vw, 800px\">\t\t\t\t\t\t\t\t\t\t\t\t\t\t\t<\/div>\n\t\t\t\t<\/div>\n\t\t\t\t<div class=\"elementor-element elementor-element-eed7a2c elementor-widget elementor-widget-heading\" data-id=\"eed7a2c\" data-element_type=\"widget\" data-e-type=\"widget\" data-widget_type=\"heading.default\">\n\t\t\t\t<div class=\"elementor-widget-container\">\n\t\t\t\t\t<h2 class=\"elementor-heading-title elementor-size-default\">Deshalb unterst\u00fctzen wir das Projekt<\/h2>\t\t\t\t<\/div>\n\t\t\t\t<\/div>\n\t\t\t\t<div class=\"elementor-element elementor-element-2bd0d04e elementor-widget elementor-widget-text-editor\" data-id=\"2bd0d04e\" data-element_type=\"widget\" data-e-type=\"widget\" data-widget_type=\"text-editor.default\">\n\t\t\t\t<div class=\"elementor-widget-container\">\n\t\t\t\t\t\t\t\t\t<p>Das Buch vermittelt Kindern der dritten und vierten Klasse altersgerecht und spielerisch die Gefahren des Stra\u00dfenverkehrs, lehrt richtiges Verhalten und bereitet auf die Fahrradpr\u00fcfung vor. Sie lernen, dass Verkehrsschilder zu beachten sind, wann ein Fahrrad verkehrssicher ist oder warum es sinnvoll ist, beim Radfahren einen Schutzhelm zu tragen. Auch das richtige Verhalten bei einem Verkehrsunfall wird ihnen vermittelt.\u00a0<\/p><p>Eine digitale Lernerfolgskontrolle zeigt den Kindern, ob sie die Aufgaben im Buch richtig gel\u00f6st haben. Die Plakate zum Aufh\u00e4ngen im Klassenraum helfen bei der Vertiefung der Lerninhalte. Die Speichenreflektoren erh\u00f6hen die Sicherheit der Kinder im Stra\u00dfenverkehr. Deshalb erh\u00e4lt die Kreisverkehrswacht Unna zus\u00e4tzlich Reflektoren f\u00fcr Kinder zur besseren Sichtbarkeit. Mithilfe der Unterst\u00fctzung vieler \u00f6rtlicher Unternehmen k\u00f6nnen die Mal- und Arbeitsb\u00fccher, die Plakate und die Reflektoren kostenlos an die Grundschulkinder im Kreis Unna ausgegeben werden. Ein Engagement, dem wir uns sehr gerne anschlie\u00dfen.\u00a0<\/p><p><strong>M\u00f6chten Sie mehr \u00fcber das Projekt erfahren?\u00a0<br \/><\/strong><strong style=\"font-family: var( --e-global-typography-text-font-family ), Sans-serif; font-size: var( --e-global-typography-text-font-size ); text-align: var(--text-align);\">Hier finden Sie weitere Informationen: <\/strong><strong><a href=\"https:\/\/www.kl-verlag.de\" target=\"_blank\" rel=\"noopener\">www.kl-verlag.de<\/a>\u00a0<\/strong><\/p><p><em>Bildnachweis: Abb. @ K&amp;L Verlag\u00a0<\/em><\/p>\t\t\t\t\t\t\t\t<\/div>\n\t\t\t\t<\/div>\n\t\t\t\t\t<\/div>\n\t\t\t\t<\/div>\n\t\t\t\t<\/div>\n\t\t","protected":false},"excerpt":{"rendered":"<p>HBT GroupClick Here Wir sind dabei! Mal- und Arbeitsbuch zur Radfahrausbildung, Plakate und Speichenreflektoren helfen sicher durch den Stra\u00dfenverkehr &nbsp;Wie verhalte ich mich richtig im Stra\u00dfenverkehr? Um Kindern ein sicheres Verhalten mit dem Fahrrad zu vermitteln, f\u00fchrt die Verkehrswacht regelm\u00e4\u00dfig Radfahrausbildungen mit Grundsch\u00fclern durch. Zur Vertiefung hat der K&amp;L-Verlag mit der Kreisverkehrswacht Unna e.V. ein [&hellip;]<\/p>\n","protected":false},"author":1,"featured_media":0,"parent":5096,"menu_order":0,"comment_status":"closed","ping_status":"closed","template":"elementor_header_footer","meta":{"footnotes":""},"class_list":["post-10554","page","type-page","status-publish","hentry"],"_links":{"self":[{"href":"https:\/\/hbt-group.com\/de\/wp-json\/wp\/v2\/pages\/10554","targetHints":{"allow":["GET"]}}],"collection":[{"href":"https:\/\/hbt-group.com\/de\/wp-json\/wp\/v2\/pages"}],"about":[{"href":"https:\/\/hbt-group.com\/de\/wp-json\/wp\/v2\/types\/page"}],"author":[{"embeddable":true,"href":"https:\/\/hbt-group.com\/de\/wp-json\/wp\/v2\/users\/1"}],"replies":[{"embeddable":true,"href":"https:\/\/hbt-group.com\/de\/wp-json\/wp\/v2\/comments?post=10554"}],"version-history":[{"count":4,"href":"https:\/\/hbt-group.com\/de\/wp-json\/wp\/v2\/pages\/10554\/revisions"}],"predecessor-version":[{"id":10558,"href":"https:\/\/hbt-group.com\/de\/wp-json\/wp\/v2\/pages\/10554\/revisions\/10558"}],"up":[{"embeddable":true,"href":"https:\/\/hbt-group.com\/de\/wp-json\/wp\/v2\/pages\/5096"}],"wp:attachment":[{"href":"https:\/\/hbt-group.com\/de\/wp-json\/wp\/v2\/media?parent=10554"}],"curies":[{"name":"wp","href":"https:\/\/api.w.org\/{rel}","templated":true}]}}