{"id":10743,"date":"2024-07-04T10:02:08","date_gmt":"2024-07-04T08:02:08","guid":{"rendered":"https:\/\/hbt-group.com\/firmenprofil\/responsibility-for-our-environment\/"},"modified":"2024-07-04T15:17:58","modified_gmt":"2024-07-04T13:17:58","slug":"unsere-verpflichtung-fuer-die-umwelt","status":"publish","type":"page","link":"https:\/\/hbt-group.com\/de\/firmenprofil\/unsere-verpflichtung-fuer-die-umwelt\/","title":{"rendered":"Unsere Verpflichtung f\u00fcr die Umwelt"},"content":{"rendered":"\t\t<div data-elementor-type=\"wp-page\" data-elementor-id=\"10743\" class=\"elementor elementor-10743 elementor-10704\" data-elementor-post-type=\"page\">\n\t\t\t\t<div class=\"elementor-element elementor-element-bb34a8e e-con-full e-flex e-con e-parent\" data-id=\"bb34a8e\" data-element_type=\"container\" data-e-type=\"container\" data-settings=\"{&quot;jet_parallax_layout_list&quot;:[]}\">\n\t\t\t\t<div class=\"elementor-element elementor-element-414d838 elementor--h-position-center elementor--v-position-middle elementor-arrows-position-inside elementor-pagination-position-inside elementor-widget elementor-widget-slides\" data-id=\"414d838\" data-element_type=\"widget\" data-e-type=\"widget\" data-settings=\"{&quot;transition&quot;:&quot;fade&quot;,&quot;navigation&quot;:&quot;both&quot;,&quot;autoplay&quot;:&quot;yes&quot;,&quot;pause_on_hover&quot;:&quot;yes&quot;,&quot;pause_on_interaction&quot;:&quot;yes&quot;,&quot;autoplay_speed&quot;:5000,&quot;infinite&quot;:&quot;yes&quot;,&quot;transition_speed&quot;:500}\" data-widget_type=\"slides.default\">\n\t\t\t\t<div class=\"elementor-widget-container\">\n\t\t\t\t\t\t\t\t\t<div class=\"elementor-swiper\">\n\t\t\t\t\t<div class=\"elementor-slides-wrapper elementor-main-swiper swiper\" role=\"region\" aria-roledescription=\"carousel\" aria-label=\"Slider\" dir=\"ltr\" data-animation=\"\">\n\t\t\t\t<div class=\"swiper-wrapper elementor-slides\">\n\t\t\t\t\t\t\t\t\t\t<div class=\"elementor-repeater-item-a50659d swiper-slide\" role=\"group\" aria-roledescription=\"slide\"><div class=\"swiper-slide-bg\" role=\"img\" aria-label=\"Tree planting on volunteer family&#039;s hands for eco friendly and corporate social responsibility campaign concept\"><\/div><div class=\"elementor-background-overlay\"><\/div><div class=\"swiper-slide-inner\" ><div class=\"swiper-slide-contents\"><div class=\"elementor-slide-heading\">HBT Group<\/div><div class=\"elementor-slide-description\">Unsere Verpflichtung f\u00fcr die Umwelt<\/div><a href=\"#content\" class=\"elementor-button elementor-slide-button elementor-size-sm\">Click Here<\/a><\/div><\/div><\/div>\t\t\t\t<\/div>\n\t\t\t\t\t\t\t<\/div>\n\t\t\t\t<\/div>\n\t\t\t\t\t\t\t\t<\/div>\n\t\t\t\t<\/div>\n\t\t\t\t<\/div>\n\t\t<div class=\"elementor-element elementor-element-493deb9 e-flex e-con-boxed e-con e-parent\" data-id=\"493deb9\" data-element_type=\"container\" data-e-type=\"container\" data-settings=\"{&quot;jet_parallax_layout_list&quot;:[]}\">\n\t\t\t\t\t<div class=\"e-con-inner\">\n\t\t\t\t<div class=\"elementor-element elementor-element-f313510 elementor-widget elementor-widget-heading\" data-id=\"f313510\" data-element_type=\"widget\" data-e-type=\"widget\" data-widget_type=\"heading.default\">\n\t\t\t\t<div class=\"elementor-widget-container\">\n\t\t\t\t\t<h1 class=\"elementor-heading-title elementor-size-default\">Unsere Verpflichtung f\u00fcr die Umwelt:<\/h1>\t\t\t\t<\/div>\n\t\t\t\t<\/div>\n\t\t\t\t<div class=\"elementor-element elementor-element-098be73 elementor-widget elementor-widget-heading\" data-id=\"098be73\" data-element_type=\"widget\" data-e-type=\"widget\" data-widget_type=\"heading.default\">\n\t\t\t\t<div class=\"elementor-widget-container\">\n\t\t\t\t\t<p class=\"elementor-heading-title elementor-size-default\">Baumpflanzungen als CO2-Ausgleich.<\/p>\t\t\t\t<\/div>\n\t\t\t\t<\/div>\n\t\t\t\t<div class=\"elementor-element elementor-element-fd07e83 elementor-widget elementor-widget-text-editor\" data-id=\"fd07e83\" data-element_type=\"widget\" data-e-type=\"widget\" data-widget_type=\"text-editor.default\">\n\t\t\t\t<div class=\"elementor-widget-container\">\n\t\t\t\t\t\t\t\t\t<p>\u00a0In einer Zeit, in der der Klimawandel zu den gr\u00f6\u00dften Herausforderungen z\u00e4hlt, ist es wichtiger denn je, Verantwortung zu \u00fcbernehmen und aktiv zur Erhaltung unserer Umwelt beizutragen. Die HBT Group ist stolz darauf, ihren Teil zur Bek\u00e4mpfung des Klimawandels beizutragen, indem sie B\u00e4ume pflanzt, um CO2-Emissionen auszugleichen. Diese Initiative ist ein Zeichen unseres Engagements f\u00fcr Nachhaltigkeit und ein Schritt zur Schaffung einer gr\u00fcneren Zukunft.<\/p>\t\t\t\t\t\t\t\t<\/div>\n\t\t\t\t<\/div>\n\t\t\t\t<div class=\"elementor-element elementor-element-03e2ee0 elementor-widget elementor-widget-image\" data-id=\"03e2ee0\" data-element_type=\"widget\" data-e-type=\"widget\" data-widget_type=\"image.default\">\n\t\t\t\t<div class=\"elementor-widget-container\">\n\t\t\t\t\t\t\t\t\t\t\t\t\t\t\t<img fetchpriority=\"high\" decoding=\"async\" width=\"800\" height=\"600\" src=\"https:\/\/hbt-group.com\/wp-content\/uploads\/2024\/07\/pflanzen3-1-1024x768.jpg\" class=\"attachment-large size-large wp-image-10759\" alt=\"\" srcset=\"https:\/\/hbt-group.com\/wp-content\/uploads\/2024\/07\/pflanzen3-1-1024x768.jpg 1024w, https:\/\/hbt-group.com\/wp-content\/uploads\/2024\/07\/pflanzen3-1-300x225.jpg 300w, https:\/\/hbt-group.com\/wp-content\/uploads\/2024\/07\/pflanzen3-1-768x576.jpg 768w, https:\/\/hbt-group.com\/wp-content\/uploads\/2024\/07\/pflanzen3-1.jpg 1280w\" sizes=\"(max-width: 800px) 100vw, 800px\">\t\t\t\t\t\t\t\t\t\t\t\t\t\t\t<\/div>\n\t\t\t\t<\/div>\n\t\t\t\t<div class=\"elementor-element elementor-element-b1769a7 elementor-widget elementor-widget-heading\" data-id=\"b1769a7\" data-element_type=\"widget\" data-e-type=\"widget\" data-widget_type=\"heading.default\">\n\t\t\t\t<div class=\"elementor-widget-container\">\n\t\t\t\t\t<h2 class=\"elementor-heading-title elementor-size-default\">Warum B\u00e4ume pflanzen?<\/h2>\t\t\t\t<\/div>\n\t\t\t\t<\/div>\n\t\t\t\t<div class=\"elementor-element elementor-element-e5b5748 elementor-widget elementor-widget-text-editor\" data-id=\"e5b5748\" data-element_type=\"widget\" data-e-type=\"widget\" data-widget_type=\"text-editor.default\">\n\t\t\t\t<div class=\"elementor-widget-container\">\n\t\t\t\t\t\t\t\t\t<p>\u00a0B\u00e4ume sind unverzichtbare Akteure im Kampf gegen den Klimawandel. Sie absorbieren CO2 und wandeln es in Sauerstoff um. Dar\u00fcber hinaus bieten W\u00e4lder Lebensraum f\u00fcr viele Arten, f\u00f6rdern die Biodiversit\u00e4t und regulieren den Wasserkreislauf. Durch das Pflanzen von B\u00e4umen unterst\u00fctzen wir nicht nur die Reduzierung der CO2-Emissionen, sondern auch den Erhalt der biologischen Vielfalt und den Schutz wertvoller \u00d6kosysteme.<\/p>\t\t\t\t\t\t\t\t<\/div>\n\t\t\t\t<\/div>\n\t\t\t\t\t<\/div>\n\t\t\t\t<\/div>\n\t\t<div class=\"elementor-element elementor-element-b8dd7da e-flex e-con-boxed e-con e-parent\" data-id=\"b8dd7da\" data-element_type=\"container\" data-e-type=\"container\" data-settings=\"{&quot;jet_parallax_layout_list&quot;:[]}\">\n\t\t\t\t\t<div class=\"e-con-inner\">\n\t\t<div class=\"elementor-element elementor-element-2f4706b e-con-full e-flex e-con e-child\" data-id=\"2f4706b\" data-element_type=\"container\" data-e-type=\"container\" data-settings=\"{&quot;jet_parallax_layout_list&quot;:[]}\">\n\t\t\t\t<div class=\"elementor-element elementor-element-4001d3f elementor-widget elementor-widget-heading\" data-id=\"4001d3f\" data-element_type=\"widget\" data-e-type=\"widget\" data-widget_type=\"heading.default\">\n\t\t\t\t<div class=\"elementor-widget-container\">\n\t\t\t\t\t<h2 class=\"elementor-heading-title elementor-size-default\">Unsere Partnerschaften<\/h2>\t\t\t\t<\/div>\n\t\t\t\t<\/div>\n\t\t\t\t<div class=\"elementor-element elementor-element-b0c91d0 elementor-widget elementor-widget-text-editor\" data-id=\"b0c91d0\" data-element_type=\"widget\" data-e-type=\"widget\" data-widget_type=\"text-editor.default\">\n\t\t\t\t<div class=\"elementor-widget-container\">\n\t\t\t\t\t\t\t\t\t<p>\u00a0Die HBT Group arbeitet mit den gemeinn\u00fctzigen Organisationen \u201eDeine Erde\u201c, \u201ePlant My Tree\u201c, sowie der Crimex GmbH zusammen, welche sich der Erhaltung und Wiederherstellung von W\u00e4ldern verschrieben haben. In Kooperation mit \u201eTU TIERRA\u201c werden B\u00e4ume in Peru zur Aufforstung dieser Region gepflanzt.<\/p>\t\t\t\t\t\t\t\t<\/div>\n\t\t\t\t<\/div>\n\t\t\t\t<div class=\"elementor-element elementor-element-b8ec5d3 elementor-widget elementor-widget-heading\" data-id=\"b8ec5d3\" data-element_type=\"widget\" data-e-type=\"widget\" data-widget_type=\"heading.default\">\n\t\t\t\t<div class=\"elementor-widget-container\">\n\t\t\t\t\t<h2 class=\"elementor-heading-title elementor-size-default\">Unsere Erfolge<\/h2>\t\t\t\t<\/div>\n\t\t\t\t<\/div>\n\t\t\t\t<div class=\"elementor-element elementor-element-bf708ea elementor-widget elementor-widget-text-editor\" data-id=\"bf708ea\" data-element_type=\"widget\" data-e-type=\"widget\" data-widget_type=\"text-editor.default\">\n\t\t\t\t<div class=\"elementor-widget-container\">\n\t\t\t\t\t\t\t\t\t<p>\u00a0Im Jahr 2023 haben wir 100 B\u00e4ume in L\u00fcdenscheid gepflanzt. Zus\u00e4tzlich haben wir durch unsere Bestellungen bei CRIMEX die Pflanzung von 25 weiteren B\u00e4umen unterst\u00fctzt. Diese B\u00e4ume binden CO2 und bereichern das \u00d6kosystem.<\/p>\t\t\t\t\t\t\t\t<\/div>\n\t\t\t\t<\/div>\n\t\t\t\t<\/div>\n\t\t<div class=\"elementor-element elementor-element-f778c87 e-con-full e-flex e-con e-child\" data-id=\"f778c87\" data-element_type=\"container\" data-e-type=\"container\" data-settings=\"{&quot;jet_parallax_layout_list&quot;:[]}\">\n\t\t<div class=\"elementor-element elementor-element-783d44b e-grid e-con-full e-con e-child\" data-id=\"783d44b\" data-element_type=\"container\" data-e-type=\"container\" data-settings=\"{&quot;jet_parallax_layout_list&quot;:[]}\">\n\t\t\t\t<div class=\"elementor-element elementor-element-112df42 elementor-widget elementor-widget-image\" data-id=\"112df42\" data-element_type=\"widget\" data-e-type=\"widget\" data-widget_type=\"image.default\">\n\t\t\t\t<div class=\"elementor-widget-container\">\n\t\t\t\t\t\t\t\t\t\t\t\t\t\t\t\t<a href=\"https:\/\/hbt-group.com\/wp-content\/uploads\/2024\/07\/Baum-Urkunde.pdf\" target=\"_blank\">\n\t\t\t\t\t\t\t<img decoding=\"async\" width=\"546\" height=\"773\" src=\"https:\/\/hbt-group.com\/wp-content\/uploads\/2024\/07\/urkunde-crimex.png\" class=\"attachment-large size-large wp-image-10732\" alt=\"\" srcset=\"https:\/\/hbt-group.com\/wp-content\/uploads\/2024\/07\/urkunde-crimex.png 546w, https:\/\/hbt-group.com\/wp-content\/uploads\/2024\/07\/urkunde-crimex-212x300.png 212w\" sizes=\"(max-width: 546px) 100vw, 546px\">\t\t\t\t\t\t\t\t<\/a>\n\t\t\t\t\t\t\t\t\t\t\t\t\t\t\t<\/div>\n\t\t\t\t<\/div>\n\t\t\t\t<div class=\"elementor-element elementor-element-a1f35d9 elementor-widget elementor-widget-image\" data-id=\"a1f35d9\" data-element_type=\"widget\" data-e-type=\"widget\" data-widget_type=\"image.default\">\n\t\t\t\t<div class=\"elementor-widget-container\">\n\t\t\t\t\t\t\t\t\t\t\t\t\t\t\t\t<a href=\"https:\/\/hbt-group.com\/wp-content\/uploads\/2024\/07\/2023-hbt-gmbh-crimex-tu-tierra-urkunde.pdf\" target=\"_blank\">\n\t\t\t\t\t\t\t<img decoding=\"async\" width=\"546\" height=\"773\" src=\"https:\/\/hbt-group.com\/wp-content\/uploads\/2024\/07\/baum-urkunde.png\" class=\"attachment-large size-large wp-image-10730\" alt=\"\" srcset=\"https:\/\/hbt-group.com\/wp-content\/uploads\/2024\/07\/baum-urkunde.png 546w, https:\/\/hbt-group.com\/wp-content\/uploads\/2024\/07\/baum-urkunde-212x300.png 212w\" sizes=\"(max-width: 546px) 100vw, 546px\">\t\t\t\t\t\t\t\t<\/a>\n\t\t\t\t\t\t\t\t\t\t\t\t\t\t\t<\/div>\n\t\t\t\t<\/div>\n\t\t\t\t<\/div>\n\t\t\t\t<\/div>\n\t\t\t\t\t<\/div>\n\t\t\t\t<\/div>\n\t\t<div class=\"elementor-element elementor-element-b018301 e-flex e-con-boxed e-con e-parent\" data-id=\"b018301\" data-element_type=\"container\" data-e-type=\"container\" data-settings=\"{&quot;jet_parallax_layout_list&quot;:[]}\">\n\t\t\t\t\t<div class=\"e-con-inner\">\n\t\t\t\t<div class=\"elementor-element elementor-element-2a1613c elementor-widget elementor-widget-heading\" data-id=\"2a1613c\" data-element_type=\"widget\" data-e-type=\"widget\" data-widget_type=\"heading.default\">\n\t\t\t\t<div class=\"elementor-widget-container\">\n\t\t\t\t\t<h2 class=\"elementor-heading-title elementor-size-default\">Die Bedeutung unserer Initiative<\/h2>\t\t\t\t<\/div>\n\t\t\t\t<\/div>\n\t\t\t\t<div class=\"elementor-element elementor-element-1b0ad23 elementor-widget elementor-widget-text-editor\" data-id=\"1b0ad23\" data-element_type=\"widget\" data-e-type=\"widget\" data-widget_type=\"text-editor.default\">\n\t\t\t\t<div class=\"elementor-widget-container\">\n\t\t\t\t\t\t\t\t\t<p>\u00a0Unsere Baumpflanzinitiative ist mehr als ein Symbol f\u00fcr Umweltbewusstsein. Sie ist Teil unserer Unternehmensphilosophie und zeigt unser Engagement f\u00fcr eine nachhaltige Zukunft. Indem wir B\u00e4ume pflanzen, kompensieren wir unsere eigenen CO2-Emissionen und tragen aktiv zur globalen Klimaschutzbewegung bei. Diese Ma\u00dfnahmen sind Teil unserer Strategie zur Reduktion unseres \u00f6kologischen Fu\u00dfabdrucks und zur F\u00f6rderung von Nachhaltigkeit in all unseren Gesch\u00e4ftsbereichen.<\/p>\t\t\t\t\t\t\t\t<\/div>\n\t\t\t\t<\/div>\n\t\t\t\t<div class=\"elementor-element elementor-element-a2ba968 elementor-widget elementor-widget-heading\" data-id=\"a2ba968\" data-element_type=\"widget\" data-e-type=\"widget\" data-widget_type=\"heading.default\">\n\t\t\t\t<div class=\"elementor-widget-container\">\n\t\t\t\t\t<h2 class=\"elementor-heading-title elementor-size-default\">Fazit<\/h2>\t\t\t\t<\/div>\n\t\t\t\t<\/div>\n\t\t\t\t<div class=\"elementor-element elementor-element-b0ddced elementor-widget elementor-widget-text-editor\" data-id=\"b0ddced\" data-element_type=\"widget\" data-e-type=\"widget\" data-widget_type=\"text-editor.default\">\n\t\t\t\t<div class=\"elementor-widget-container\">\n\t\t\t\t\t\t\t\t\t<p style=\"font-weight: 400;\">Die HBT Group setzt sich leidenschaftlich f\u00fcr den Schutz unserer Umwelt ein. Unsere Baumpflanzaktionen sind ein wesentlicher Bestandteil dieser Bem\u00fchungen und ein starkes Zeichen unseres Engagements f\u00fcr eine nachhaltige Zukunft. Lassen Sie uns gemeinsam die Welt gr\u00fcner und lebenswerter machen \u2013 ein Baum nach dem anderen.<\/p>\t\t\t\t\t\t\t\t<\/div>\n\t\t\t\t<\/div>\n\t\t\t\t\t<\/div>\n\t\t\t\t<\/div>\n\t\t<div class=\"elementor-element elementor-element-92bad64 e-con-full e-flex e-con e-parent\" data-id=\"92bad64\" data-element_type=\"container\" data-e-type=\"container\" data-settings=\"{&quot;jet_parallax_layout_list&quot;:[],&quot;background_background&quot;:&quot;classic&quot;}\">\n\t\t\t\t<div class=\"elementor-element elementor-element-342e7d8 elementor-widget elementor-widget-gallery\" data-id=\"342e7d8\" data-element_type=\"widget\" data-e-type=\"widget\" data-settings=\"{&quot;columns&quot;:5,&quot;gap&quot;:{&quot;unit&quot;:&quot;px&quot;,&quot;size&quot;:1,&quot;sizes&quot;:[]},&quot;columns_tablet&quot;:5,&quot;columns_mobile&quot;:2,&quot;gap_tablet&quot;:{&quot;unit&quot;:&quot;px&quot;,&quot;size&quot;:1,&quot;sizes&quot;:[]},&quot;gap_mobile&quot;:{&quot;unit&quot;:&quot;px&quot;,&quot;size&quot;:1,&quot;sizes&quot;:[]},&quot;lazyload&quot;:&quot;yes&quot;,&quot;gallery_layout&quot;:&quot;grid&quot;,&quot;link_to&quot;:&quot;file&quot;,&quot;aspect_ratio&quot;:&quot;3:2&quot;,&quot;overlay_background&quot;:&quot;yes&quot;,&quot;content_hover_animation&quot;:&quot;fade-in&quot;}\" data-widget_type=\"gallery.default\">\n\t\t\t\t<div class=\"elementor-widget-container\">\n\t\t\t\t\t\t\t<div class=\"elementor-gallery__container\">\n\t\t\t\t\t\t\t<a class=\"e-gallery-item elementor-gallery-item elementor-animated-content\" href=\"https:\/\/hbt-group.com\/wp-content\/uploads\/2024\/07\/pflanzen.jpg\" data-elementor-open-lightbox=\"yes\" data-elementor-lightbox-slideshow=\"342e7d8\" data-elementor-lightbox-title=\"pflanzen\" data-e-action-hash=\"#elementor-action%3Aaction%3Dlightbox%26settings%3DeyJpZCI6MTA3MTUsInVybCI6Imh0dHBzOlwvXC9oYnQtZ3JvdXAuY29tXC93cC1jb250ZW50XC91cGxvYWRzXC8yMDI0XC8wN1wvcGZsYW56ZW4uanBnIiwic2xpZGVzaG93IjoiMzQyZTdkOCJ9\">\n\t\t\t\t\t<div class=\"e-gallery-image elementor-gallery-item__image\" data-thumbnail=\"https:\/\/hbt-group.com\/wp-content\/uploads\/2024\/07\/pflanzen-300x225.jpg\" data-width=\"300\" data-height=\"225\" aria-label=\"\" role=\"img\" ><\/div>\n\t\t\t\t\t\t\t\t\t\t\t<div class=\"elementor-gallery-item__overlay\"><\/div>\n\t\t\t\t\t\t\t\t\t\t\t\t\t\t<\/a>\n\t\t\t\t\t\t\t<a class=\"e-gallery-item elementor-gallery-item elementor-animated-content\" href=\"https:\/\/hbt-group.com\/wp-content\/uploads\/2024\/07\/pflanzen2.jpg\" data-elementor-open-lightbox=\"yes\" data-elementor-lightbox-slideshow=\"342e7d8\" data-elementor-lightbox-title=\"pflanzen2\" data-e-action-hash=\"#elementor-action%3Aaction%3Dlightbox%26settings%3DeyJpZCI6MTA3MTcsInVybCI6Imh0dHBzOlwvXC9oYnQtZ3JvdXAuY29tXC93cC1jb250ZW50XC91cGxvYWRzXC8yMDI0XC8wN1wvcGZsYW56ZW4yLmpwZyIsInNsaWRlc2hvdyI6IjM0MmU3ZDgifQ%3D%3D\">\n\t\t\t\t\t<div class=\"e-gallery-image elementor-gallery-item__image\" data-thumbnail=\"https:\/\/hbt-group.com\/wp-content\/uploads\/2024\/07\/pflanzen2-225x300.jpg\" data-width=\"225\" data-height=\"300\" aria-label=\"\" role=\"img\" ><\/div>\n\t\t\t\t\t\t\t\t\t\t\t<div class=\"elementor-gallery-item__overlay\"><\/div>\n\t\t\t\t\t\t\t\t\t\t\t\t\t\t<\/a>\n\t\t\t\t\t\t\t<a class=\"e-gallery-item elementor-gallery-item elementor-animated-content\" href=\"https:\/\/hbt-group.com\/wp-content\/uploads\/2024\/07\/pflanzen3.jpg\" data-elementor-open-lightbox=\"yes\" data-elementor-lightbox-slideshow=\"342e7d8\" data-elementor-lightbox-title=\"pflanzen3\" data-e-action-hash=\"#elementor-action%3Aaction%3Dlightbox%26settings%3DeyJpZCI6MTA3MTksInVybCI6Imh0dHBzOlwvXC9oYnQtZ3JvdXAuY29tXC93cC1jb250ZW50XC91cGxvYWRzXC8yMDI0XC8wN1wvcGZsYW56ZW4zLmpwZyIsInNsaWRlc2hvdyI6IjM0MmU3ZDgifQ%3D%3D\">\n\t\t\t\t\t<div class=\"e-gallery-image elementor-gallery-item__image\" data-thumbnail=\"https:\/\/hbt-group.com\/wp-content\/uploads\/2024\/07\/pflanzen3-300x225.jpg\" data-width=\"300\" data-height=\"225\" aria-label=\"\" role=\"img\" ><\/div>\n\t\t\t\t\t\t\t\t\t\t\t<div class=\"elementor-gallery-item__overlay\"><\/div>\n\t\t\t\t\t\t\t\t\t\t\t\t\t\t<\/a>\n\t\t\t\t\t\t\t<a class=\"e-gallery-item elementor-gallery-item elementor-animated-content\" href=\"https:\/\/hbt-group.com\/wp-content\/uploads\/2024\/07\/pflanzen6.jpg\" data-elementor-open-lightbox=\"yes\" data-elementor-lightbox-slideshow=\"342e7d8\" data-elementor-lightbox-title=\"pflanzen6\" data-e-action-hash=\"#elementor-action%3Aaction%3Dlightbox%26settings%3DeyJpZCI6MTA3MjEsInVybCI6Imh0dHBzOlwvXC9oYnQtZ3JvdXAuY29tXC93cC1jb250ZW50XC91cGxvYWRzXC8yMDI0XC8wN1wvcGZsYW56ZW42LmpwZyIsInNsaWRlc2hvdyI6IjM0MmU3ZDgifQ%3D%3D\">\n\t\t\t\t\t<div class=\"e-gallery-image elementor-gallery-item__image\" data-thumbnail=\"https:\/\/hbt-group.com\/wp-content\/uploads\/2024\/07\/pflanzen6-225x300.jpg\" data-width=\"225\" data-height=\"300\" aria-label=\"\" role=\"img\" ><\/div>\n\t\t\t\t\t\t\t\t\t\t\t<div class=\"elementor-gallery-item__overlay\"><\/div>\n\t\t\t\t\t\t\t\t\t\t\t\t\t\t<\/a>\n\t\t\t\t\t\t\t<a class=\"e-gallery-item elementor-gallery-item elementor-animated-content\" href=\"https:\/\/hbt-group.com\/wp-content\/uploads\/2024\/07\/plfanzen4.jpg\" data-elementor-open-lightbox=\"yes\" data-elementor-lightbox-slideshow=\"342e7d8\" data-elementor-lightbox-title=\"plfanzen4\" data-e-action-hash=\"#elementor-action%3Aaction%3Dlightbox%26settings%3DeyJpZCI6MTA3MjMsInVybCI6Imh0dHBzOlwvXC9oYnQtZ3JvdXAuY29tXC93cC1jb250ZW50XC91cGxvYWRzXC8yMDI0XC8wN1wvcGxmYW56ZW40LmpwZyIsInNsaWRlc2hvdyI6IjM0MmU3ZDgifQ%3D%3D\">\n\t\t\t\t\t<div class=\"e-gallery-image elementor-gallery-item__image\" data-thumbnail=\"https:\/\/hbt-group.com\/wp-content\/uploads\/2024\/07\/plfanzen4-300x225.jpg\" data-width=\"300\" data-height=\"225\" aria-label=\"\" role=\"img\" ><\/div>\n\t\t\t\t\t\t\t\t\t\t\t<div class=\"elementor-gallery-item__overlay\"><\/div>\n\t\t\t\t\t\t\t\t\t\t\t\t\t\t<\/a>\n\t\t\t\t\t<\/div>\n\t\t\t\t\t<\/div>\n\t\t\t\t<\/div>\n\t\t\t\t<\/div>\n\t\t<div class=\"elementor-element elementor-element-00a0e73 e-flex e-con-boxed e-con e-parent\" data-id=\"00a0e73\" data-element_type=\"container\" data-e-type=\"container\" data-settings=\"{&quot;background_background&quot;:&quot;classic&quot;,&quot;jet_parallax_layout_list&quot;:[]}\">\n\t\t\t\t\t<div class=\"e-con-inner\">\n\t\t\t\t<div class=\"elementor-element elementor-element-1096dec elementor-widget elementor-widget-heading\" data-id=\"1096dec\" data-element_type=\"widget\" data-e-type=\"widget\" data-widget_type=\"heading.default\">\n\t\t\t\t<div class=\"elementor-widget-container\">\n\t\t\t\t\t<h2 class=\"elementor-heading-title elementor-size-default\">Ein Aufruf zum Handeln <\/h2>\t\t\t\t<\/div>\n\t\t\t\t<\/div>\n\t\t\t\t<div class=\"elementor-element elementor-element-bc16a8a elementor-widget elementor-widget-text-editor\" data-id=\"bc16a8a\" data-element_type=\"widget\" data-e-type=\"widget\" data-widget_type=\"text-editor.default\">\n\t\t\t\t<div class=\"elementor-widget-container\">\n\t\t\t\t\t\t\t\t\t<p>Wir bei der HBT Group sind \u00fcberzeugt, dass jeder Beitrag z\u00e4hlt. Deshalb laden wir unsere Kunden, Partner und die Gemeinschaft ein, sich uns anzuschlie\u00dfen und aktiv am Umweltschutz teilzunehmen. Ob durch Unterst\u00fctzung von Aufforstungsprojekten, Reduzierung des eigenen CO2-Fu\u00dfabdrucks oder durch umweltfreundliche Entscheidungen \u2013 jeder Schritt in Richtung Nachhaltigkeit ist wertvoll.<\/p>\t\t\t\t\t\t\t\t<\/div>\n\t\t\t\t<\/div>\n\t\t\t\t\t<\/div>\n\t\t\t\t<\/div>\n\t\t\t\t<\/div>\n\t\t","protected":false},"excerpt":{"rendered":"<p>HBT GroupClick Here Unsere Verpflichtung f\u00fcr die Umwelt: Baumpflanzungen als CO2-Ausgleich. \u00a0In einer Zeit, in der der Klimawandel zu den gr\u00f6\u00dften Herausforderungen z\u00e4hlt, ist es wichtiger denn je, Verantwortung zu \u00fcbernehmen und aktiv zur Erhaltung unserer Umwelt beizutragen. Die HBT Group ist stolz darauf, ihren Teil zur Bek\u00e4mpfung des Klimawandels beizutragen, indem sie B\u00e4ume pflanzt, [&hellip;]<\/p>\n","protected":false},"author":1,"featured_media":0,"parent":5096,"menu_order":0,"comment_status":"closed","ping_status":"closed","template":"elementor_header_footer","meta":{"footnotes":""},"class_list":["post-10743","page","type-page","status-publish","hentry"],"_links":{"self":[{"href":"https:\/\/hbt-group.com\/de\/wp-json\/wp\/v2\/pages\/10743","targetHints":{"allow":["GET"]}}],"collection":[{"href":"https:\/\/hbt-group.com\/de\/wp-json\/wp\/v2\/pages"}],"about":[{"href":"https:\/\/hbt-group.com\/de\/wp-json\/wp\/v2\/types\/page"}],"author":[{"embeddable":true,"href":"https:\/\/hbt-group.com\/de\/wp-json\/wp\/v2\/users\/1"}],"replies":[{"embeddable":true,"href":"https:\/\/hbt-group.com\/de\/wp-json\/wp\/v2\/comments?post=10743"}],"version-history":[{"count":10,"href":"https:\/\/hbt-group.com\/de\/wp-json\/wp\/v2\/pages\/10743\/revisions"}],"predecessor-version":[{"id":10762,"href":"https:\/\/hbt-group.com\/de\/wp-json\/wp\/v2\/pages\/10743\/revisions\/10762"}],"up":[{"embeddable":true,"href":"https:\/\/hbt-group.com\/de\/wp-json\/wp\/v2\/pages\/5096"}],"wp:attachment":[{"href":"https:\/\/hbt-group.com\/de\/wp-json\/wp\/v2\/media?parent=10743"}],"curies":[{"name":"wp","href":"https:\/\/api.w.org\/{rel}","templated":true}]}}