{"id":5082,"date":"2023-06-06T14:48:29","date_gmt":"2023-06-06T12:48:29","guid":{"rendered":"https:\/\/staging.hbt-group.com\/karriere\/ausbildung\/cutting-machine-operator-m-f\/"},"modified":"2024-01-24T13:34:39","modified_gmt":"2024-01-24T12:34:39","slug":"zerspanungsmechaniker-m-w-d","status":"publish","type":"page","link":"https:\/\/hbt-group.com\/de\/karriere\/ausbildung\/zerspanungsmechaniker-m-w-d\/","title":{"rendered":"Zerspanungsmechaniker (m\/w\/d)"},"content":{"rendered":"\t\t<div data-elementor-type=\"wp-page\" data-elementor-id=\"5082\" class=\"elementor elementor-5082 elementor-1037\" data-elementor-post-type=\"page\">\n\t\t\t\t<div class=\"elementor-element elementor-element-4d51999 e-flex e-con-boxed e-con e-parent\" data-id=\"4d51999\" data-element_type=\"container\" data-e-type=\"container\" id=\"content\" data-settings=\"{&quot;jet_parallax_layout_list&quot;:[]}\">\n\t\t\t\t\t<div class=\"e-con-inner\">\n\t\t\t\t<div class=\"elementor-element elementor-element-22685ed9 elementor-widget elementor-widget-heading\" data-id=\"22685ed9\" data-element_type=\"widget\" data-e-type=\"widget\" data-widget_type=\"heading.default\">\n\t\t\t\t<div class=\"elementor-widget-container\">\n\t\t\t\t\t<h1 class=\"elementor-heading-title elementor-size-default\">Zerspanungsmechaniker\/-in<\/h1>\t\t\t\t<\/div>\n\t\t\t\t<\/div>\n\t\t\t\t<div class=\"elementor-element elementor-element-26c26292 elementor-widget elementor-widget-text-editor\" data-id=\"26c26292\" data-element_type=\"widget\" data-e-type=\"widget\" data-widget_type=\"text-editor.default\">\n\t\t\t\t<div class=\"elementor-widget-container\">\n\t\t\t\t\t\t\t\t\t<p><strong>(Ausbildungsdauer 3,5 Jahre)<\/strong><\/p><h2>Aufgaben<\/h2><p>Zerspanungsmechaniker\/-innen fertigen mittels spanender Verfahren wie Drehen, Fr\u00e4sen oder Schleifen, Pr\u00e4zisionsbauteile aus Metall f\u00fcr technische Produkte aller Art. Dies k\u00f6nnen ganz unterschiedliche Bauteile sein \u2013 von der Schraube bis hin zu Hightechteilen f\u00fcr Maschinen. Hierbei arbeitest Du in der Regel mit automatisierten CNC gesteuerten Werkzeugmaschinen wie z. B. Dreh- und Fr\u00e4smaschinen. F\u00fcr diese Maschinen schreibst oder modifizierst Du CNC- Maschinenprogramme. Anschlie\u00dfend spannst Du die Rohteile aus Metall in die Maschinen ein, richtest mit den entsprechenden Werkzeugen (z. B. Drehmei\u00dfel, Fr\u00e4ser oder Bohrer) die Maschine ein, gibst neue Steuerungsprogramme in die CNC-Maschine ein oder rufst bereits fertige ab und setzt nach einem Probelauf den Fertigungsprozess in Gang.<\/p><p>Weil Bohrungen, Aussparungen oder Vertiefungen sich exakt an den vorgeschriebenen Stellen befinden m\u00fcssen, pr\u00fcfst Du immer wieder, ob Ma\u00dfe und Oberfl\u00e4chenqualit\u00e4t der mit \u00e4u\u00dferster Pr\u00e4zision gefertigten Werkst\u00fccke den Vorgaben entsprechen. Bei Abweichungen korrigierst Du die Einstellungen der Maschine, auch wenn es sich nur um wenige hundertstel Millimeter handelt.<\/p><p>Ist das Werkst\u00fcck fertig gestellt, missst Du nach, ob alle Abmessungen mit den Auftragsdaten \u00fcbereinstimmen und \u00fcberpr\u00fcfst die Oberfl\u00e4chenqualit\u00e4t. Treten St\u00f6rungen auf, stellst Du deren Ursachen mit Hilfe geeigneter Pr\u00fcfverfahren und Pr\u00fcfmittel fest und sorgst umgehend f\u00fcr Abhilfe. Du \u00fcbernimmst au\u00dferdem Wartungs- und Inspektionsaufgaben (z. B. Wechsel von K\u00fchlmitteln und Schmierstoffen) an den Maschinen und \u00fcberpr\u00fcfst dabei vor allem mechanische Bauteile.<\/p><h2>Aufgaben im \u00dcberblick:<\/h2><ul><li>CNC-gesteuerte Werkzeugmaschinen oder Fertigungssysteme programmieren<\/li><li>Maschinen und Systeme einrichten, Testl\u00e4ufe durchf\u00fchren<\/li><li>Werkst\u00fccke einspannen, Maschinen in Betrieb nehmen, Fertigungsprozesse \u00fcberwachen<\/li><li>Maschinen und Systeme instandhalten<\/li><li>Qualit\u00e4tskontrollen durchf\u00fchren, dabei Messschieber, Messschrauben, Lehren und Oberfl\u00e4chenmessger\u00e4te verwenden<\/li><li>Arbeiten und Ergebnisse dokumentieren<\/li><\/ul>\t\t\t\t\t\t\t\t<\/div>\n\t\t\t\t<\/div>\n\t\t\t\t\t<\/div>\n\t\t\t\t<\/div>\n\t\t<div class=\"elementor-element elementor-element-2cd24e48 e-flex e-con-boxed e-con e-parent\" data-id=\"2cd24e48\" data-element_type=\"container\" data-e-type=\"container\" data-settings=\"{&quot;background_background&quot;:&quot;classic&quot;,&quot;jet_parallax_layout_list&quot;:[]}\">\n\t\t\t\t\t<div class=\"e-con-inner\">\n\t\t<div class=\"elementor-element elementor-element-15fd7b64 e-con-full e-flex e-con e-child\" data-id=\"15fd7b64\" data-element_type=\"container\" data-e-type=\"container\" data-settings=\"{&quot;jet_parallax_layout_list&quot;:[]}\">\n\t\t\t\t<div class=\"elementor-element elementor-element-19542dd6 elementor-widget elementor-widget-heading\" data-id=\"19542dd6\" data-element_type=\"widget\" data-e-type=\"widget\" data-widget_type=\"heading.default\">\n\t\t\t\t<div class=\"elementor-widget-container\">\n\t\t\t\t\t<h3 class=\"elementor-heading-title elementor-size-default\">Informationen<\/h3>\t\t\t\t<\/div>\n\t\t\t\t<\/div>\n\t\t\t\t<div class=\"elementor-element elementor-element-63620315 elementor-widget elementor-widget-text-editor\" data-id=\"63620315\" data-element_type=\"widget\" data-e-type=\"widget\" data-widget_type=\"text-editor.default\">\n\t\t\t\t<div class=\"elementor-widget-container\">\n\t\t\t\t\t\t\t\t\t<p>Die theoretischen Kenntnisse werden am <strong>Hellweg-Berufskolleg <\/strong>in <strong>Unna <\/strong>oder am <strong>Leopold-Hoesch-Berufskolleg <\/strong>in <strong>Dortmund <\/strong>vermittelt. Bei guten theoretischen und praktischen Leistungen w\u00e4hrend der Ausbildung besteht die M\u00f6glichkeit, die Ausbildungsdauer, um ein halbes Jahr zu verk\u00fcrzen.<\/p>\t\t\t\t\t\t\t\t<\/div>\n\t\t\t\t<\/div>\n\t\t\t\t<\/div>\n\t\t<div class=\"elementor-element elementor-element-7512950f e-con-full e-flex e-con e-child\" data-id=\"7512950f\" data-element_type=\"container\" data-e-type=\"container\" data-settings=\"{&quot;jet_parallax_layout_list&quot;:[]}\">\n\t\t\t\t<div class=\"elementor-element elementor-element-5ad0f67 elementor-widget elementor-widget-heading\" data-id=\"5ad0f67\" data-element_type=\"widget\" data-e-type=\"widget\" data-widget_type=\"heading.default\">\n\t\t\t\t<div class=\"elementor-widget-container\">\n\t\t\t\t\t<h3 class=\"elementor-heading-title elementor-size-default\">Voraussetzungen<\/h3>\t\t\t\t<\/div>\n\t\t\t\t<\/div>\n\t\t\t\t<div class=\"elementor-element elementor-element-6664e74d elementor-widget elementor-widget-text-editor\" data-id=\"6664e74d\" data-element_type=\"widget\" data-e-type=\"widget\" data-widget_type=\"text-editor.default\">\n\t\t\t\t<div class=\"elementor-widget-container\">\n\t\t\t\t\t\t\t\t\t<ul><li>Fachoberschulreife (z. B. Realschulabschluss oder Berufsfachschule f\u00fcr Technik)<\/li><li>technisches Verst\u00e4ndnis<\/li><li>hohes Qualit\u00e4tsbewusstsein<\/li><li>Interesse an Metallbearbeitung mit Maschinen<\/li><\/ul>\t\t\t\t\t\t\t\t<\/div>\n\t\t\t\t<\/div>\n\t\t\t\t<\/div>\n\t\t\t\t\t<\/div>\n\t\t\t\t<\/div>\n\t\t<div class=\"elementor-element elementor-element-45a9da69 e-flex e-con-boxed e-con e-parent\" data-id=\"45a9da69\" data-element_type=\"container\" data-e-type=\"container\" data-settings=\"{&quot;jet_parallax_layout_list&quot;:[]}\">\n\t\t\t\t\t<div class=\"e-con-inner\">\n\t\t\t\t<div class=\"elementor-element elementor-element-7bd9a245 elementor-widget elementor-widget-heading\" data-id=\"7bd9a245\" data-element_type=\"widget\" data-e-type=\"widget\" data-widget_type=\"heading.default\">\n\t\t\t\t<div class=\"elementor-widget-container\">\n\t\t\t\t\t<h2 class=\"elementor-heading-title elementor-size-default\">Weiterbildung<\/h2>\t\t\t\t<\/div>\n\t\t\t\t<\/div>\n\t\t\t\t<div class=\"elementor-element elementor-element-62f65c60 elementor-widget elementor-widget-text-editor\" data-id=\"62f65c60\" data-element_type=\"widget\" data-e-type=\"widget\" data-widget_type=\"text-editor.default\">\n\t\t\t\t<div class=\"elementor-widget-container\">\n\t\t\t\t\t\t\t\t\t<p>Berufliche Aufstiegschancen k\u00f6nnen in diesem Beruf durch Weiterbildung z. B. zum\/r Industriemeister\/-in oder Techniker\/-in erworben werden.<\/p>\t\t\t\t\t\t\t\t<\/div>\n\t\t\t\t<\/div>\n\t\t\t\t\t<\/div>\n\t\t\t\t<\/div>\n\t\t<div class=\"elementor-element elementor-element-7bd473d7 e-con-full e-flex e-con e-parent\" data-id=\"7bd473d7\" data-element_type=\"container\" data-e-type=\"container\" data-settings=\"{&quot;jet_parallax_layout_list&quot;:[]}\">\n\t\t\t\t<div class=\"elementor-element elementor-element-409a9598 elementor-widget elementor-widget-shortcode\" data-id=\"409a9598\" data-element_type=\"widget\" data-e-type=\"widget\" data-widget_type=\"shortcode.default\">\n\t\t\t\t<div class=\"elementor-widget-container\">\n\t\t\t\t\t\t\t<div class=\"elementor-shortcode\">\t\t<div data-elementor-type=\"container\" data-elementor-id=\"1053\" class=\"elementor elementor-1053\" data-elementor-post-type=\"elementor_library\">\n\t\t\t\t<div class=\"elementor-element elementor-element-468ca5cb e-flex e-con-boxed e-con e-parent\" data-id=\"468ca5cb\" data-element_type=\"container\" data-e-type=\"container\" data-settings=\"{&quot;background_background&quot;:&quot;classic&quot;,&quot;jet_parallax_layout_list&quot;:[]}\">\n\t\t\t\t\t<div class=\"e-con-inner\">\n\t\t<div class=\"elementor-element elementor-element-85a9ea4 e-con-full e-flex e-con e-child\" data-id=\"85a9ea4\" data-element_type=\"container\" data-e-type=\"container\" data-settings=\"{&quot;jet_parallax_layout_list&quot;:[]}\">\n\t\t\t\t<div class=\"elementor-element elementor-element-1a95cb12 elementor-widget elementor-widget-heading\" data-id=\"1a95cb12\" data-element_type=\"widget\" data-e-type=\"widget\" data-widget_type=\"heading.default\">\n\t\t\t\t<div class=\"elementor-widget-container\">\n\t\t\t\t\t<h3 class=\"elementor-heading-title elementor-size-default\">Wie bewerbe ich mich?<\/h3>\t\t\t\t<\/div>\n\t\t\t\t<\/div>\n\t\t\t\t<div class=\"elementor-element elementor-element-30de06ba elementor-widget elementor-widget-text-editor\" data-id=\"30de06ba\" data-element_type=\"widget\" data-e-type=\"widget\" data-widget_type=\"text-editor.default\">\n\t\t\t\t<div class=\"elementor-widget-container\">\n\t\t\t\t\t\t\t\t\t<p>Wir ben\u00f6tigen von Dir folgende Bewerbungsunterlagen:<\/p><ul><li>Bewerbungsschreiben<\/li><li>tabellarischer Lebenslauf<\/li><li>Zeugniskopien: Schulabschluss- bzw. letztes Zwischenzeugnis<\/li><\/ul><p>Bitte sende uns <strong>keine <\/strong>Schnellhefter und Bewerbungsmappen.<\/p><p>Uns interessiert aus welchem Grund Du dich gerade auf diesen Ausbildungsplatz bewerben m\u00f6chtest und was Dich daran besonders reizt. Begr\u00fcnde bitte, warum Du der Meinung bist, der\/die geeigneten Bewerber\/-in zu sein: Pers\u00f6nliche Interessen sowie besondere F\u00e4higkeiten und Leistungen sind hier ebenso am richtigen Platz wie auch die Begr\u00fcndung Deiner Ausbildungswahl.<\/p><p>Gestalte Deine Bewerbung so pers\u00f6nlich und engagiert wie m\u00f6glich \u2013 nur so k\u00f6nnen wir uns ein Bild von Dir machen und Deine Chance steigt, im weiteren Bewerbungsverfahren zu einem Gespr\u00e4ch eingeladen zu werden.<\/p>\t\t\t\t\t\t\t\t<\/div>\n\t\t\t\t<\/div>\n\t\t\t\t<\/div>\n\t\t<div class=\"elementor-element elementor-element-58c9461c e-con-full e-flex e-con e-child\" data-id=\"58c9461c\" data-element_type=\"container\" data-e-type=\"container\" data-settings=\"{&quot;jet_parallax_layout_list&quot;:[]}\">\n\t\t\t\t<div class=\"elementor-element elementor-element-42d6658d elementor-widget elementor-widget-heading\" data-id=\"42d6658d\" data-element_type=\"widget\" data-e-type=\"widget\" data-widget_type=\"heading.default\">\n\t\t\t\t<div class=\"elementor-widget-container\">\n\t\t\t\t\t<h3 class=\"elementor-heading-title elementor-size-default\">Wann bewerbe ich mich?<\/h3>\t\t\t\t<\/div>\n\t\t\t\t<\/div>\n\t\t\t\t<div class=\"elementor-element elementor-element-664296db elementor-widget elementor-widget-text-editor\" data-id=\"664296db\" data-element_type=\"widget\" data-e-type=\"widget\" data-widget_type=\"text-editor.default\">\n\t\t\t\t<div class=\"elementor-widget-container\">\n\t\t\t\t\t\t\t\t\t<p>Die Bewerbungsunterlagen solltest Du m\u00f6glichst bis November einreichen (f\u00fcr einen Ausbildungsplatz im Folgejahr). Zun\u00e4chst findet eine Vorauswahl geeigneter Bewerber statt, die anschlie\u00dfend zu einem Einstellungstest eingeladen werden.<\/p><p>Am Jahresende erfolgt die Endauswahl mit Einzelgespr\u00e4chen und einer \u00e4rztlichen Untersuchung. Anschlie\u00dfend schlie\u00dfen wir einen Ausbildungsvertrag ab und reichen diesen bei der IHK zu Dortmund zur Registrierung ein.<\/p>\t\t\t\t\t\t\t\t<\/div>\n\t\t\t\t<\/div>\n\t\t\t\t<div class=\"elementor-element elementor-element-33da4fd4 elementor-widget elementor-widget-heading\" data-id=\"33da4fd4\" data-element_type=\"widget\" data-e-type=\"widget\" data-widget_type=\"heading.default\">\n\t\t\t\t<div class=\"elementor-widget-container\">\n\t\t\t\t\t<h3 class=\"elementor-heading-title elementor-size-default\">An wen richte ich meine Bewerbung?<\/h3>\t\t\t\t<\/div>\n\t\t\t\t<\/div>\n\t\t\t\t<div class=\"elementor-element elementor-element-9e37485 elementor-widget elementor-widget-text-editor\" data-id=\"9e37485\" data-element_type=\"widget\" data-e-type=\"widget\" data-widget_type=\"text-editor.default\">\n\t\t\t\t<div class=\"elementor-widget-container\">\n\t\t\t\t\t\t\t\t\t<p>Deine Bewerbung f\u00fcr eine Ausbildung in L\u00fcnen schicke bitte an: <strong>ausbildung@hbt-group.com<\/strong><\/p><p>Ansprechpartner in allen Fragen rund um das Thema Ausbildung bei der HBT GmbH ist:<\/p><p>Ms Vanessa Eirich<br \/>HBT GmbH<br \/>Industriestrasse 1<br \/>44534 L\u00fcnen<\/p><p>Mobile: +49 173 244 03 22<br \/>Phone: +49 2306 747-1137<br \/>E-mail: vanessa.eirich@hbt-group.com<\/p>\t\t\t\t\t\t\t\t<\/div>\n\t\t\t\t<\/div>\n\t\t\t\t<\/div>\n\t\t\t\t\t<\/div>\n\t\t\t\t<\/div>\n\t\t\t\t<\/div>\n\t\t<\/div>\n\t\t\t\t\t\t<\/div>\n\t\t\t\t<\/div>\n\t\t\t\t<\/div>\n\t\t\t\t<\/div>\n\t\t","protected":false},"excerpt":{"rendered":"<p>Zerspanungsmechaniker\/-in (Ausbildungsdauer 3,5 Jahre) Aufgaben Zerspanungsmechaniker\/-innen fertigen mittels spanender Verfahren wie Drehen, Fr\u00e4sen oder Schleifen, Pr\u00e4zisionsbauteile aus Metall f\u00fcr technische Produkte aller Art. Dies k\u00f6nnen ganz unterschiedliche Bauteile sein \u2013 von der Schraube bis hin zu Hightechteilen f\u00fcr Maschinen. Hierbei arbeitest Du in der Regel mit automatisierten CNC gesteuerten Werkzeugmaschinen wie z. B. Dreh- und [&hellip;]<\/p>\n","protected":false},"author":1,"featured_media":0,"parent":2170,"menu_order":0,"comment_status":"closed","ping_status":"closed","template":"elementor_header_footer","meta":{"footnotes":""},"class_list":["post-5082","page","type-page","status-publish","hentry"],"_links":{"self":[{"href":"https:\/\/hbt-group.com\/de\/wp-json\/wp\/v2\/pages\/5082","targetHints":{"allow":["GET"]}}],"collection":[{"href":"https:\/\/hbt-group.com\/de\/wp-json\/wp\/v2\/pages"}],"about":[{"href":"https:\/\/hbt-group.com\/de\/wp-json\/wp\/v2\/types\/page"}],"author":[{"embeddable":true,"href":"https:\/\/hbt-group.com\/de\/wp-json\/wp\/v2\/users\/1"}],"replies":[{"embeddable":true,"href":"https:\/\/hbt-group.com\/de\/wp-json\/wp\/v2\/comments?post=5082"}],"version-history":[{"count":7,"href":"https:\/\/hbt-group.com\/de\/wp-json\/wp\/v2\/pages\/5082\/revisions"}],"predecessor-version":[{"id":8359,"href":"https:\/\/hbt-group.com\/de\/wp-json\/wp\/v2\/pages\/5082\/revisions\/8359"}],"up":[{"embeddable":true,"href":"https:\/\/hbt-group.com\/de\/wp-json\/wp\/v2\/pages\/2170"}],"wp:attachment":[{"href":"https:\/\/hbt-group.com\/de\/wp-json\/wp\/v2\/media?parent=5082"}],"curies":[{"name":"wp","href":"https:\/\/api.w.org\/{rel}","templated":true}]}}