{"id":5084,"date":"2023-06-06T14:43:59","date_gmt":"2023-06-06T12:43:59","guid":{"rendered":"https:\/\/staging.hbt-group.com\/karriere\/ausbildung\/industrial-clerk-m-f\/"},"modified":"2023-12-19T17:40:57","modified_gmt":"2023-12-19T16:40:57","slug":"industriekaufmann-m-w-d","status":"publish","type":"page","link":"https:\/\/hbt-group.com\/de\/karriere\/ausbildung\/industriekaufmann-m-w-d\/","title":{"rendered":"Industriekaufmann (m\/w\/d)"},"content":{"rendered":"\t\t<div data-elementor-type=\"wp-page\" data-elementor-id=\"5084\" class=\"elementor elementor-5084 elementor-1025\" data-elementor-post-type=\"page\">\n\t\t\t\t<div class=\"elementor-element elementor-element-460fc1a4 e-flex e-con-boxed e-con e-parent\" data-id=\"460fc1a4\" data-element_type=\"container\" data-e-type=\"container\" id=\"content\" data-settings=\"{&quot;jet_parallax_layout_list&quot;:[]}\">\n\t\t\t\t\t<div class=\"e-con-inner\">\n\t\t\t\t<div class=\"elementor-element elementor-element-77328cf5 elementor-widget elementor-widget-heading\" data-id=\"77328cf5\" data-element_type=\"widget\" data-e-type=\"widget\" data-widget_type=\"heading.default\">\n\t\t\t\t<div class=\"elementor-widget-container\">\n\t\t\t\t\t<h1 class=\"elementor-heading-title elementor-size-default\">Industriekaufmann\/-frau<\/h1>\t\t\t\t<\/div>\n\t\t\t\t<\/div>\n\t\t\t\t<div class=\"elementor-element elementor-element-3e5dd4b elementor-widget elementor-widget-text-editor\" data-id=\"3e5dd4b\" data-element_type=\"widget\" data-e-type=\"widget\" data-widget_type=\"text-editor.default\">\n\t\t\t\t<div class=\"elementor-widget-container\">\n\t\t\t\t\t\t\t\t\t<p><strong>(Ausbildungsdauer 3,5 Jahre)<\/strong><\/p><h2>Aufgaben<\/h2><p>Industriekaufleute unterst\u00fctzen s\u00e4mtliche Unternehmensprozesse aus betriebswirtschaftlicher Sicht\u2013 von der Auftragsanbahnung bis zum Kundenservice nach der Auslieferung unserer Maschinen und Anlagen. W\u00e4hrend der Ausbildung \u00fcbernimmst Du in den folgenden Unternehmensbereichen verschiedenste Aufgaben:<\/p><ul><li><strong> Materialwirtschaft \/ Einkauf<\/strong><\/li><li><strong> Leistungserstellung (Produktion)<\/strong><\/li><li><strong> Vertrieb \/ Marketing<\/strong><\/li><li><strong> Finanz- und Rechnungswesen<\/strong><\/li><li><strong> Personalwesen<\/strong><\/li><\/ul><p>In der <strong>Materialwirtschaft <\/strong>vergleichst Du u. a. Angebote, verhandeln mit Lieferanten \u00fcber Eink\u00e4ufe, \u00fcberwachst Liefertermine, \u00fcberpr\u00fcfst die Qualit\u00e4t der eingetroffenen Materialien und reklamierst ggf. Warenm\u00e4ngel. Dann sorgst Du daf\u00fcr, dass die Materialien fachgerecht gelagert und termingerecht f\u00fcr die Produktion bereitgestellt werden.<\/p><p>Im Rahmen des <strong>Produktionsprozesses <\/strong>legst Du Fertigungsschritte fest, planst die Belegung der Maschinen sowie die Bereitstellung von Personal und Material. Somit tr\u00e4gst Du zur termingerechten Erstellung der Produkte bei.<\/p><p>Anfragen von potenziellen Kunden pr\u00fcfen, Angebotspreise kalkulieren, Angebote unter Ber\u00fccksichtigung von Liefer- und Zahlungsbedingungen erstellen, Auftr\u00e4ge \u00fcberwachen, Produkte versenden und die dazugeh\u00f6rigen Fracht- und Zollpapiere sowie Rechnungen ausstellen geh\u00f6ren im <strong>Verkauf <\/strong>zu Deinem Zust\u00e4ndigkeitsbereich. Au\u00dferdem bearbeitest Du Reklamationen und Schadensf\u00e4lle. Eingangsrechnungen kontrollieren, Zahlungen veranlassen, Gesch\u00e4ftsvorg\u00e4nge buchen, Kostenrechnungen durchf\u00fchren, Jahresabschl\u00fcsse erstellen, Statistiken anfertigen sowie Kennzahlen zur Darstellung des betrieblichen Erfolges ermitteln und auswerten geh\u00f6ren zum Aufgabenbereich des <strong>Finanz- und <\/strong><strong>Rechnungswesens<\/strong>.<\/p><p>Im <strong>Personalwesen <\/strong>wirkst Du bei Einstellungen und Entlassungen mit, f\u00fchrst Entgeltabrechnungen durch und erstellst Statistiken. Au\u00dferdem planst und organisierst Du Aus- und Weiterbildungsma\u00dfnahmen.<\/p>\t\t\t\t\t\t\t\t<\/div>\n\t\t\t\t<\/div>\n\t\t\t\t\t<\/div>\n\t\t\t\t<\/div>\n\t\t<div class=\"elementor-element elementor-element-5e28162a e-flex e-con-boxed e-con e-parent\" data-id=\"5e28162a\" data-element_type=\"container\" data-e-type=\"container\" data-settings=\"{&quot;background_background&quot;:&quot;classic&quot;,&quot;jet_parallax_layout_list&quot;:[]}\">\n\t\t\t\t\t<div class=\"e-con-inner\">\n\t\t<div class=\"elementor-element elementor-element-4fd31b53 e-con-full e-flex e-con e-child\" data-id=\"4fd31b53\" data-element_type=\"container\" data-e-type=\"container\" data-settings=\"{&quot;jet_parallax_layout_list&quot;:[]}\">\n\t\t\t\t<div class=\"elementor-element elementor-element-1db97574 elementor-widget elementor-widget-heading\" data-id=\"1db97574\" data-element_type=\"widget\" data-e-type=\"widget\" data-widget_type=\"heading.default\">\n\t\t\t\t<div class=\"elementor-widget-container\">\n\t\t\t\t\t<h3 class=\"elementor-heading-title elementor-size-default\">Informationen<\/h3>\t\t\t\t<\/div>\n\t\t\t\t<\/div>\n\t\t\t\t<div class=\"elementor-element elementor-element-29b2d9d9 elementor-widget elementor-widget-text-editor\" data-id=\"29b2d9d9\" data-element_type=\"widget\" data-e-type=\"widget\" data-widget_type=\"text-editor.default\">\n\t\t\t\t<div class=\"elementor-widget-container\">\n\t\t\t\t\t\t\t\t\t<p>Die theoretischen Kenntnisse werden am <strong>Lippe-Berufskolleg <\/strong>in <strong>L\u00fcnen <\/strong>vermittelt. Bei guten theoretischen und praktischen Leistungen w\u00e4hrend der Ausbildung besteht die M\u00f6glichkeit, die Ausbildungsdauer um max. ein Jahr zu verk\u00fcrzen.<\/p>\t\t\t\t\t\t\t\t<\/div>\n\t\t\t\t<\/div>\n\t\t\t\t<\/div>\n\t\t<div class=\"elementor-element elementor-element-1d5174fb e-con-full e-flex e-con e-child\" data-id=\"1d5174fb\" data-element_type=\"container\" data-e-type=\"container\" data-settings=\"{&quot;jet_parallax_layout_list&quot;:[]}\">\n\t\t\t\t<div class=\"elementor-element elementor-element-20a81e55 elementor-widget elementor-widget-heading\" data-id=\"20a81e55\" data-element_type=\"widget\" data-e-type=\"widget\" data-widget_type=\"heading.default\">\n\t\t\t\t<div class=\"elementor-widget-container\">\n\t\t\t\t\t<h3 class=\"elementor-heading-title elementor-size-default\">Voraussetzungen<\/h3>\t\t\t\t<\/div>\n\t\t\t\t<\/div>\n\t\t\t\t<div class=\"elementor-element elementor-element-1e349236 elementor-widget elementor-widget-text-editor\" data-id=\"1e349236\" data-element_type=\"widget\" data-e-type=\"widget\" data-widget_type=\"text-editor.default\">\n\t\t\t\t<div class=\"elementor-widget-container\">\n\t\t\t\t\t\t\t\t\t<ul><li>Allgemeine Hochschulreife oder Fachhochschulreife (z. B. kaufm. Assistent\/-in \u2013 Fachrichtung Informationsverarbeitung bzw. Fremdsprachen oder techn. Assistent\/-in f\u00fcr Betriebsinformatik)<\/li><li>Gute Englischkenntnisse sind von Vorteil<\/li><li>Teamf\u00e4higkeit<\/li><\/ul>\t\t\t\t\t\t\t\t<\/div>\n\t\t\t\t<\/div>\n\t\t\t\t<\/div>\n\t\t\t\t\t<\/div>\n\t\t\t\t<\/div>\n\t\t<div class=\"elementor-element elementor-element-c48828a e-flex e-con-boxed e-con e-parent\" data-id=\"c48828a\" data-element_type=\"container\" data-e-type=\"container\" data-settings=\"{&quot;jet_parallax_layout_list&quot;:[]}\">\n\t\t\t\t\t<div class=\"e-con-inner\">\n\t\t\t\t<div class=\"elementor-element elementor-element-44149812 elementor-widget elementor-widget-heading\" data-id=\"44149812\" data-element_type=\"widget\" data-e-type=\"widget\" data-widget_type=\"heading.default\">\n\t\t\t\t<div class=\"elementor-widget-container\">\n\t\t\t\t\t<h2 class=\"elementor-heading-title elementor-size-default\">Weiterbildung<\/h2>\t\t\t\t<\/div>\n\t\t\t\t<\/div>\n\t\t\t\t<div class=\"elementor-element elementor-element-29a5a6a0 elementor-widget elementor-widget-text-editor\" data-id=\"29a5a6a0\" data-element_type=\"widget\" data-e-type=\"widget\" data-widget_type=\"text-editor.default\">\n\t\t\t\t<div class=\"elementor-widget-container\">\n\t\t\t\t\t\t\t\t\t<p>Wer beruflich vorankommen will und leitende Positionen anstrebt kann eine Aufstiegsweiterbildung ins Auge fassen. Dies kann z. B. eine Weiterbildung bei der IHK zum\/zur (Personal-) Fachkaufmann\/-frau oder (Industrie-) Fachwirt\/-in sein. Dar\u00fcber hinaus kann man auch ein (berufsbegleitendes) Studium in Betracht ziehen.<\/p>\t\t\t\t\t\t\t\t<\/div>\n\t\t\t\t<\/div>\n\t\t\t\t\t<\/div>\n\t\t\t\t<\/div>\n\t\t<div class=\"elementor-element elementor-element-bd1b89a e-con-full e-flex e-con e-parent\" data-id=\"bd1b89a\" data-element_type=\"container\" data-e-type=\"container\" data-settings=\"{&quot;jet_parallax_layout_list&quot;:[]}\">\n\t\t\t\t<div class=\"elementor-element elementor-element-2f84cf27 elementor-widget elementor-widget-shortcode\" data-id=\"2f84cf27\" data-element_type=\"widget\" data-e-type=\"widget\" data-widget_type=\"shortcode.default\">\n\t\t\t\t<div class=\"elementor-widget-container\">\n\t\t\t\t\t\t\t<div class=\"elementor-shortcode\">\t\t<div data-elementor-type=\"container\" data-elementor-id=\"1053\" class=\"elementor elementor-1053\" data-elementor-post-type=\"elementor_library\">\n\t\t\t\t<div class=\"elementor-element elementor-element-468ca5cb e-flex e-con-boxed e-con e-parent\" data-id=\"468ca5cb\" data-element_type=\"container\" data-e-type=\"container\" data-settings=\"{&quot;background_background&quot;:&quot;classic&quot;,&quot;jet_parallax_layout_list&quot;:[]}\">\n\t\t\t\t\t<div class=\"e-con-inner\">\n\t\t<div class=\"elementor-element elementor-element-85a9ea4 e-con-full e-flex e-con e-child\" data-id=\"85a9ea4\" data-element_type=\"container\" data-e-type=\"container\" data-settings=\"{&quot;jet_parallax_layout_list&quot;:[]}\">\n\t\t\t\t<div class=\"elementor-element elementor-element-1a95cb12 elementor-widget elementor-widget-heading\" data-id=\"1a95cb12\" data-element_type=\"widget\" data-e-type=\"widget\" data-widget_type=\"heading.default\">\n\t\t\t\t<div class=\"elementor-widget-container\">\n\t\t\t\t\t<h3 class=\"elementor-heading-title elementor-size-default\">Wie bewerbe ich mich?<\/h3>\t\t\t\t<\/div>\n\t\t\t\t<\/div>\n\t\t\t\t<div class=\"elementor-element elementor-element-30de06ba elementor-widget elementor-widget-text-editor\" data-id=\"30de06ba\" data-element_type=\"widget\" data-e-type=\"widget\" data-widget_type=\"text-editor.default\">\n\t\t\t\t<div class=\"elementor-widget-container\">\n\t\t\t\t\t\t\t\t\t<p>Wir ben\u00f6tigen von Dir folgende Bewerbungsunterlagen:<\/p><ul><li>Bewerbungsschreiben<\/li><li>tabellarischer Lebenslauf<\/li><li>Zeugniskopien: Schulabschluss- bzw. letztes Zwischenzeugnis<\/li><\/ul><p>Bitte sende uns <strong>keine <\/strong>Schnellhefter und Bewerbungsmappen.<\/p><p>Uns interessiert aus welchem Grund Du dich gerade auf diesen Ausbildungsplatz bewerben m\u00f6chtest und was Dich daran besonders reizt. Begr\u00fcnde bitte, warum Du der Meinung bist, der\/die geeigneten Bewerber\/-in zu sein: Pers\u00f6nliche Interessen sowie besondere F\u00e4higkeiten und Leistungen sind hier ebenso am richtigen Platz wie auch die Begr\u00fcndung Deiner Ausbildungswahl.<\/p><p>Gestalte Deine Bewerbung so pers\u00f6nlich und engagiert wie m\u00f6glich \u2013 nur so k\u00f6nnen wir uns ein Bild von Dir machen und Deine Chance steigt, im weiteren Bewerbungsverfahren zu einem Gespr\u00e4ch eingeladen zu werden.<\/p>\t\t\t\t\t\t\t\t<\/div>\n\t\t\t\t<\/div>\n\t\t\t\t<\/div>\n\t\t<div class=\"elementor-element elementor-element-58c9461c e-con-full e-flex e-con e-child\" data-id=\"58c9461c\" data-element_type=\"container\" data-e-type=\"container\" data-settings=\"{&quot;jet_parallax_layout_list&quot;:[]}\">\n\t\t\t\t<div class=\"elementor-element elementor-element-42d6658d elementor-widget elementor-widget-heading\" data-id=\"42d6658d\" data-element_type=\"widget\" data-e-type=\"widget\" data-widget_type=\"heading.default\">\n\t\t\t\t<div class=\"elementor-widget-container\">\n\t\t\t\t\t<h3 class=\"elementor-heading-title elementor-size-default\">Wann bewerbe ich mich?<\/h3>\t\t\t\t<\/div>\n\t\t\t\t<\/div>\n\t\t\t\t<div class=\"elementor-element elementor-element-664296db elementor-widget elementor-widget-text-editor\" data-id=\"664296db\" data-element_type=\"widget\" data-e-type=\"widget\" data-widget_type=\"text-editor.default\">\n\t\t\t\t<div class=\"elementor-widget-container\">\n\t\t\t\t\t\t\t\t\t<p>Die Bewerbungsunterlagen solltest Du m\u00f6glichst bis November einreichen (f\u00fcr einen Ausbildungsplatz im Folgejahr). Zun\u00e4chst findet eine Vorauswahl geeigneter Bewerber statt, die anschlie\u00dfend zu einem Einstellungstest eingeladen werden.<\/p><p>Am Jahresende erfolgt die Endauswahl mit Einzelgespr\u00e4chen und einer \u00e4rztlichen Untersuchung. Anschlie\u00dfend schlie\u00dfen wir einen Ausbildungsvertrag ab und reichen diesen bei der IHK zu Dortmund zur Registrierung ein.<\/p>\t\t\t\t\t\t\t\t<\/div>\n\t\t\t\t<\/div>\n\t\t\t\t<div class=\"elementor-element elementor-element-33da4fd4 elementor-widget elementor-widget-heading\" data-id=\"33da4fd4\" data-element_type=\"widget\" data-e-type=\"widget\" data-widget_type=\"heading.default\">\n\t\t\t\t<div class=\"elementor-widget-container\">\n\t\t\t\t\t<h3 class=\"elementor-heading-title elementor-size-default\">An wen richte ich meine Bewerbung?<\/h3>\t\t\t\t<\/div>\n\t\t\t\t<\/div>\n\t\t\t\t<div class=\"elementor-element elementor-element-9e37485 elementor-widget elementor-widget-text-editor\" data-id=\"9e37485\" data-element_type=\"widget\" data-e-type=\"widget\" data-widget_type=\"text-editor.default\">\n\t\t\t\t<div class=\"elementor-widget-container\">\n\t\t\t\t\t\t\t\t\t<p>Deine Bewerbung f\u00fcr eine Ausbildung in L\u00fcnen schicke bitte an: <strong>ausbildung@hbt-group.com<\/strong><\/p><p>Ansprechpartner in allen Fragen rund um das Thema Ausbildung bei der HBT GmbH ist:<\/p><p>Ms Vanessa Eirich<br \/>HBT GmbH<br \/>Industriestrasse 1<br \/>44534 L\u00fcnen<\/p><p>Mobile: +49 173 244 03 22<br \/>Phone: +49 2306 747-1137<br \/>E-mail: vanessa.eirich@hbt-group.com<\/p>\t\t\t\t\t\t\t\t<\/div>\n\t\t\t\t<\/div>\n\t\t\t\t<\/div>\n\t\t\t\t\t<\/div>\n\t\t\t\t<\/div>\n\t\t\t\t<\/div>\n\t\t<\/div>\n\t\t\t\t\t\t<\/div>\n\t\t\t\t<\/div>\n\t\t\t\t<\/div>\n\t\t\t\t<\/div>\n\t\t","protected":false},"excerpt":{"rendered":"<p>Industriekaufmann\/-frau (Ausbildungsdauer 3,5 Jahre) Aufgaben Industriekaufleute unterst\u00fctzen s\u00e4mtliche Unternehmensprozesse aus betriebswirtschaftlicher Sicht\u2013 von der Auftragsanbahnung bis zum Kundenservice nach der Auslieferung unserer Maschinen und Anlagen. W\u00e4hrend der Ausbildung \u00fcbernimmst Du in den folgenden Unternehmensbereichen verschiedenste Aufgaben: Materialwirtschaft \/ Einkauf Leistungserstellung (Produktion) Vertrieb \/ Marketing Finanz- und Rechnungswesen Personalwesen In der Materialwirtschaft vergleichst Du u. a. [&hellip;]<\/p>\n","protected":false},"author":1,"featured_media":0,"parent":2170,"menu_order":0,"comment_status":"closed","ping_status":"closed","template":"elementor_header_footer","meta":{"footnotes":""},"class_list":["post-5084","page","type-page","status-publish","hentry"],"_links":{"self":[{"href":"https:\/\/hbt-group.com\/de\/wp-json\/wp\/v2\/pages\/5084","targetHints":{"allow":["GET"]}}],"collection":[{"href":"https:\/\/hbt-group.com\/de\/wp-json\/wp\/v2\/pages"}],"about":[{"href":"https:\/\/hbt-group.com\/de\/wp-json\/wp\/v2\/types\/page"}],"author":[{"embeddable":true,"href":"https:\/\/hbt-group.com\/de\/wp-json\/wp\/v2\/users\/1"}],"replies":[{"embeddable":true,"href":"https:\/\/hbt-group.com\/de\/wp-json\/wp\/v2\/comments?post=5084"}],"version-history":[{"count":4,"href":"https:\/\/hbt-group.com\/de\/wp-json\/wp\/v2\/pages\/5084\/revisions"}],"predecessor-version":[{"id":8156,"href":"https:\/\/hbt-group.com\/de\/wp-json\/wp\/v2\/pages\/5084\/revisions\/8156"}],"up":[{"embeddable":true,"href":"https:\/\/hbt-group.com\/de\/wp-json\/wp\/v2\/pages\/2170"}],"wp:attachment":[{"href":"https:\/\/hbt-group.com\/de\/wp-json\/wp\/v2\/media?parent=5084"}],"curies":[{"name":"wp","href":"https:\/\/api.w.org\/{rel}","templated":true}]}}