{"id":5085,"date":"2023-06-06T14:45:42","date_gmt":"2023-06-06T12:45:42","guid":{"rendered":"https:\/\/staging.hbt-group.com\/karriere\/ausbildung\/industrial-mechanic-m-f\/"},"modified":"2023-09-26T13:45:59","modified_gmt":"2023-09-26T11:45:59","slug":"industrie-mechaniker-m-w-d","status":"publish","type":"page","link":"https:\/\/hbt-group.com\/de\/karriere\/ausbildung\/industrie-mechaniker-m-w-d\/","title":{"rendered":"Industrie Mechaniker (m\/w\/d)"},"content":{"rendered":"\t\t<div data-elementor-type=\"wp-page\" data-elementor-id=\"5085\" class=\"elementor elementor-5085 elementor-1029\" data-elementor-post-type=\"page\">\n\t\t\t\t<div class=\"elementor-element elementor-element-4b321fa7 e-flex e-con-boxed e-con e-parent\" data-id=\"4b321fa7\" data-element_type=\"container\" data-e-type=\"container\" id=\"content\" data-settings=\"{&quot;jet_parallax_layout_list&quot;:[]}\">\n\t\t\t\t\t<div class=\"e-con-inner\">\n\t\t\t\t<div class=\"elementor-element elementor-element-76f2f62f elementor-widget elementor-widget-heading\" data-id=\"76f2f62f\" data-element_type=\"widget\" data-e-type=\"widget\" data-widget_type=\"heading.default\">\n\t\t\t\t<div class=\"elementor-widget-container\">\n\t\t\t\t\t<h1 class=\"elementor-heading-title elementor-size-default\">Industriemechaniker\/-in<\/h1>\t\t\t\t<\/div>\n\t\t\t\t<\/div>\n\t\t\t\t<div class=\"elementor-element elementor-element-66df903d elementor-widget elementor-widget-text-editor\" data-id=\"66df903d\" data-element_type=\"widget\" data-e-type=\"widget\" data-widget_type=\"text-editor.default\">\n\t\t\t\t<div class=\"elementor-widget-container\">\n\t\t\t\t\t\t\t\t\t<p><strong>(Ausbildungsdauer 3,5 Jahre)<\/strong><\/p><h2>Aufgaben im \u00dcberblick:<\/h2><ul><li>Arbeitsaufgaben im Team planen und vorbereiten<\/li><li>Arbeit mit vor- und nachgelagerten Bereichen im Betrieb abstimmen<\/li><li>Projekt- und Aufgabenbeschreibungen erstellen<\/li><li>Technische Unterlagen auswerten und Montageanleitungen anfertigen<\/li><li>Maschinen, Ger\u00e4te und Produktionsanlagen herstellen, warten oder reparieren<\/li><li>Ger\u00e4te und Maschinenbauteile herstellen und bearbeiten<\/li><li>Baugruppen zu Maschinen und technischen Systemenmontieren; Maschinenfunktionen einstellen und pr\u00fcfen<\/li><li>Maschinen und Systeme einrichten, in Betrieb nehmen und Produktionsablauf kontrollieren<\/li><li>Defekte Maschinen und Systeme reparieren und instandsetzen, ggf. Reparatur veranlassen; Ersatzteile beschaffenoder selbst anfertigen<\/li><\/ul>\t\t\t\t\t\t\t\t<\/div>\n\t\t\t\t<\/div>\n\t\t\t\t\t<\/div>\n\t\t\t\t<\/div>\n\t\t<div class=\"elementor-element elementor-element-50f41a8b e-flex e-con-boxed e-con e-parent\" data-id=\"50f41a8b\" data-element_type=\"container\" data-e-type=\"container\" data-settings=\"{&quot;background_background&quot;:&quot;classic&quot;,&quot;jet_parallax_layout_list&quot;:[]}\">\n\t\t\t\t\t<div class=\"e-con-inner\">\n\t\t<div class=\"elementor-element elementor-element-265a3df8 e-con-full e-flex e-con e-parent\" data-id=\"265a3df8\" data-element_type=\"container\" data-e-type=\"container\" data-settings=\"{&quot;jet_parallax_layout_list&quot;:[]}\">\n\t\t\t\t<div class=\"elementor-element elementor-element-8a41423 elementor-widget elementor-widget-heading\" data-id=\"8a41423\" data-element_type=\"widget\" data-e-type=\"widget\" data-widget_type=\"heading.default\">\n\t\t\t\t<div class=\"elementor-widget-container\">\n\t\t\t\t\t<h3 class=\"elementor-heading-title elementor-size-default\">Aufgaben<\/h3>\t\t\t\t<\/div>\n\t\t\t\t<\/div>\n\t\t\t\t<div class=\"elementor-element elementor-element-50ee81ef elementor-widget elementor-widget-text-editor\" data-id=\"50ee81ef\" data-element_type=\"widget\" data-e-type=\"widget\" data-widget_type=\"text-editor.default\">\n\t\t\t\t<div class=\"elementor-widget-container\">\n\t\t\t\t\t\t\t\t\t<p>Industriemechaniker\/-innen sind in der Produktion und Instandhaltung t\u00e4tig und sorgen f\u00fcr die Betriebsbereitschaft der Maschinen und Fertigungsanlagen. Sie richten diese ein und pr\u00fcfen ihre Funktionen. Sie ermitteln St\u00f6rungsursachen, bestellen passende Ersatzteile oder fertigen sie selbst an und f\u00fchren die entsprechenden Reparaturen durch.<\/p><p>Wenn Industriemechaniker in der Fertigung von Maschinen und Anlagen arbeiten, stellen sie vor allem Bauteile aus Metall her und montieren diese zu kompletten Anlagen. Die Demontage und Reparatur von defekten Baugruppen oder Einzelteilen geh\u00f6ren ebenso zu ihrem Einsatzgebiet. Dabei arbeiten sie oft im Team. Mit Techniken wie Drehen, Fr\u00e4sen, Bohren, Schleifen und den verschiedenen F\u00fcgetechniken (z. B. Schwei\u00dfen oder Verschrauben) sind sie ebenso vertraut wie mit dem Montieren und Justieren von Bauteilen.<\/p>\t\t\t\t\t\t\t\t<\/div>\n\t\t\t\t<\/div>\n\t\t\t\t<\/div>\n\t\t<div class=\"elementor-element elementor-element-307e8f4a e-con-full e-flex e-con e-parent\" data-id=\"307e8f4a\" data-element_type=\"container\" data-e-type=\"container\" data-settings=\"{&quot;jet_parallax_layout_list&quot;:[]}\">\n\t\t\t\t<div class=\"elementor-element elementor-element-1a0abdb elementor-widget elementor-widget-heading\" data-id=\"1a0abdb\" data-element_type=\"widget\" data-e-type=\"widget\" data-widget_type=\"heading.default\">\n\t\t\t\t<div class=\"elementor-widget-container\">\n\t\t\t\t\t<h3 class=\"elementor-heading-title elementor-size-default\">Informationen<\/h3>\t\t\t\t<\/div>\n\t\t\t\t<\/div>\n\t\t\t\t<div class=\"elementor-element elementor-element-26e3161 elementor-widget elementor-widget-text-editor\" data-id=\"26e3161\" data-element_type=\"widget\" data-e-type=\"widget\" data-widget_type=\"text-editor.default\">\n\t\t\t\t<div class=\"elementor-widget-container\">\n\t\t\t\t\t\t\t\t\t<p>Die theoretischen Kenntnisse werden am <strong>Freiherr-vom-Stein-<\/strong><strong>Berufskolleg <\/strong>in <strong>Werne <\/strong>vermittelt. Bei guten theoretischen und praktischen Leistungen w\u00e4hrend der Ausbildung besteht die M\u00f6glichkeit, die Ausbildungsdauer um ein halbes Jahr zu verk\u00fcrzen.<\/p>\t\t\t\t\t\t\t\t<\/div>\n\t\t\t\t<\/div>\n\t\t\t\t<div class=\"elementor-element elementor-element-36534a67 elementor-widget elementor-widget-heading\" data-id=\"36534a67\" data-element_type=\"widget\" data-e-type=\"widget\" data-widget_type=\"heading.default\">\n\t\t\t\t<div class=\"elementor-widget-container\">\n\t\t\t\t\t<h3 class=\"elementor-heading-title elementor-size-default\">Voraussetzungen<\/h3>\t\t\t\t<\/div>\n\t\t\t\t<\/div>\n\t\t\t\t<div class=\"elementor-element elementor-element-c1d6cee elementor-widget elementor-widget-text-editor\" data-id=\"c1d6cee\" data-element_type=\"widget\" data-e-type=\"widget\" data-widget_type=\"text-editor.default\">\n\t\t\t\t<div class=\"elementor-widget-container\">\n\t\t\t\t\t\t\t\t\t<ul><li>Fachoberschulreife (z. B. Realschulabschluss oder Berufsfachschule f\u00fcr Technik)<\/li><li>Teamf\u00e4higkeit<\/li><li>handwerkliches Geschick<\/li><li>Verst\u00e4ndnis f\u00fcr technische und physikalische Vorg\u00e4nge<\/li><\/ul>\t\t\t\t\t\t\t\t<\/div>\n\t\t\t\t<\/div>\n\t\t\t\t<\/div>\n\t\t\t\t\t<\/div>\n\t\t\t\t<\/div>\n\t\t<div class=\"elementor-element elementor-element-3b731452 e-flex e-con-boxed e-con e-parent\" data-id=\"3b731452\" data-element_type=\"container\" data-e-type=\"container\" data-settings=\"{&quot;jet_parallax_layout_list&quot;:[]}\">\n\t\t\t\t\t<div class=\"e-con-inner\">\n\t\t\t\t<div class=\"elementor-element elementor-element-76b541a0 elementor-widget elementor-widget-heading\" data-id=\"76b541a0\" data-element_type=\"widget\" data-e-type=\"widget\" data-widget_type=\"heading.default\">\n\t\t\t\t<div class=\"elementor-widget-container\">\n\t\t\t\t\t<h2 class=\"elementor-heading-title elementor-size-default\">Weiterbildung<\/h2>\t\t\t\t<\/div>\n\t\t\t\t<\/div>\n\t\t\t\t<div class=\"elementor-element elementor-element-67c3d155 elementor-widget elementor-widget-text-editor\" data-id=\"67c3d155\" data-element_type=\"widget\" data-e-type=\"widget\" data-widget_type=\"text-editor.default\">\n\t\t\t\t<div class=\"elementor-widget-container\">\n\t\t\t\t\t\t\t\t\t<p>Wer beruflich vorankommen will und leitende Positionen anstrebt kann eine Aufstiegsweiterbildung ins Auge fassen. Dies kann z. B. eine Weiterbildung als Industriemeister\/-in oder Techniker\/-in sein.<\/p>\t\t\t\t\t\t\t\t<\/div>\n\t\t\t\t<\/div>\n\t\t\t\t\t<\/div>\n\t\t\t\t<\/div>\n\t\t<div class=\"elementor-element elementor-element-7b0de72c e-con-full e-flex e-con e-parent\" data-id=\"7b0de72c\" data-element_type=\"container\" data-e-type=\"container\" data-settings=\"{&quot;jet_parallax_layout_list&quot;:[]}\">\n\t\t\t\t<div class=\"elementor-element elementor-element-7272a256 elementor-widget elementor-widget-shortcode\" data-id=\"7272a256\" data-element_type=\"widget\" data-e-type=\"widget\" data-widget_type=\"shortcode.default\">\n\t\t\t\t<div class=\"elementor-widget-container\">\n\t\t\t\t\t\t\t<div class=\"elementor-shortcode\">\t\t<div data-elementor-type=\"container\" data-elementor-id=\"1053\" class=\"elementor elementor-1053\" data-elementor-post-type=\"elementor_library\">\n\t\t\t\t<div class=\"elementor-element elementor-element-468ca5cb e-flex e-con-boxed e-con e-parent\" data-id=\"468ca5cb\" data-element_type=\"container\" data-e-type=\"container\" data-settings=\"{&quot;background_background&quot;:&quot;classic&quot;,&quot;jet_parallax_layout_list&quot;:[]}\">\n\t\t\t\t\t<div class=\"e-con-inner\">\n\t\t<div class=\"elementor-element elementor-element-85a9ea4 e-con-full e-flex e-con e-child\" data-id=\"85a9ea4\" data-element_type=\"container\" data-e-type=\"container\" data-settings=\"{&quot;jet_parallax_layout_list&quot;:[]}\">\n\t\t\t\t<div class=\"elementor-element elementor-element-1a95cb12 elementor-widget elementor-widget-heading\" data-id=\"1a95cb12\" data-element_type=\"widget\" data-e-type=\"widget\" data-widget_type=\"heading.default\">\n\t\t\t\t<div class=\"elementor-widget-container\">\n\t\t\t\t\t<h3 class=\"elementor-heading-title elementor-size-default\">Wie bewerbe ich mich?<\/h3>\t\t\t\t<\/div>\n\t\t\t\t<\/div>\n\t\t\t\t<div class=\"elementor-element elementor-element-30de06ba elementor-widget elementor-widget-text-editor\" data-id=\"30de06ba\" data-element_type=\"widget\" data-e-type=\"widget\" data-widget_type=\"text-editor.default\">\n\t\t\t\t<div class=\"elementor-widget-container\">\n\t\t\t\t\t\t\t\t\t<p>Wir ben\u00f6tigen von Dir folgende Bewerbungsunterlagen:<\/p><ul><li>Bewerbungsschreiben<\/li><li>tabellarischer Lebenslauf<\/li><li>Zeugniskopien: Schulabschluss- bzw. letztes Zwischenzeugnis<\/li><\/ul><p>Bitte sende uns <strong>keine <\/strong>Schnellhefter und Bewerbungsmappen.<\/p><p>Uns interessiert aus welchem Grund Du dich gerade auf diesen Ausbildungsplatz bewerben m\u00f6chtest und was Dich daran besonders reizt. Begr\u00fcnde bitte, warum Du der Meinung bist, der\/die geeigneten Bewerber\/-in zu sein: Pers\u00f6nliche Interessen sowie besondere F\u00e4higkeiten und Leistungen sind hier ebenso am richtigen Platz wie auch die Begr\u00fcndung Deiner Ausbildungswahl.<\/p><p>Gestalte Deine Bewerbung so pers\u00f6nlich und engagiert wie m\u00f6glich \u2013 nur so k\u00f6nnen wir uns ein Bild von Dir machen und Deine Chance steigt, im weiteren Bewerbungsverfahren zu einem Gespr\u00e4ch eingeladen zu werden.<\/p>\t\t\t\t\t\t\t\t<\/div>\n\t\t\t\t<\/div>\n\t\t\t\t<\/div>\n\t\t<div class=\"elementor-element elementor-element-58c9461c e-con-full e-flex e-con e-child\" data-id=\"58c9461c\" data-element_type=\"container\" data-e-type=\"container\" data-settings=\"{&quot;jet_parallax_layout_list&quot;:[]}\">\n\t\t\t\t<div class=\"elementor-element elementor-element-42d6658d elementor-widget elementor-widget-heading\" data-id=\"42d6658d\" data-element_type=\"widget\" data-e-type=\"widget\" data-widget_type=\"heading.default\">\n\t\t\t\t<div class=\"elementor-widget-container\">\n\t\t\t\t\t<h3 class=\"elementor-heading-title elementor-size-default\">Wann bewerbe ich mich?<\/h3>\t\t\t\t<\/div>\n\t\t\t\t<\/div>\n\t\t\t\t<div class=\"elementor-element elementor-element-664296db elementor-widget elementor-widget-text-editor\" data-id=\"664296db\" data-element_type=\"widget\" data-e-type=\"widget\" data-widget_type=\"text-editor.default\">\n\t\t\t\t<div class=\"elementor-widget-container\">\n\t\t\t\t\t\t\t\t\t<p>Die Bewerbungsunterlagen solltest Du m\u00f6glichst bis November einreichen (f\u00fcr einen Ausbildungsplatz im Folgejahr). Zun\u00e4chst findet eine Vorauswahl geeigneter Bewerber statt, die anschlie\u00dfend zu einem Einstellungstest eingeladen werden.<\/p><p>Am Jahresende erfolgt die Endauswahl mit Einzelgespr\u00e4chen und einer \u00e4rztlichen Untersuchung. Anschlie\u00dfend schlie\u00dfen wir einen Ausbildungsvertrag ab und reichen diesen bei der IHK zu Dortmund zur Registrierung ein.<\/p>\t\t\t\t\t\t\t\t<\/div>\n\t\t\t\t<\/div>\n\t\t\t\t<div class=\"elementor-element elementor-element-33da4fd4 elementor-widget elementor-widget-heading\" data-id=\"33da4fd4\" data-element_type=\"widget\" data-e-type=\"widget\" data-widget_type=\"heading.default\">\n\t\t\t\t<div class=\"elementor-widget-container\">\n\t\t\t\t\t<h3 class=\"elementor-heading-title elementor-size-default\">An wen richte ich meine Bewerbung?<\/h3>\t\t\t\t<\/div>\n\t\t\t\t<\/div>\n\t\t\t\t<div class=\"elementor-element elementor-element-9e37485 elementor-widget elementor-widget-text-editor\" data-id=\"9e37485\" data-element_type=\"widget\" data-e-type=\"widget\" data-widget_type=\"text-editor.default\">\n\t\t\t\t<div class=\"elementor-widget-container\">\n\t\t\t\t\t\t\t\t\t<p>Deine Bewerbung f\u00fcr eine Ausbildung in L\u00fcnen schicke bitte an: <strong>ausbildung@hbt-group.com<\/strong><\/p><p>Ansprechpartner in allen Fragen rund um das Thema Ausbildung bei der HBT GmbH ist:<\/p><p>Ms Vanessa Eirich<br \/>HBT GmbH<br \/>Industriestrasse 1<br \/>44534 L\u00fcnen<\/p><p>Mobile: +49 173 244 03 22<br \/>Phone: +49 2306 747-1137<br \/>E-mail: vanessa.eirich@hbt-group.com<\/p>\t\t\t\t\t\t\t\t<\/div>\n\t\t\t\t<\/div>\n\t\t\t\t<\/div>\n\t\t\t\t\t<\/div>\n\t\t\t\t<\/div>\n\t\t\t\t<\/div>\n\t\t<\/div>\n\t\t\t\t\t\t<\/div>\n\t\t\t\t<\/div>\n\t\t\t\t<\/div>\n\t\t\t\t<\/div>\n\t\t","protected":false},"excerpt":{"rendered":"<p>Industriemechaniker\/-in (Ausbildungsdauer 3,5 Jahre) Aufgaben im \u00dcberblick: Arbeitsaufgaben im Team planen und vorbereiten Arbeit mit vor- und nachgelagerten Bereichen im Betrieb abstimmen Projekt- und Aufgabenbeschreibungen erstellen Technische Unterlagen auswerten und Montageanleitungen anfertigen Maschinen, Ger\u00e4te und Produktionsanlagen herstellen, warten oder reparieren Ger\u00e4te und Maschinenbauteile herstellen und bearbeiten Baugruppen zu Maschinen und technischen Systemenmontieren; Maschinenfunktionen einstellen und [&hellip;]<\/p>\n","protected":false},"author":1,"featured_media":0,"parent":2170,"menu_order":0,"comment_status":"closed","ping_status":"closed","template":"elementor_header_footer","meta":{"footnotes":""},"class_list":["post-5085","page","type-page","status-publish","hentry"],"_links":{"self":[{"href":"https:\/\/hbt-group.com\/de\/wp-json\/wp\/v2\/pages\/5085","targetHints":{"allow":["GET"]}}],"collection":[{"href":"https:\/\/hbt-group.com\/de\/wp-json\/wp\/v2\/pages"}],"about":[{"href":"https:\/\/hbt-group.com\/de\/wp-json\/wp\/v2\/types\/page"}],"author":[{"embeddable":true,"href":"https:\/\/hbt-group.com\/de\/wp-json\/wp\/v2\/users\/1"}],"replies":[{"embeddable":true,"href":"https:\/\/hbt-group.com\/de\/wp-json\/wp\/v2\/comments?post=5085"}],"version-history":[{"count":1,"href":"https:\/\/hbt-group.com\/de\/wp-json\/wp\/v2\/pages\/5085\/revisions"}],"predecessor-version":[{"id":5090,"href":"https:\/\/hbt-group.com\/de\/wp-json\/wp\/v2\/pages\/5085\/revisions\/5090"}],"up":[{"embeddable":true,"href":"https:\/\/hbt-group.com\/de\/wp-json\/wp\/v2\/pages\/2170"}],"wp:attachment":[{"href":"https:\/\/hbt-group.com\/de\/wp-json\/wp\/v2\/media?parent=5085"}],"curies":[{"name":"wp","href":"https:\/\/api.w.org\/{rel}","templated":true}]}}