{"id":5086,"date":"2023-06-06T14:47:15","date_gmt":"2023-06-06T12:47:15","guid":{"rendered":"https:\/\/staging.hbt-group.com\/karriere\/ausbildung\/mechatronics-technician-m-f\/"},"modified":"2023-12-19T17:37:23","modified_gmt":"2023-12-19T16:37:23","slug":"mechatroniker-m-w-d","status":"publish","type":"page","link":"https:\/\/hbt-group.com\/de\/karriere\/ausbildung\/mechatroniker-m-w-d\/","title":{"rendered":"Mechatroniker (m\/w\/d)"},"content":{"rendered":"\t\t<div data-elementor-type=\"wp-page\" data-elementor-id=\"5086\" class=\"elementor elementor-5086 elementor-1035\" data-elementor-post-type=\"page\">\n\t\t\t\t<div class=\"elementor-element elementor-element-1c0605b5 e-flex e-con-boxed e-con e-parent\" data-id=\"1c0605b5\" data-element_type=\"container\" data-e-type=\"container\" id=\"content\" data-settings=\"{&quot;jet_parallax_layout_list&quot;:[]}\">\n\t\t\t\t\t<div class=\"e-con-inner\">\n\t\t\t\t<div class=\"elementor-element elementor-element-34260a9f elementor-widget elementor-widget-heading\" data-id=\"34260a9f\" data-element_type=\"widget\" data-e-type=\"widget\" data-widget_type=\"heading.default\">\n\t\t\t\t<div class=\"elementor-widget-container\">\n\t\t\t\t\t<h1 class=\"elementor-heading-title elementor-size-default\">Mechatroniker\/-in<\/h1>\t\t\t\t<\/div>\n\t\t\t\t<\/div>\n\t\t\t\t<div class=\"elementor-element elementor-element-13df45c4 elementor-widget elementor-widget-text-editor\" data-id=\"13df45c4\" data-element_type=\"widget\" data-e-type=\"widget\" data-widget_type=\"text-editor.default\">\n\t\t\t\t<div class=\"elementor-widget-container\">\n\t\t\t\t\t\t\t\t\t<p><strong>(Ausbildungsdauer 3,5 Jahre)<\/strong><\/p><h2>Aufgaben<\/h2><p>Moderne Maschinen und Anlagen enthalten nicht nur mechanische, sondern immer mehr elektronische, oft auch computergesteuerte Bauteile. Mechatroniker\/-innen bauen deshalb mechanische, elektrische und elektronische Komponenten zu komplexen Systemen zusammen, installieren Steuerungssoftware und halten die Systeme instand.<\/p><p>Die Ausbildung beginnt mit einer breit angelegten Grundausbildung in der Metall- und Elektrotechnik. In der Fachbildung liegen die Schwerpunkte auf Montagetechniken sowie auf elektromechanischen, elektropneumatischen, elektrohydraulischen und elektronischen Steuerungstechniken. Dazu liest Du Schaltpl\u00e4ne, Konstruktionszeichnungen und Bedienungsanleitungen, die h\u00e4ufig in technischem Englisch geschrieben sind. Dann erst baust Du die Komponenten in der Werkstatt oder vor Ort zu mechatronischen Systemen zusammen. Du verbindest elektronische Bauelemente oder Baugruppen mit mechanischen Bauteilen, mit Ventilen, Pumpen und Schlauchleitungen. Dabei bearbeitest Du auch beispielsweise Metalle von Hand oder maschinell und verdrahten Leitungen.<\/p><h2>Aufgaben im \u00dcberblick<\/h2><ul><li>Arbeitsaufgaben planen und vorbereiten<\/li><li>mechatronische Systeme installieren<\/li><li>mechatronische Systeme in Betrieb nehmen<\/li><li>Anlagen warten, instand halten und reparieren<\/li><\/ul>\t\t\t\t\t\t\t\t<\/div>\n\t\t\t\t<\/div>\n\t\t\t\t\t<\/div>\n\t\t\t\t<\/div>\n\t\t<div class=\"elementor-element elementor-element-74674e6b e-flex e-con-boxed e-con e-parent\" data-id=\"74674e6b\" data-element_type=\"container\" data-e-type=\"container\" data-settings=\"{&quot;background_background&quot;:&quot;classic&quot;,&quot;jet_parallax_layout_list&quot;:[]}\">\n\t\t\t\t\t<div class=\"e-con-inner\">\n\t\t<div class=\"elementor-element elementor-element-e838c43 e-con-full e-flex e-con e-child\" data-id=\"e838c43\" data-element_type=\"container\" data-e-type=\"container\" data-settings=\"{&quot;jet_parallax_layout_list&quot;:[]}\">\n\t\t\t\t<div class=\"elementor-element elementor-element-7724df57 elementor-widget elementor-widget-heading\" data-id=\"7724df57\" data-element_type=\"widget\" data-e-type=\"widget\" data-widget_type=\"heading.default\">\n\t\t\t\t<div class=\"elementor-widget-container\">\n\t\t\t\t\t<h3 class=\"elementor-heading-title elementor-size-default\">Informationen<\/h3>\t\t\t\t<\/div>\n\t\t\t\t<\/div>\n\t\t\t\t<div class=\"elementor-element elementor-element-a52704f elementor-widget elementor-widget-text-editor\" data-id=\"a52704f\" data-element_type=\"widget\" data-e-type=\"widget\" data-widget_type=\"text-editor.default\">\n\t\t\t\t<div class=\"elementor-widget-container\">\n\t\t\t\t\t\t\t\t\t<p>Die theoretischen Kenntnisse werden am <strong>Eduard-Spranger-<\/strong><strong>Berufskolleg <\/strong>in <strong>Hamm <\/strong>vermittelt. Bei guten theoretischen und praktischen Leistungen w\u00e4hrend der Ausbildung besteht die M\u00f6glichkeit, die Ausbildungsdauer um ein halbes Jahr zu verk\u00fcrzen.<\/p>\t\t\t\t\t\t\t\t<\/div>\n\t\t\t\t<\/div>\n\t\t\t\t<\/div>\n\t\t<div class=\"elementor-element elementor-element-74088435 e-con-full e-flex e-con e-child\" data-id=\"74088435\" data-element_type=\"container\" data-e-type=\"container\" data-settings=\"{&quot;jet_parallax_layout_list&quot;:[]}\">\n\t\t\t\t<div class=\"elementor-element elementor-element-3ed4d44c elementor-widget elementor-widget-heading\" data-id=\"3ed4d44c\" data-element_type=\"widget\" data-e-type=\"widget\" data-widget_type=\"heading.default\">\n\t\t\t\t<div class=\"elementor-widget-container\">\n\t\t\t\t\t<h3 class=\"elementor-heading-title elementor-size-default\">Voraussetzungen<\/h3>\t\t\t\t<\/div>\n\t\t\t\t<\/div>\n\t\t\t\t<div class=\"elementor-element elementor-element-14d3488 elementor-widget elementor-widget-text-editor\" data-id=\"14d3488\" data-element_type=\"widget\" data-e-type=\"widget\" data-widget_type=\"text-editor.default\">\n\t\t\t\t<div class=\"elementor-widget-container\">\n\t\t\t\t\t\t\t\t\t<ul><li>Fachhochschulreife (z. B. elektrotechnischer Assistent oder Berufsfachschule f\u00fcr Technik) oder FOR (z. B. Realschule)<\/li><li>Teamf\u00e4higkeit<\/li><li>Nichtvorliegen einer Farbsehschw\u00e4che<\/li><\/ul>\t\t\t\t\t\t\t\t<\/div>\n\t\t\t\t<\/div>\n\t\t\t\t<\/div>\n\t\t\t\t\t<\/div>\n\t\t\t\t<\/div>\n\t\t<div class=\"elementor-element elementor-element-4b9c089a e-flex e-con-boxed e-con e-parent\" data-id=\"4b9c089a\" data-element_type=\"container\" data-e-type=\"container\" data-settings=\"{&quot;jet_parallax_layout_list&quot;:[]}\">\n\t\t\t\t\t<div class=\"e-con-inner\">\n\t\t\t\t<div class=\"elementor-element elementor-element-5f1ad694 elementor-widget elementor-widget-heading\" data-id=\"5f1ad694\" data-element_type=\"widget\" data-e-type=\"widget\" data-widget_type=\"heading.default\">\n\t\t\t\t<div class=\"elementor-widget-container\">\n\t\t\t\t\t<h2 class=\"elementor-heading-title elementor-size-default\">Weiterbildung<\/h2>\t\t\t\t<\/div>\n\t\t\t\t<\/div>\n\t\t\t\t<div class=\"elementor-element elementor-element-3477dc50 elementor-widget elementor-widget-text-editor\" data-id=\"3477dc50\" data-element_type=\"widget\" data-e-type=\"widget\" data-widget_type=\"text-editor.default\">\n\t\t\t\t<div class=\"elementor-widget-container\">\n\t\t\t\t\t\t\t\t\t<p>Nach der Ausbildung kannst Du dich durch berufliche Weiterbildungsma\u00dfnahmen beispielsweise zum\/r Industriemeister\/-in, Techniker\/-in, techn. Fachwirt\/-in qualifizieren. Dar\u00fcber hinaus kann man auch ein (berufsbegleitendes) Studium in Betracht ziehen.<\/p>\n<p>Hierzu sind fundierte Fachkenntnisse sowohl in der Steuerungs-, Regelungs- und Antriebstechnik als auch in der Handhabung verschiedener Maschinenelemente notwendig.<\/p>\t\t\t\t\t\t\t\t<\/div>\n\t\t\t\t<\/div>\n\t\t\t\t\t<\/div>\n\t\t\t\t<\/div>\n\t\t<div class=\"elementor-element elementor-element-574c70a e-con-full e-flex e-con e-parent\" data-id=\"574c70a\" data-element_type=\"container\" data-e-type=\"container\" data-settings=\"{&quot;jet_parallax_layout_list&quot;:[]}\">\n\t\t\t\t<div class=\"elementor-element elementor-element-468b2f7a elementor-widget elementor-widget-shortcode\" data-id=\"468b2f7a\" data-element_type=\"widget\" data-e-type=\"widget\" data-widget_type=\"shortcode.default\">\n\t\t\t\t<div class=\"elementor-widget-container\">\n\t\t\t\t\t\t\t<div class=\"elementor-shortcode\">\t\t<div data-elementor-type=\"container\" data-elementor-id=\"1053\" class=\"elementor elementor-1053\" data-elementor-post-type=\"elementor_library\">\n\t\t\t\t<div class=\"elementor-element elementor-element-468ca5cb e-flex e-con-boxed e-con e-parent\" data-id=\"468ca5cb\" data-element_type=\"container\" data-e-type=\"container\" data-settings=\"{&quot;background_background&quot;:&quot;classic&quot;,&quot;jet_parallax_layout_list&quot;:[]}\">\n\t\t\t\t\t<div class=\"e-con-inner\">\n\t\t<div class=\"elementor-element elementor-element-85a9ea4 e-con-full e-flex e-con e-child\" data-id=\"85a9ea4\" data-element_type=\"container\" data-e-type=\"container\" data-settings=\"{&quot;jet_parallax_layout_list&quot;:[]}\">\n\t\t\t\t<div class=\"elementor-element elementor-element-1a95cb12 elementor-widget elementor-widget-heading\" data-id=\"1a95cb12\" data-element_type=\"widget\" data-e-type=\"widget\" data-widget_type=\"heading.default\">\n\t\t\t\t<div class=\"elementor-widget-container\">\n\t\t\t\t\t<h3 class=\"elementor-heading-title elementor-size-default\">Wie bewerbe ich mich?<\/h3>\t\t\t\t<\/div>\n\t\t\t\t<\/div>\n\t\t\t\t<div class=\"elementor-element elementor-element-30de06ba elementor-widget elementor-widget-text-editor\" data-id=\"30de06ba\" data-element_type=\"widget\" data-e-type=\"widget\" data-widget_type=\"text-editor.default\">\n\t\t\t\t<div class=\"elementor-widget-container\">\n\t\t\t\t\t\t\t\t\t<p>Wir ben\u00f6tigen von Dir folgende Bewerbungsunterlagen:<\/p><ul><li>Bewerbungsschreiben<\/li><li>tabellarischer Lebenslauf<\/li><li>Zeugniskopien: Schulabschluss- bzw. letztes Zwischenzeugnis<\/li><\/ul><p>Bitte sende uns <strong>keine <\/strong>Schnellhefter und Bewerbungsmappen.<\/p><p>Uns interessiert aus welchem Grund Du dich gerade auf diesen Ausbildungsplatz bewerben m\u00f6chtest und was Dich daran besonders reizt. Begr\u00fcnde bitte, warum Du der Meinung bist, der\/die geeigneten Bewerber\/-in zu sein: Pers\u00f6nliche Interessen sowie besondere F\u00e4higkeiten und Leistungen sind hier ebenso am richtigen Platz wie auch die Begr\u00fcndung Deiner Ausbildungswahl.<\/p><p>Gestalte Deine Bewerbung so pers\u00f6nlich und engagiert wie m\u00f6glich \u2013 nur so k\u00f6nnen wir uns ein Bild von Dir machen und Deine Chance steigt, im weiteren Bewerbungsverfahren zu einem Gespr\u00e4ch eingeladen zu werden.<\/p>\t\t\t\t\t\t\t\t<\/div>\n\t\t\t\t<\/div>\n\t\t\t\t<\/div>\n\t\t<div class=\"elementor-element elementor-element-58c9461c e-con-full e-flex e-con e-child\" data-id=\"58c9461c\" data-element_type=\"container\" data-e-type=\"container\" data-settings=\"{&quot;jet_parallax_layout_list&quot;:[]}\">\n\t\t\t\t<div class=\"elementor-element elementor-element-42d6658d elementor-widget elementor-widget-heading\" data-id=\"42d6658d\" data-element_type=\"widget\" data-e-type=\"widget\" data-widget_type=\"heading.default\">\n\t\t\t\t<div class=\"elementor-widget-container\">\n\t\t\t\t\t<h3 class=\"elementor-heading-title elementor-size-default\">Wann bewerbe ich mich?<\/h3>\t\t\t\t<\/div>\n\t\t\t\t<\/div>\n\t\t\t\t<div class=\"elementor-element elementor-element-664296db elementor-widget elementor-widget-text-editor\" data-id=\"664296db\" data-element_type=\"widget\" data-e-type=\"widget\" data-widget_type=\"text-editor.default\">\n\t\t\t\t<div class=\"elementor-widget-container\">\n\t\t\t\t\t\t\t\t\t<p>Die Bewerbungsunterlagen solltest Du m\u00f6glichst bis November einreichen (f\u00fcr einen Ausbildungsplatz im Folgejahr). Zun\u00e4chst findet eine Vorauswahl geeigneter Bewerber statt, die anschlie\u00dfend zu einem Einstellungstest eingeladen werden.<\/p><p>Am Jahresende erfolgt die Endauswahl mit Einzelgespr\u00e4chen und einer \u00e4rztlichen Untersuchung. Anschlie\u00dfend schlie\u00dfen wir einen Ausbildungsvertrag ab und reichen diesen bei der IHK zu Dortmund zur Registrierung ein.<\/p>\t\t\t\t\t\t\t\t<\/div>\n\t\t\t\t<\/div>\n\t\t\t\t<div class=\"elementor-element elementor-element-33da4fd4 elementor-widget elementor-widget-heading\" data-id=\"33da4fd4\" data-element_type=\"widget\" data-e-type=\"widget\" data-widget_type=\"heading.default\">\n\t\t\t\t<div class=\"elementor-widget-container\">\n\t\t\t\t\t<h3 class=\"elementor-heading-title elementor-size-default\">An wen richte ich meine Bewerbung?<\/h3>\t\t\t\t<\/div>\n\t\t\t\t<\/div>\n\t\t\t\t<div class=\"elementor-element elementor-element-9e37485 elementor-widget elementor-widget-text-editor\" data-id=\"9e37485\" data-element_type=\"widget\" data-e-type=\"widget\" data-widget_type=\"text-editor.default\">\n\t\t\t\t<div class=\"elementor-widget-container\">\n\t\t\t\t\t\t\t\t\t<p>Deine Bewerbung f\u00fcr eine Ausbildung in L\u00fcnen schicke bitte an: <strong>ausbildung@hbt-group.com<\/strong><\/p><p>Ansprechpartner in allen Fragen rund um das Thema Ausbildung bei der HBT GmbH ist:<\/p><p>Ms Vanessa Eirich<br \/>HBT GmbH<br \/>Industriestrasse 1<br \/>44534 L\u00fcnen<\/p><p>Mobile: +49 173 244 03 22<br \/>Phone: +49 2306 747-1137<br \/>E-mail: vanessa.eirich@hbt-group.com<\/p>\t\t\t\t\t\t\t\t<\/div>\n\t\t\t\t<\/div>\n\t\t\t\t<\/div>\n\t\t\t\t\t<\/div>\n\t\t\t\t<\/div>\n\t\t\t\t<\/div>\n\t\t<\/div>\n\t\t\t\t\t\t<\/div>\n\t\t\t\t<\/div>\n\t\t\t\t<\/div>\n\t\t\t\t<\/div>\n\t\t","protected":false},"excerpt":{"rendered":"<p>Mechatroniker\/-in (Ausbildungsdauer 3,5 Jahre) Aufgaben Moderne Maschinen und Anlagen enthalten nicht nur mechanische, sondern immer mehr elektronische, oft auch computergesteuerte Bauteile. Mechatroniker\/-innen bauen deshalb mechanische, elektrische und elektronische Komponenten zu komplexen Systemen zusammen, installieren Steuerungssoftware und halten die Systeme instand. Die Ausbildung beginnt mit einer breit angelegten Grundausbildung in der Metall- und Elektrotechnik. In der [&hellip;]<\/p>\n","protected":false},"author":1,"featured_media":0,"parent":2170,"menu_order":0,"comment_status":"closed","ping_status":"closed","template":"elementor_header_footer","meta":{"footnotes":""},"class_list":["post-5086","page","type-page","status-publish","hentry"],"_links":{"self":[{"href":"https:\/\/hbt-group.com\/de\/wp-json\/wp\/v2\/pages\/5086","targetHints":{"allow":["GET"]}}],"collection":[{"href":"https:\/\/hbt-group.com\/de\/wp-json\/wp\/v2\/pages"}],"about":[{"href":"https:\/\/hbt-group.com\/de\/wp-json\/wp\/v2\/types\/page"}],"author":[{"embeddable":true,"href":"https:\/\/hbt-group.com\/de\/wp-json\/wp\/v2\/users\/1"}],"replies":[{"embeddable":true,"href":"https:\/\/hbt-group.com\/de\/wp-json\/wp\/v2\/comments?post=5086"}],"version-history":[{"count":4,"href":"https:\/\/hbt-group.com\/de\/wp-json\/wp\/v2\/pages\/5086\/revisions"}],"predecessor-version":[{"id":8153,"href":"https:\/\/hbt-group.com\/de\/wp-json\/wp\/v2\/pages\/5086\/revisions\/8153"}],"up":[{"embeddable":true,"href":"https:\/\/hbt-group.com\/de\/wp-json\/wp\/v2\/pages\/2170"}],"wp:attachment":[{"href":"https:\/\/hbt-group.com\/de\/wp-json\/wp\/v2\/media?parent=5086"}],"curies":[{"name":"wp","href":"https:\/\/api.w.org\/{rel}","templated":true}]}}