{"id":5104,"date":"2023-05-11T13:24:38","date_gmt":"2023-05-11T11:24:38","guid":{"rendered":"https:\/\/staging.hbt-group.com\/firmenprofil\/sustainability\/"},"modified":"2023-10-13T16:45:07","modified_gmt":"2023-10-13T14:45:07","slug":"nachhaltigkeit","status":"publish","type":"page","link":"https:\/\/hbt-group.com\/de\/firmenprofil\/nachhaltigkeit\/","title":{"rendered":"Nachhaltigkeit"},"content":{"rendered":"\t\t<div data-elementor-type=\"wp-page\" data-elementor-id=\"5104\" class=\"elementor elementor-5104 elementor-165\" data-elementor-post-type=\"page\">\n\t\t\t\t<div class=\"elementor-element elementor-element-6dca240 e-con-full e-flex e-con e-parent\" data-id=\"6dca240\" data-element_type=\"container\" data-e-type=\"container\" data-settings=\"{&quot;jet_parallax_layout_list&quot;:[]}\">\n\t\t\t\t<div class=\"elementor-element elementor-element-abc7c17 elementor--h-position-center elementor--v-position-middle elementor-arrows-position-inside elementor-pagination-position-inside elementor-widget elementor-widget-slides\" data-id=\"abc7c17\" data-element_type=\"widget\" data-e-type=\"widget\" data-settings=\"{&quot;transition&quot;:&quot;fade&quot;,&quot;navigation&quot;:&quot;both&quot;,&quot;autoplay&quot;:&quot;yes&quot;,&quot;pause_on_hover&quot;:&quot;yes&quot;,&quot;pause_on_interaction&quot;:&quot;yes&quot;,&quot;autoplay_speed&quot;:5000,&quot;infinite&quot;:&quot;yes&quot;,&quot;transition_speed&quot;:500}\" data-widget_type=\"slides.default\">\n\t\t\t\t<div class=\"elementor-widget-container\">\n\t\t\t\t\t\t\t\t\t<div class=\"elementor-swiper\">\n\t\t\t\t\t<div class=\"elementor-slides-wrapper elementor-main-swiper swiper\" role=\"region\" aria-roledescription=\"carousel\" aria-label=\"Slider\" dir=\"ltr\" data-animation=\"\">\n\t\t\t\t<div class=\"swiper-wrapper elementor-slides\">\n\t\t\t\t\t\t\t\t\t\t<div class=\"elementor-repeater-item-a50659d swiper-slide\" role=\"group\" aria-roledescription=\"slide\"><div class=\"swiper-slide-bg\" role=\"img\" aria-label=\"sustainability-4c\"><\/div><div class=\"swiper-slide-inner\" ><div class=\"swiper-slide-contents\"><div class=\"elementor-slide-heading\">Nachhaltigkeit<\/div><div class=\"elementor-slide-description\">HBT \u00fcbernimmt Verantwortung f\u00fcr Mensch und Umwelt<\/div><a href=\"#content\" class=\"elementor-button elementor-slide-button elementor-size-sm\">Click Here<\/a><\/div><\/div><\/div>\t\t\t\t<\/div>\n\t\t\t\t\t\t\t<\/div>\n\t\t\t\t<\/div>\n\t\t\t\t\t\t\t\t<\/div>\n\t\t\t\t<\/div>\n\t\t\t\t<\/div>\n\t\t<div class=\"elementor-element elementor-element-0b5550d e-flex e-con-boxed e-con e-parent\" data-id=\"0b5550d\" data-element_type=\"container\" data-e-type=\"container\" data-settings=\"{&quot;jet_parallax_layout_list&quot;:[]}\">\n\t\t\t\t\t<div class=\"e-con-inner\">\n\t\t\t\t<div class=\"elementor-element elementor-element-37fcae9 elementor-widget elementor-widget-text-editor\" data-id=\"37fcae9\" data-element_type=\"widget\" data-e-type=\"widget\" data-widget_type=\"text-editor.default\">\n\t\t\t\t<div class=\"elementor-widget-container\">\n\t\t\t\t\t\t\t\t\t<strong>HBT steht daf\u00fcr ein, die Sicherheit und Nachhaltigkeit des Strebbaus untertage zu gew\u00e4hrleisten oder gar zu erh\u00f6hen. Die HBT Strebautomation f\u00f6rdert die Produktivit\u00e4t im Streb; modernste Technik und Schulungen verbessern die Arbeitsbedingungen f\u00fcr das Personal; Innovationen steigern die Umweltvertr\u00e4glichkeit.<\/strong>\t\t\t\t\t\t\t\t<\/div>\n\t\t\t\t<\/div>\n\t\t\t\t\t<\/div>\n\t\t\t\t<\/div>\n\t\t<div class=\"elementor-element elementor-element-194b30d e-flex e-con-boxed e-con e-parent\" data-id=\"194b30d\" data-element_type=\"container\" data-e-type=\"container\" data-settings=\"{&quot;background_background&quot;:&quot;classic&quot;,&quot;jet_parallax_layout_list&quot;:[]}\">\n\t\t\t\t\t<div class=\"e-con-inner\">\n\t\t<div class=\"elementor-element elementor-element-8672780 e-con-full e-flex e-con e-child\" data-id=\"8672780\" data-element_type=\"container\" data-e-type=\"container\" data-settings=\"{&quot;jet_parallax_layout_list&quot;:[]}\">\n\t\t\t\t<div class=\"elementor-element elementor-element-d9152da elementor-widget elementor-widget-heading\" data-id=\"d9152da\" data-element_type=\"widget\" data-e-type=\"widget\" data-widget_type=\"heading.default\">\n\t\t\t\t<div class=\"elementor-widget-container\">\n\t\t\t\t\t<h3 class=\"elementor-heading-title elementor-size-default\">L\u00d6SUNGEN F\u00dcR DEN STREBBAU<\/h3>\t\t\t\t<\/div>\n\t\t\t\t<\/div>\n\t\t\t\t<div class=\"elementor-element elementor-element-4ffc699 elementor-widget elementor-widget-text-editor\" data-id=\"4ffc699\" data-element_type=\"widget\" data-e-type=\"widget\" data-widget_type=\"text-editor.default\">\n\t\t\t\t<div class=\"elementor-widget-container\">\n\t\t\t\t\t\t\t\t\tDer Strebbau ist das produktivste Verfahren in der untert\u00e4gigen Kohlengewinnung. Er wird seit vielen Jahren weltweit in konventioneller und mechanisierter Form eingesetzt. Die heute verwendete Strebbautechnik gibt es seit den fr\u00fchen 1970er Jahren, als die ersten Schildausbauten eingef\u00fchrt wurden. Von den im Untertagebau vorkommenden Abbauverfahren ist der Strebbau das sicherste und produktivste Verfahren und das Verfahren mit der h\u00f6chsten Umweltvertr\u00e4glichkeit. \n\nDie immer h\u00f6heren Anforderungen der Bergwerksbetreiber haben in den letzten Jahrzehnten zu zahlreichen bedeutenden Entwicklungen in der Strebtechnik gef\u00fchrt. Die Bergbauunternehmen streben nach h\u00f6herer Produktivit\u00e4t, l\u00e4ngerer Lebensdauer, kompletten Systeml\u00f6sungen und mehr Sicherheit und Nachhaltigkeit.\n\nHBT konnte wiederholt hochmoderne L\u00f6sungen bereitstellen, um diese anspruchsvollen Anforderungen zu erf\u00fcllen. Stets mit dem \u00fcbergeordneten Ziel, die Betriebskosten zu minimieren und die Sicherheit und Nachhaltigkeit anzuheben. Das Engagement von HBT f\u00fcr den Umweltschutz schl\u00e4gt sich direkt in Kosteneinsparungen f\u00fcr den Strebbetrieb des Kunden nieder. \n\nAlle Automatisierungsl\u00f6sungen f\u00fcr Strebe sind auf die besonderen Anforderungen des Untertagebergbaus zugeschnitten. Kamerasysteme, RFID-Systeme und andere Sicherheitsinstrumente \u00fcberwachen und verfolgen die Bergleute und Ger\u00e4te, w\u00e4hrend sie sich unter Tage bewegen. Ferngesteuerte, halbautonome und autonome Strebsysteme erm\u00f6glichen es den Bedienern, von sicheren, ergonomischen Arbeitspl\u00e4tzen auszuarbeiten, ohne sich in Gefahr zu begeben, und verbessern gleichzeitig die Produktivit\u00e4t des Systems.\n\t\t\t\t\t\t\t\t<\/div>\n\t\t\t\t<\/div>\n\t\t\t\t<\/div>\n\t\t\t\t\t<\/div>\n\t\t\t\t<\/div>\n\t\t<div class=\"elementor-element elementor-element-b62aa6c e-flex e-con-boxed e-con e-parent\" data-id=\"b62aa6c\" data-element_type=\"container\" data-e-type=\"container\" data-settings=\"{&quot;background_background&quot;:&quot;classic&quot;,&quot;jet_parallax_layout_list&quot;:[]}\">\n\t\t\t\t\t<div class=\"e-con-inner\">\n\t\t<div class=\"elementor-element elementor-element-295e6b6 e-con-full elementor-hidden-mobile e-flex e-con e-child\" data-id=\"295e6b6\" data-element_type=\"container\" data-e-type=\"container\" data-settings=\"{&quot;jet_parallax_layout_list&quot;:[]}\">\n\t\t\t\t<\/div>\n\t\t<div class=\"elementor-element elementor-element-1dfe4d0 e-con-full e-flex e-con e-child\" data-id=\"1dfe4d0\" data-element_type=\"container\" data-e-type=\"container\" data-settings=\"{&quot;jet_parallax_layout_list&quot;:[]}\">\n\t\t\t\t<div class=\"elementor-element elementor-element-53b7ce5 elementor-widget elementor-widget-text-editor\" data-id=\"53b7ce5\" data-element_type=\"widget\" data-e-type=\"widget\" data-widget_type=\"text-editor.default\">\n\t\t\t\t<div class=\"elementor-widget-container\">\n\t\t\t\t\t\t\t\t\t<p style=\"font-weight: 400;\">Auf allen Ebenen tr\u00e4gt die Automatisierung dazu bei, die Abl\u00e4ufe berechenbarer und konsistenter zu machen und gleichzeitig so viele Menschen wie m\u00f6glich aus den Gefahrenbereichen fernzuhalten. Das Ergebnis sind erh\u00f6hte Sicherheit, verbesserte Produktion und gesteigerte Effizienz.<\/p>\t\t\t\t\t\t\t\t<\/div>\n\t\t\t\t<\/div>\n\t\t\t\t<\/div>\n\t\t\t\t\t<\/div>\n\t\t\t\t<\/div>\n\t\t<div class=\"elementor-element elementor-element-9123b0a e-flex e-con-boxed e-con e-parent\" data-id=\"9123b0a\" data-element_type=\"container\" data-e-type=\"container\" data-settings=\"{&quot;jet_parallax_layout_list&quot;:[]}\">\n\t\t\t\t\t<div class=\"e-con-inner\">\n\t\t<div class=\"elementor-element elementor-element-2139c41 e-con-full e-flex e-con e-child\" data-id=\"2139c41\" data-element_type=\"container\" data-e-type=\"container\" data-settings=\"{&quot;background_background&quot;:&quot;slideshow&quot;,&quot;background_slideshow_gallery&quot;:[{&quot;id&quot;:1224,&quot;url&quot;:&quot;https:\\\/\\\/hbt-group.com\\\/wp-content\\\/uploads\\\/2023\\\/06\\\/IMG_4400.jpg&quot;},{&quot;id&quot;:486,&quot;url&quot;:&quot;https:\\\/\\\/hbt-group.com\\\/wp-content\\\/uploads\\\/2023\\\/05\\\/Plow-operators-cabin_adj2.jpg&quot;}],&quot;jet_parallax_layout_list&quot;:[],&quot;background_slideshow_loop&quot;:&quot;yes&quot;,&quot;background_slideshow_slide_duration&quot;:5000,&quot;background_slideshow_slide_transition&quot;:&quot;fade&quot;,&quot;background_slideshow_transition_duration&quot;:500}\">\n\t\t\t\t<div class=\"elementor-element elementor-element-2508d65 elementor-widget elementor-widget-spacer\" data-id=\"2508d65\" data-element_type=\"widget\" data-e-type=\"widget\" data-widget_type=\"spacer.default\">\n\t\t\t\t<div class=\"elementor-widget-container\">\n\t\t\t\t\t\t\t<div class=\"elementor-spacer\">\n\t\t\t<div class=\"elementor-spacer-inner\"><\/div>\n\t\t<\/div>\n\t\t\t\t\t\t<\/div>\n\t\t\t\t<\/div>\n\t\t\t\t<\/div>\n\t\t<div class=\"elementor-element elementor-element-73eacb3 e-con-full e-flex e-con e-child\" data-id=\"73eacb3\" data-element_type=\"container\" data-e-type=\"container\" data-settings=\"{&quot;jet_parallax_layout_list&quot;:[],&quot;background_background&quot;:&quot;classic&quot;}\">\n\t\t\t\t<div class=\"elementor-element elementor-element-5b0f0e3 elementor-widget elementor-widget-heading\" data-id=\"5b0f0e3\" data-element_type=\"widget\" data-e-type=\"widget\" data-widget_type=\"heading.default\">\n\t\t\t\t<div class=\"elementor-widget-container\">\n\t\t\t\t\t<h3 class=\"elementor-heading-title elementor-size-default\">MINIMALE VERWEILDAUER IN GEF\u00c4HRLICHEN BEREICHEN<\/h3>\t\t\t\t<\/div>\n\t\t\t\t<\/div>\n\t\t\t\t<div class=\"elementor-element elementor-element-81c95ff elementor-widget elementor-widget-text-editor\" data-id=\"81c95ff\" data-element_type=\"widget\" data-e-type=\"widget\" data-widget_type=\"text-editor.default\">\n\t\t\t\t<div class=\"elementor-widget-container\">\n\t\t\t\t\t\t\t\t\tDie Automatisierung des Strebsystems bringt eine Steigerung der Produktion und der mechanischen Verf\u00fcgbarkeit mit sich. Ferner reduziert die Automatisierung des Walzenladers in Form von Kameras einer Zustands\u00fcberwachung die Arbeitszeit in der N\u00e4he der Gewinnungsmaschine und im Streb im Allgemeinen. Heute ist es m\u00f6glich, einen Walzenlader mit nur einem statt zwei Bedienern zu betreiben, weshalb kein Bediener die Frischluftseite des Walzenladers verlassen muss. Au\u00dferdem kann der Bediener die Maschine in weiten Bereichen des Strebes sich selbst \u00fcberlassen. Die Mitarbeiter verbringen weniger Zeit in gef\u00e4hrlichen Bereichen und sind weniger Staub und L\u00e4rm ausgesetzt. Dar\u00fcber hinaus kann das neu entwickelte HBT-Quad-Beleuchtungssystem genau erkennen, wo und an welchem Schildausbau eine St\u00f6rung eintreten k\u00f6nnte.\t\t\t\t\t\t\t\t<\/div>\n\t\t\t\t<\/div>\n\t\t\t\t<\/div>\n\t\t\t\t\t<\/div>\n\t\t\t\t<\/div>\n\t\t<div class=\"elementor-element elementor-element-d7f0774 e-flex e-con-boxed e-con e-parent\" data-id=\"d7f0774\" data-element_type=\"container\" data-e-type=\"container\" data-settings=\"{&quot;background_background&quot;:&quot;classic&quot;,&quot;jet_parallax_layout_list&quot;:[]}\">\n\t\t\t\t\t<div class=\"e-con-inner\">\n\t\t<div class=\"elementor-element elementor-element-eb506d3 e-con-full elementor-hidden-mobile e-flex e-con e-child\" data-id=\"eb506d3\" data-element_type=\"container\" data-e-type=\"container\" data-settings=\"{&quot;jet_parallax_layout_list&quot;:[]}\">\n\t\t\t\t<\/div>\n\t\t<div class=\"elementor-element elementor-element-6cba340 e-con-full e-flex e-con e-child\" data-id=\"6cba340\" data-element_type=\"container\" data-e-type=\"container\" data-settings=\"{&quot;jet_parallax_layout_list&quot;:[]}\">\n\t\t\t\t<div class=\"elementor-element elementor-element-49cfbe4 elementor-widget elementor-widget-heading\" data-id=\"49cfbe4\" data-element_type=\"widget\" data-e-type=\"widget\" data-widget_type=\"heading.default\">\n\t\t\t\t<div class=\"elementor-widget-container\">\n\t\t\t\t\t<h3 class=\"elementor-heading-title elementor-size-default\">DETECTION SYSTEM ERKENNT <br>BEWEGUNGEN VON PERSONEN<\/h3>\t\t\t\t<\/div>\n\t\t\t\t<\/div>\n\t\t\t\t<div class=\"elementor-element elementor-element-cb19038 elementor-widget elementor-widget-text-editor\" data-id=\"cb19038\" data-element_type=\"widget\" data-e-type=\"widget\" data-widget_type=\"text-editor.default\">\n\t\t\t\t<div class=\"elementor-widget-container\">\n\t\t\t\t\t\t\t\t\t<p>Die Sicherheit des Bedienpersonals hat f\u00fcr HBT h\u00f6chste Priorit\u00e4t. Das HBT Personnel Proximity Detection System, kurz PPD, sch\u00fctzt das Bedienpersonal vor Gefahren und erm\u00f6glicht einen kontinuierlichen, sicheren Betrieb der HBT-Strebsysteme. PPD stellt einen Quantensprung in der Sicherheit von HBT-Strebbausystemen dar. G\u00e4ngige Sicherheitsverfahren, wie z.B. Lock-Out oder Tag-Out bieten in Verbindung mit den Detektionstechnologien des HBT-PPD-Systems mehrere, redundante Sicherheitsebenen f\u00fcr die Bergleute.<\/p><p>Das System ersetzt nicht die manuelle Verriegelung von Schildausbauten. Es bietet vielmehr eine weitere M\u00f6glichkeit, die Sicherheit der Arbeiter unter Tage zu gew\u00e4hrleisten, indem es automatisch die Bewegung der Schilde auf beiden Seiten des erkannten, markierten Mitarbeiters stoppt.<\/p>\t\t\t\t\t\t\t\t<\/div>\n\t\t\t\t<\/div>\n\t\t\t\t<\/div>\n\t\t\t\t\t<\/div>\n\t\t\t\t<\/div>\n\t\t<div class=\"elementor-element elementor-element-5a786f8 e-flex e-con-boxed e-con e-parent\" data-id=\"5a786f8\" data-element_type=\"container\" data-e-type=\"container\" data-settings=\"{&quot;jet_parallax_layout_list&quot;:[]}\">\n\t\t\t\t\t<div class=\"e-con-inner\">\n\t\t<div class=\"elementor-element elementor-element-3068a99 e-con-full e-flex e-con e-child\" data-id=\"3068a99\" data-element_type=\"container\" data-e-type=\"container\" data-settings=\"{&quot;background_background&quot;:&quot;slideshow&quot;,&quot;background_slideshow_gallery&quot;:[{&quot;id&quot;:1234,&quot;url&quot;:&quot;https:\\\/\\\/hbt-group.com\\\/wp-content\\\/uploads\\\/2023\\\/06\\\/sheerer-EL3000.jpg&quot;}],&quot;jet_parallax_layout_list&quot;:[],&quot;background_slideshow_loop&quot;:&quot;yes&quot;,&quot;background_slideshow_slide_duration&quot;:5000,&quot;background_slideshow_slide_transition&quot;:&quot;fade&quot;,&quot;background_slideshow_transition_duration&quot;:500}\">\n\t\t\t\t<div class=\"elementor-element elementor-element-989f161 elementor-widget elementor-widget-spacer\" data-id=\"989f161\" data-element_type=\"widget\" data-e-type=\"widget\" data-widget_type=\"spacer.default\">\n\t\t\t\t<div class=\"elementor-widget-container\">\n\t\t\t\t\t\t\t<div class=\"elementor-spacer\">\n\t\t\t<div class=\"elementor-spacer-inner\"><\/div>\n\t\t<\/div>\n\t\t\t\t\t\t<\/div>\n\t\t\t\t<\/div>\n\t\t\t\t<\/div>\n\t\t<div class=\"elementor-element elementor-element-3309e01 e-con-full e-flex e-con e-child\" data-id=\"3309e01\" data-element_type=\"container\" data-e-type=\"container\" data-settings=\"{&quot;jet_parallax_layout_list&quot;:[],&quot;background_background&quot;:&quot;classic&quot;}\">\n\t\t\t\t<div class=\"elementor-element elementor-element-8fdf26a elementor-widget elementor-widget-heading\" data-id=\"8fdf26a\" data-element_type=\"widget\" data-e-type=\"widget\" data-widget_type=\"heading.default\">\n\t\t\t\t<div class=\"elementor-widget-container\">\n\t\t\t\t\t<h3 class=\"elementor-heading-title elementor-size-default\">ABFALLREDUZIERUNG UND WIEDERAUFBEREITUNG<\/h3>\t\t\t\t<\/div>\n\t\t\t\t<\/div>\n\t\t\t\t<div class=\"elementor-element elementor-element-f0d3253 elementor-widget elementor-widget-text-editor\" data-id=\"f0d3253\" data-element_type=\"widget\" data-e-type=\"widget\" data-widget_type=\"text-editor.default\">\n\t\t\t\t<div class=\"elementor-widget-container\">\n\t\t\t\t\t\t\t\t\tDank der Recycling- und Wiederaufbereitungsprogramme von HBT reduzieren Betreiber die Umweltabf\u00e4lle und senken die Betriebskosten ihres Walzenladers. Durch die Nutzung wiederverwendeter oder aufgearbeiteter Teile wie Motoren, Antriebe und Getriebe profitieren sie von einer Kostenersparnis von 40-70 Prozent. Wiederaufgearbeitete Teile erf\u00fcllen unsere anspruchsvollen Qualit\u00e4tsstandards, sind zuverl\u00e4ssig und haben die gleiche Garantie wie neue Teile. Diagnosesysteme und vorbeugende Wartungsprogramme tragen dazu bei, dass die Maschinen mit optimaler Effizienz arbeiten. Dies f\u00fchrt zu einer geringeren Umweltbelastung und niedrigeren Betriebskosten f\u00fcr unsere Kunden.\t\t\t\t\t\t\t\t<\/div>\n\t\t\t\t<\/div>\n\t\t\t\t<\/div>\n\t\t\t\t\t<\/div>\n\t\t\t\t<\/div>\n\t\t<div class=\"elementor-element elementor-element-9543dc9 e-flex e-con-boxed e-con e-parent\" data-id=\"9543dc9\" data-element_type=\"container\" data-e-type=\"container\" data-settings=\"{&quot;jet_parallax_layout_list&quot;:[]}\">\n\t\t\t\t\t<div class=\"e-con-inner\">\n\t\t<div class=\"elementor-element elementor-element-9c832a2 e-con-full e-flex e-con e-child\" data-id=\"9c832a2\" data-element_type=\"container\" data-e-type=\"container\" data-settings=\"{&quot;jet_parallax_layout_list&quot;:[],&quot;background_background&quot;:&quot;classic&quot;}\">\n\t\t\t\t<div class=\"elementor-element elementor-element-5420d23 elementor-widget elementor-widget-heading\" data-id=\"5420d23\" data-element_type=\"widget\" data-e-type=\"widget\" data-widget_type=\"heading.default\">\n\t\t\t\t<div class=\"elementor-widget-container\">\n\t\t\t\t\t<h3 class=\"elementor-heading-title elementor-size-default\">AKTIVE STAUB-UNTERDR\u00dcCKUNG<\/h3>\t\t\t\t<\/div>\n\t\t\t\t<\/div>\n\t\t\t\t<div class=\"elementor-element elementor-element-8e73210 elementor-widget elementor-widget-text-editor\" data-id=\"8e73210\" data-element_type=\"widget\" data-e-type=\"widget\" data-widget_type=\"text-editor.default\">\n\t\t\t\t<div class=\"elementor-widget-container\">\n\t\t\t\t\t\t\t\t\tEin weiteres interessantes Merkmal, das HBT anbietet, ist ein hocheffizientes Staubunterdr\u00fcckungskonzept f\u00fcr HBT Strebbauanlagen. Das bordeigene Wasserspr\u00fchsystem f\u00fcr den Walzenlader und den Schildausbau beinhaltet einen beweglichen Wasservorhang. Hochdruckwasser wird durch D\u00fcsen gespr\u00fcht, die in der Walzenlader-Laufschiene montiert sind. Die Anzahl der D\u00fcsen kann auf eine programmierbare Anzahl von Schilden eingestellt werden. Das System wird von der \u00e4u\u00dferst zuverl\u00e4ssigen und sehr flexiblen Schildausbausteuerung HBT PMC-R aktiviert und gesteuert. Die Spr\u00fchzone bewegt sich mit der Abbaumaschine durch den Streb und ist wesentlich effektiver als die in Walzenladern eingebauten Standard-Staubkontrollsysteme. Dieses System hat schon vielen Bergwerken in der ganzen Welt geholfen, die Staubbelastung erheblich zu reduzieren und die jeweils zul\u00e4ssigen Grenzwerte einzuhalten.\t\t\t\t\t\t\t\t<\/div>\n\t\t\t\t<\/div>\n\t\t\t\t<\/div>\n\t\t<div class=\"elementor-element elementor-element-3a6b880 e-con-full e-flex e-con e-child\" data-id=\"3a6b880\" data-element_type=\"container\" data-e-type=\"container\" data-settings=\"{&quot;background_background&quot;:&quot;classic&quot;,&quot;jet_parallax_layout_list&quot;:[]}\">\n\t\t\t\t<div class=\"elementor-element elementor-element-fa224ab elementor-widget elementor-widget-spacer\" data-id=\"fa224ab\" data-element_type=\"widget\" data-e-type=\"widget\" data-widget_type=\"spacer.default\">\n\t\t\t\t<div class=\"elementor-widget-container\">\n\t\t\t\t\t\t\t<div class=\"elementor-spacer\">\n\t\t\t<div class=\"elementor-spacer-inner\"><\/div>\n\t\t<\/div>\n\t\t\t\t\t\t<\/div>\n\t\t\t\t<\/div>\n\t\t\t\t<\/div>\n\t\t\t\t\t<\/div>\n\t\t\t\t<\/div>\n\t\t<div class=\"elementor-element elementor-element-163edad e-flex e-con-boxed e-con e-parent\" data-id=\"163edad\" data-element_type=\"container\" data-e-type=\"container\" data-settings=\"{&quot;background_background&quot;:&quot;classic&quot;,&quot;jet_parallax_layout_list&quot;:[]}\">\n\t\t\t\t\t<div class=\"e-con-inner\">\n\t\t<div class=\"elementor-element elementor-element-42ec66c e-con-full elementor-hidden-mobile e-flex e-con e-child\" data-id=\"42ec66c\" data-element_type=\"container\" data-e-type=\"container\" data-settings=\"{&quot;jet_parallax_layout_list&quot;:[]}\">\n\t\t\t\t<\/div>\n\t\t<div class=\"elementor-element elementor-element-97f7351 e-con-full e-flex e-con e-child\" data-id=\"97f7351\" data-element_type=\"container\" data-e-type=\"container\" data-settings=\"{&quot;jet_parallax_layout_list&quot;:[]}\">\n\t\t\t\t<div class=\"elementor-element elementor-element-33304fd elementor-widget elementor-widget-text-editor\" data-id=\"33304fd\" data-element_type=\"widget\" data-e-type=\"widget\" data-widget_type=\"text-editor.default\">\n\t\t\t\t<div class=\"elementor-widget-container\">\n\t\t\t\t\t\t\t\t\t<p style=\"font-weight: 400;\"><strong>Fortschrittliche Automatisierung schafft mehr Sicherheit und Effizienz \u2013 f\u00fcr eine nachhaltige Gewinnungsmethode der t\u00e4glichen Kohlef\u00f6rderung unter Tage.<\/strong><\/p>\t\t\t\t\t\t\t\t<\/div>\n\t\t\t\t<\/div>\n\t\t\t\t<\/div>\n\t\t\t\t\t<\/div>\n\t\t\t\t<\/div>\n\t\t\t\t<\/div>\n\t\t","protected":false},"excerpt":{"rendered":"<p>NachhaltigkeitHBT \u00fcbernimmt Verantwortung f\u00fcr Mensch und UmweltClick Here HBT steht daf\u00fcr ein, die Sicherheit und Nachhaltigkeit des Strebbaus untertage zu gew\u00e4hrleisten oder gar zu erh\u00f6hen. Die HBT Strebautomation f\u00f6rdert die Produktivit\u00e4t im Streb; modernste Technik und Schulungen verbessern die Arbeitsbedingungen f\u00fcr das Personal; Innovationen steigern die Umweltvertr\u00e4glichkeit. L\u00d6SUNGEN F\u00dcR DEN STREBBAU Der Strebbau ist das [&hellip;]<\/p>\n","protected":false},"author":1,"featured_media":0,"parent":5096,"menu_order":0,"comment_status":"closed","ping_status":"closed","template":"elementor_header_footer","meta":{"footnotes":""},"class_list":["post-5104","page","type-page","status-publish","hentry"],"_links":{"self":[{"href":"https:\/\/hbt-group.com\/de\/wp-json\/wp\/v2\/pages\/5104","targetHints":{"allow":["GET"]}}],"collection":[{"href":"https:\/\/hbt-group.com\/de\/wp-json\/wp\/v2\/pages"}],"about":[{"href":"https:\/\/hbt-group.com\/de\/wp-json\/wp\/v2\/types\/page"}],"author":[{"embeddable":true,"href":"https:\/\/hbt-group.com\/de\/wp-json\/wp\/v2\/users\/1"}],"replies":[{"embeddable":true,"href":"https:\/\/hbt-group.com\/de\/wp-json\/wp\/v2\/comments?post=5104"}],"version-history":[{"count":7,"href":"https:\/\/hbt-group.com\/de\/wp-json\/wp\/v2\/pages\/5104\/revisions"}],"predecessor-version":[{"id":5771,"href":"https:\/\/hbt-group.com\/de\/wp-json\/wp\/v2\/pages\/5104\/revisions\/5771"}],"up":[{"embeddable":true,"href":"https:\/\/hbt-group.com\/de\/wp-json\/wp\/v2\/pages\/5096"}],"wp:attachment":[{"href":"https:\/\/hbt-group.com\/de\/wp-json\/wp\/v2\/media?parent=5104"}],"curies":[{"name":"wp","href":"https:\/\/api.w.org\/{rel}","templated":true}]}}