{"id":5117,"date":"2023-05-11T13:33:56","date_gmt":"2023-05-11T11:33:56","guid":{"rendered":"https:\/\/staging.hbt-group.com\/imprint\/"},"modified":"2024-03-26T15:12:25","modified_gmt":"2024-03-26T14:12:25","slug":"impressum","status":"publish","type":"page","link":"https:\/\/hbt-group.com\/de\/impressum\/","title":{"rendered":"Impressum"},"content":{"rendered":"\t\t<div data-elementor-type=\"wp-page\" data-elementor-id=\"5117\" class=\"elementor elementor-5117 elementor-202\" data-elementor-post-type=\"page\">\n\t\t\t\t<div class=\"elementor-element elementor-element-04713c3 e-flex e-con-boxed e-con e-parent\" data-id=\"04713c3\" data-element_type=\"container\" data-e-type=\"container\" data-settings=\"{&quot;jet_parallax_layout_list&quot;:[]}\">\n\t\t\t\t\t<div class=\"e-con-inner\">\n\t\t<div class=\"elementor-element elementor-element-7ce5110 e-con-full e-flex e-con e-child\" data-id=\"7ce5110\" data-element_type=\"container\" data-e-type=\"container\" data-settings=\"{&quot;jet_parallax_layout_list&quot;:[]}\">\n\t\t\t\t<div class=\"elementor-element elementor-element-7422102 elementor-widget elementor-widget-text-editor\" data-id=\"7422102\" data-element_type=\"widget\" data-e-type=\"widget\" data-widget_type=\"text-editor.default\">\n\t\t\t\t<div class=\"elementor-widget-container\">\n\t\t\t\t\t\t\t\t\t<h1>Impressum &amp; Rechtliche Hinweise<\/h1><p>Unternehmensangaben gem\u00e4\u00df \u00a7 5 TMG (Telemediengesetz):<\/p><p><strong>HBT GmbH<\/strong><br \/>Industriestra\u00dfe 1<br \/>44534 L\u00fcnen<br \/>Deutschland<\/p><p>Telefon: +49 2306 747-1100<br \/>Fax: +49 2306\u00a0<span style=\"font-family: var( --e-global-typography-text-font-family ), Sans-serif; font-size: var( --e-global-typography-text-font-size ); text-align: var(--text-align);\">709-421<br \/><\/span><span style=\"font-family: var( --e-global-typography-text-font-family ), Sans-serif; font-size: var( --e-global-typography-text-font-size ); text-align: var(--text-align);\">E-Mail: info@hbt-group.com<\/span><\/p><p><strong>Gesch\u00e4ftsf\u00fchrer:<\/strong><br \/>Christoph Koslowski (CEO)<\/p><p><strong>Sitz der Gesellschaft:<\/strong><br \/>L\u00fcnen<\/p><p><strong>Registergericht:<\/strong><br \/>Amtsgericht Dortmund<\/p><p><strong>Registernummer der Gesellschaft:<\/strong><br \/>HRB 17120<\/p><p><strong>Umsatzsteuer-ID:<\/strong> <br \/>DE170829624<\/p><p>Das Impressum ist auch f\u00fcr unsere Social Media Profile g\u00fcltig: LinkedIn, Youtube<\/p><p><strong>Konzept und Gestaltung:<\/strong><br \/><a href=\"https:\/\/www.5th-floor.de\" target=\"_blank\" rel=\"noopener\">5th FLOOR GmbH<\/a><\/p><h3>Haftungsausschluss<\/h3><p><strong>Haftung f\u00fcr Inhalte<\/strong><\/p><p>Die Inhalte dieser Website wurden mit gr\u00f6\u00dftm\u00f6glicher Sorgfalt erstellt. F\u00fcr die Richtigkeit, Vollst\u00e4ndigkeit und Aktualit\u00e4t der Inhalte k\u00f6nnen wir jedoch keine Gew\u00e4hr \u00fcbernehmen. Als Diensteanbieter sind wir gem\u00e4\u00df \u00a7 7 Abs.1 TMG f\u00fcr eigene Inhalte auf diesen Seiten nach den allgemeinen Gesetzen verantwortlich. Nach \u00a7\u00a7 8 bis 10 TMG sind wir als Diensteanbieter jedoch nicht verpflichtet, \u00fcbermittelte oder gespeicherte fremde Informationen zu \u00fcberwachen oder nach Umst\u00e4nden zu forschen, die auf eine rechtswidrige T\u00e4tigkeit hinweisen. Verpflichtungen zur Entfernung oder Sperrung der Nutzung von Informationen nach den allgemeinen Gesetzen bleiben hiervon unber\u00fchrt. Eine diesbez\u00fcgliche Haftung ist jedoch erst ab dem Zeitpunkt der Kenntnis einer konkreten Rechtsverletzung m\u00f6glich. Bei Bekanntwerden von entsprechenden Rechtsverletzungen werden wir diese Inhalte umgehend entfernen.<\/p><p><strong>Haftung f\u00fcr Links<\/strong><\/p><p>Unser Angebot enth\u00e4lt Links zu externen Webseiten Dritter, auf deren Inhalte wir keinen Einfluss haben. Aus diesem Grund k\u00f6nnen wir f\u00fcr diese fremden Inhalte auch keine Gew\u00e4hr \u00fcbernehmen. F\u00fcr die Inhalte der verlinkten Seiten ist stets der jeweilige Anbieter oder Betreiber der Seiten verantwortlich. Die verlinkten Seiten wurden zum Zeitpunkt der Verlinkung auf m\u00f6gliche Rechtsverst\u00f6\u00dfe \u00fcberpr\u00fcft. Rechtswidrige Inhalte waren zum Zeitpunkt der Verlinkung nicht erkennbar. Eine permanente inhaltliche Kontrolle der verlinkten Seiten ist jedoch ohne konkrete Anhaltspunkte einer Rechtsverletzung nicht zumutbar. Bei Bekanntwerden von Rechtsverletzungen werden wir derartige Links umgehend entfernen.<\/p><p><strong>Urheberrecht<\/strong><\/p><p>Die durch den Seitenbetreiber erstellten Inhalte und Werke auf diesen Seiten unterliegen dem deutschen Urheberrecht. Die Vervielf\u00e4ltigung, Bearbeitung, Verbreitung und jede Art der Verwertung au\u00dferhalb der Grenzen des Urheberrechtes bed\u00fcrfen der schriftlichen Zustimmung des jeweiligen Autors bzw. Erstellers. Downloads und Kopien dieser Seite sind, auch auszugsweise, nur f\u00fcr den privaten, nicht kommerziellen Gebrauch gestattet. Soweit die Inhalte auf dieser Seite nicht vom Betreiber erstellt wurden, werden die Urheberrechte Dritter beachtet, insbesondere werden die Beitr\u00e4ge Dritter als solche gekennzeichnet. Sollten Sie trotzdem auf eine Urheberrechtsverletzung aufmerksam werden, bitten wir um einen entsprechenden Hinweis. Bei Bekanntwerden von Rechtsverletzungen werden wir derartige Inhalte umgehend entfernen. Datenschutz Die Nutzung unserer Webseite ist in der Regel ohne Angabe personenbezogener Daten m\u00f6glich. Soweit auf unseren Seiten personenbezogene Daten (beispielsweise Name, Anschrift oder eMail-Adressen) erhoben werden, erfolgt dies, soweit m\u00f6glich, stets auf freiwilliger Basis. Diese Daten werden ohne Ihre ausdr\u00fcckliche Zustimmung nicht an Dritte weitergegeben.<\/p>\t\t\t\t\t\t\t\t<\/div>\n\t\t\t\t<\/div>\n\t\t\t\t<\/div>\n\t\t\t\t\t<\/div>\n\t\t\t\t<\/div>\n\t\t\t\t<\/div>\n\t\t","protected":false},"excerpt":{"rendered":"<p>Impressum &amp; Rechtliche Hinweise Unternehmensangaben gem\u00e4\u00df \u00a7 5 TMG (Telemediengesetz): HBT GmbHIndustriestra\u00dfe 144534 L\u00fcnenDeutschland Telefon: +49 2306 747-1100Fax: +49 2306\u00a0709-421E-Mail: info@hbt-group.com Gesch\u00e4ftsf\u00fchrer:Christoph Koslowski (CEO) Sitz der Gesellschaft:L\u00fcnen Registergericht:Amtsgericht Dortmund Registernummer der Gesellschaft:HRB 17120 Umsatzsteuer-ID: DE170829624 Das Impressum ist auch f\u00fcr unsere Social Media Profile g\u00fcltig: LinkedIn, Youtube Konzept und Gestaltung:5th FLOOR GmbH Haftungsausschluss Haftung f\u00fcr [&hellip;]<\/p>\n","protected":false},"author":1,"featured_media":0,"parent":0,"menu_order":0,"comment_status":"closed","ping_status":"closed","template":"elementor_header_footer","meta":{"footnotes":""},"class_list":["post-5117","page","type-page","status-publish","hentry"],"_links":{"self":[{"href":"https:\/\/hbt-group.com\/de\/wp-json\/wp\/v2\/pages\/5117","targetHints":{"allow":["GET"]}}],"collection":[{"href":"https:\/\/hbt-group.com\/de\/wp-json\/wp\/v2\/pages"}],"about":[{"href":"https:\/\/hbt-group.com\/de\/wp-json\/wp\/v2\/types\/page"}],"author":[{"embeddable":true,"href":"https:\/\/hbt-group.com\/de\/wp-json\/wp\/v2\/users\/1"}],"replies":[{"embeddable":true,"href":"https:\/\/hbt-group.com\/de\/wp-json\/wp\/v2\/comments?post=5117"}],"version-history":[{"count":19,"href":"https:\/\/hbt-group.com\/de\/wp-json\/wp\/v2\/pages\/5117\/revisions"}],"predecessor-version":[{"id":9285,"href":"https:\/\/hbt-group.com\/de\/wp-json\/wp\/v2\/pages\/5117\/revisions\/9285"}],"wp:attachment":[{"href":"https:\/\/hbt-group.com\/de\/wp-json\/wp\/v2\/media?parent=5117"}],"curies":[{"name":"wp","href":"https:\/\/api.w.org\/{rel}","templated":true}]}}