{"id":5129,"date":"2023-06-03T14:51:24","date_gmt":"2023-06-03T12:51:24","guid":{"rendered":"https:\/\/staging.hbt-group.com\/produktgruppen\/electrical-engineering\/"},"modified":"2023-10-26T16:46:10","modified_gmt":"2023-10-26T14:46:10","slug":"elektrotechnik-automatisierung","status":"publish","type":"page","link":"https:\/\/hbt-group.com\/de\/produktgruppen\/elektrotechnik-automatisierung\/","title":{"rendered":"Elektrotechnik und Automatisierung f\u00fcr Bergbau und Tunnelbau"},"content":{"rendered":"\t\t<div data-elementor-type=\"wp-page\" data-elementor-id=\"5129\" class=\"elementor elementor-5129 elementor-946\" data-elementor-post-type=\"page\">\n\t\t\t\t<div class=\"elementor-element elementor-element-3f05b241 e-con-full e-flex e-con e-parent\" data-id=\"3f05b241\" data-element_type=\"container\" data-e-type=\"container\" data-settings=\"{&quot;jet_parallax_layout_list&quot;:[]}\">\n\t\t\t\t<div class=\"elementor-element elementor-element-f2d85c9 elementor--h-position-center elementor--v-position-middle elementor-arrows-position-inside elementor-pagination-position-inside elementor-widget elementor-widget-slides\" data-id=\"f2d85c9\" data-element_type=\"widget\" data-e-type=\"widget\" data-settings=\"{&quot;transition&quot;:&quot;fade&quot;,&quot;navigation&quot;:&quot;both&quot;,&quot;autoplay&quot;:&quot;yes&quot;,&quot;pause_on_hover&quot;:&quot;yes&quot;,&quot;pause_on_interaction&quot;:&quot;yes&quot;,&quot;autoplay_speed&quot;:5000,&quot;infinite&quot;:&quot;yes&quot;,&quot;transition_speed&quot;:500}\" data-widget_type=\"slides.default\">\n\t\t\t\t<div class=\"elementor-widget-container\">\n\t\t\t\t\t\t\t\t\t<div class=\"elementor-swiper\">\n\t\t\t\t\t<div class=\"elementor-slides-wrapper elementor-main-swiper swiper\" role=\"region\" aria-roledescription=\"carousel\" aria-label=\"Slider\" dir=\"ltr\" data-animation=\"\">\n\t\t\t\t<div class=\"swiper-wrapper elementor-slides\">\n\t\t\t\t\t\t\t\t\t\t<div class=\"elementor-repeater-item-a50659d swiper-slide\" role=\"group\" aria-roledescription=\"slide\"><div class=\"swiper-slide-bg\" role=\"img\" aria-label=\"Electrical-Engineering\"><\/div><div class=\"swiper-slide-inner\" ><div class=\"swiper-slide-contents\"><div class=\"elementor-slide-heading\">Hauhinco Bergbautechnik<\/div><div class=\"elementor-slide-description\">Elektrotechnik & Automatisierung<\/div><a href=\"#content\" class=\"elementor-button elementor-slide-button elementor-size-sm\">Click Here<\/a><\/div><\/div><\/div>\t\t\t\t<\/div>\n\t\t\t\t\t\t\t<\/div>\n\t\t\t\t<\/div>\n\t\t\t\t\t\t\t\t<\/div>\n\t\t\t\t<\/div>\n\t\t\t\t<\/div>\n\t\t<div class=\"elementor-element elementor-element-74641bf9 e-flex e-con-boxed e-con e-parent\" data-id=\"74641bf9\" data-element_type=\"container\" data-e-type=\"container\" id=\"content\" data-settings=\"{&quot;jet_parallax_layout_list&quot;:[]}\">\n\t\t\t\t\t<div class=\"e-con-inner\">\n\t\t\t\t<div class=\"elementor-element elementor-element-1104dc4b elementor-widget elementor-widget-heading\" data-id=\"1104dc4b\" data-element_type=\"widget\" data-e-type=\"widget\" data-widget_type=\"heading.default\">\n\t\t\t\t<div class=\"elementor-widget-container\">\n\t\t\t\t\t<h1 class=\"elementor-heading-title elementor-size-default\">ELEKTROTECHNISCHE L\u00d6SUNGEN F\u00dcR DEN BERG- UND TUNNELBAU<\/h1>\t\t\t\t<\/div>\n\t\t\t\t<\/div>\n\t\t\t\t<div class=\"elementor-element elementor-element-3805996d elementor-widget elementor-widget-text-editor\" data-id=\"3805996d\" data-element_type=\"widget\" data-e-type=\"widget\" data-widget_type=\"text-editor.default\">\n\t\t\t\t<div class=\"elementor-widget-container\">\n\t\t\t\t\t\t\t\t\tHBT konzentriert sich auf L\u00f6sungen f\u00fcr anspruchsvolle elektrotechnische Herausforderungen in der Rohstoff- und Schwerindustrie. Ob es sich um die Stromversorgung einer mobilen Maschine oder die Einspeisung von fest installierten Anlagen handelt, ob in einem Tunnel oder in einem Bergwerk, ob in Gefahrenbereichen wie Gasfeldern oder auf Offshore-Anlagen: HBT wei\u00df, wie man Sie bei Ihren Herausforderungen unterst\u00fctzt.\n\nEgal, ob Sie eine einzelne Maschine oder eine ganze Arbeitsumgebung versorgen und steuern wollen. Gemeinsam mit Ihnen entwerfen wir Prototypen f\u00fcr Ihre Anlagen oder greifen auf unsere ausgereiften L\u00f6sungen zur\u00fcck. Wenn Sie einen Partner f\u00fcr die Herstellung Ihrer Energieverteilungs- und Automatisierungssysteme suchen, ist HBT der Lieferant Ihrer Wahl &#8211; mit kosteneffizienten und flexiblen L\u00f6sungen, die Ihnen zum Erfolg verhelfen.\n\t\t\t\t\t\t\t\t<\/div>\n\t\t\t\t<\/div>\n\t\t\t\t\t<\/div>\n\t\t\t\t<\/div>\n\t\t<div class=\"elementor-element elementor-element-4dc8f4f e-flex e-con-boxed e-con e-parent\" data-id=\"4dc8f4f\" data-element_type=\"container\" data-e-type=\"container\" data-settings=\"{&quot;background_background&quot;:&quot;classic&quot;,&quot;jet_parallax_layout_list&quot;:[]}\">\n\t\t\t\t\t<div class=\"e-con-inner\">\n\t\t<div class=\"elementor-element elementor-element-67f356f6 e-con-full e-flex e-con e-child\" data-id=\"67f356f6\" data-element_type=\"container\" data-e-type=\"container\" data-settings=\"{&quot;jet_parallax_layout_list&quot;:[]}\">\n\t\t\t\t<div class=\"elementor-element elementor-element-20861607 elementor-widget elementor-widget-heading\" data-id=\"20861607\" data-element_type=\"widget\" data-e-type=\"widget\" data-widget_type=\"heading.default\">\n\t\t\t\t<div class=\"elementor-widget-container\">\n\t\t\t\t\t<h2 class=\"elementor-heading-title elementor-size-default\">ELEKTROTECHNISCHE KOMPETENZ<\/h2>\t\t\t\t<\/div>\n\t\t\t\t<\/div>\n\t\t\t\t<div class=\"elementor-element elementor-element-7e2daea2 elementor-widget elementor-widget-text-editor\" data-id=\"7e2daea2\" data-element_type=\"widget\" data-e-type=\"widget\" data-widget_type=\"text-editor.default\">\n\t\t\t\t<div class=\"elementor-widget-container\">\n\t\t\t\t\t\t\t\t\t<p style=\"font-weight: 400;\">Die harten und kompromisslosen Anforderungen im Untertagebau haben unsere Arbeit und unsere Produkte gepr\u00e4gt. HBT verteilt und steuert die Energie, die Sie brauchen. Egal ob Sie Gestein abbauen, Tunnel bauen oder Bodensch\u00e4tze f\u00f6rdern: Unsere Ingenieure entwerfen die optimale L\u00f6sung. Das elektrotechnische Produktportfolio von HBT zeichnet sich durch eine konsequent robuste Bauweise und je nach Anforderung durch einen effektiven Explosionsschutz aus.<\/p>\t\t\t\t\t\t\t\t<\/div>\n\t\t\t\t<\/div>\n\t\t\t\t<\/div>\n\t\t<div class=\"elementor-element elementor-element-60286520 e-con-full e-flex e-con e-child\" data-id=\"60286520\" data-element_type=\"container\" data-e-type=\"container\" data-settings=\"{&quot;background_background&quot;:&quot;classic&quot;,&quot;jet_parallax_layout_list&quot;:[]}\">\n\t\t\t\t<\/div>\n\t\t\t\t\t<\/div>\n\t\t\t\t<\/div>\n\t\t<div class=\"elementor-element elementor-element-def1402 e-grid e-con-boxed e-con e-parent\" data-id=\"def1402\" data-element_type=\"container\" data-e-type=\"container\" data-settings=\"{&quot;jet_parallax_layout_list&quot;:[]}\">\n\t\t\t\t\t<div class=\"e-con-inner\">\n\t\t\t\t<div class=\"elementor-element elementor-element-6f6d75f elementor-cta--skin-cover elementor-cta--valign-top elementor-bg-transform elementor-bg-transform-move-left elementor-animated-content elementor-invisible elementor-widget elementor-widget-call-to-action\" data-id=\"6f6d75f\" data-element_type=\"widget\" data-e-type=\"widget\" data-settings=\"{&quot;_animation&quot;:&quot;fadeInUp&quot;}\" data-widget_type=\"call-to-action.default\">\n\t\t\t\t<div class=\"elementor-widget-container\">\n\t\t\t\t\t\t\t<div class=\"elementor-cta\">\n\t\t\t\t\t<div class=\"elementor-cta__bg-wrapper\">\n\t\t\t\t<div class=\"elementor-cta__bg elementor-bg\" style=\"background-image: url(https:\/\/hbt-group.com\/wp-content\/uploads\/2023\/09\/EXPROTEC_08-1024x683.jpg);\" role=\"img\" aria-label=\"EXPROTEC_08\"><\/div>\n\t\t\t\t<div class=\"elementor-cta__bg-overlay\"><\/div>\n\t\t\t<\/div>\n\t\t\t\t\t\t\t<div class=\"elementor-cta__content\">\n\t\t\t\t\n\t\t\t\t\t\t\t\t\t<h2 class=\"elementor-cta__title elementor-cta__content-item elementor-content-item elementor-animated-item--move-right\">\n\t\t\t\t\t\tLUFTGEK\u00dcHLTE TRANSFORMATOREN\t\t\t\t\t<\/h2>\n\t\t\t\t\n\t\t\t\t\t\t\t\t\t<div class=\"elementor-cta__description elementor-cta__content-item elementor-content-item elementor-animated-item--move-right\">\n\t\t\t\t\t\tStromverteilung f\u00fcr Teilschnittmaschinen, Bandf\u00f6rderer, Pendelwagen, Ventilatoren und Beleuchtung.\t\t\t\t\t<\/div>\n\t\t\t\t\n\t\t\t\t\t\t\t\t\t<div class=\"elementor-cta__button-wrapper elementor-cta__content-item elementor-content-item elementor-animated-item--move-right\">\n\t\t\t\t\t<a class=\"elementor-cta__button elementor-button elementor-size-\" href=\"https:\/\/hbt-group.com\/de\/produktgruppen\/elektrotechnik-automatisierung\/stromverteilungszentrale\/\">\n\t\t\t\t\t\tKlicken Sie hier\t\t\t\t\t<\/a>\n\t\t\t\t\t<\/div>\n\t\t\t\t\t\t\t<\/div>\n\t\t\t\t\t\t<\/div>\n\t\t\t\t\t\t<\/div>\n\t\t\t\t<\/div>\n\t\t\t\t<div class=\"elementor-element elementor-element-11d969c elementor-cta--skin-cover elementor-cta--valign-top elementor-bg-transform elementor-bg-transform-move-left elementor-animated-content elementor-invisible elementor-widget elementor-widget-call-to-action\" data-id=\"11d969c\" data-element_type=\"widget\" data-e-type=\"widget\" data-settings=\"{&quot;_animation&quot;:&quot;fadeInUp&quot;}\" data-widget_type=\"call-to-action.default\">\n\t\t\t\t<div class=\"elementor-widget-container\">\n\t\t\t\t\t\t\t<div class=\"elementor-cta\">\n\t\t\t\t\t<div class=\"elementor-cta__bg-wrapper\">\n\t\t\t\t<div class=\"elementor-cta__bg elementor-bg\" style=\"background-image: url(https:\/\/hbt-group.com\/wp-content\/uploads\/2023\/09\/Compact-Stations-4c-1024x683.jpg);\" role=\"img\" aria-label=\"Compact-Stations-4c\"><\/div>\n\t\t\t\t<div class=\"elementor-cta__bg-overlay\"><\/div>\n\t\t\t<\/div>\n\t\t\t\t\t\t\t<div class=\"elementor-cta__content\">\n\t\t\t\t\n\t\t\t\t\t\t\t\t\t<h2 class=\"elementor-cta__title elementor-cta__content-item elementor-content-item elementor-animated-item--move-right\">\n\t\t\t\t\t\tKOMPAKTSTATIONEN\t\t\t\t\t<\/h2>\n\t\t\t\t\n\t\t\t\t\t\t\t\t\t<div class=\"elementor-cta__description elementor-cta__content-item elementor-content-item elementor-animated-item--move-right\">\n\t\t\t\t\t\tHBT-Kompaktstationen sind robuste Schaltanlagen und sorgen f\u00fcr die Energieverteilung, Echtzeit\u00fcberwachung und Steuerung mobiler und station\u00e4rer Maschinen in Kohlebergwerken und unterirdischen Erzgruben.\t\t\t\t\t<\/div>\n\t\t\t\t\n\t\t\t\t\t\t\t\t\t<div class=\"elementor-cta__button-wrapper elementor-cta__content-item elementor-content-item elementor-animated-item--move-right\">\n\t\t\t\t\t<a class=\"elementor-cta__button elementor-button elementor-size-\" href=\"https:\/\/hbt-group.com\/de\/produktgruppen\/elektrotechnik-automatisierung\/compact-stations\/\">\n\t\t\t\t\t\tKlicken Sie hier\t\t\t\t\t<\/a>\n\t\t\t\t\t<\/div>\n\t\t\t\t\t\t\t<\/div>\n\t\t\t\t\t\t<\/div>\n\t\t\t\t\t\t<\/div>\n\t\t\t\t<\/div>\n\t\t\t\t<div class=\"elementor-element elementor-element-f146935 elementor-cta--skin-cover elementor-cta--valign-top elementor-bg-transform elementor-bg-transform-move-left elementor-animated-content elementor-invisible elementor-widget elementor-widget-call-to-action\" data-id=\"f146935\" data-element_type=\"widget\" data-e-type=\"widget\" data-settings=\"{&quot;_animation&quot;:&quot;fadeInUp&quot;}\" data-widget_type=\"call-to-action.default\">\n\t\t\t\t<div class=\"elementor-widget-container\">\n\t\t\t\t\t\t\t<div class=\"elementor-cta\">\n\t\t\t\t\t<div class=\"elementor-cta__bg-wrapper\">\n\t\t\t\t<div class=\"elementor-cta__bg elementor-bg\" style=\"background-image: url(https:\/\/hbt-group.com\/wp-content\/uploads\/2023\/09\/frequency-converter-4c-1024x683.jpg);\" role=\"img\" aria-label=\"frequency-converter-4c\"><\/div>\n\t\t\t\t<div class=\"elementor-cta__bg-overlay\"><\/div>\n\t\t\t<\/div>\n\t\t\t\t\t\t\t<div class=\"elementor-cta__content\">\n\t\t\t\t\n\t\t\t\t\t\t\t\t\t<h2 class=\"elementor-cta__title elementor-cta__content-item elementor-content-item elementor-animated-item--move-right\">\n\t\t\t\t\t\tFREQUENZUMRICHTER\t\t\t\t\t<\/h2>\n\t\t\t\t\n\t\t\t\t\t\t\t\t\t<div class=\"elementor-cta__description elementor-cta__content-item elementor-content-item elementor-animated-item--move-right\">\n\t\t\t\t\t\tAntrieb von Mehrmotorenantrieben mit Drehmomentausgleich f\u00fcr B\u00e4nder, F\u00f6rderer, Brecher und Ventilatoren.\t\t\t\t\t<\/div>\n\t\t\t\t\n\t\t\t\t\t\t\t\t\t<div class=\"elementor-cta__button-wrapper elementor-cta__content-item elementor-content-item elementor-animated-item--move-right\">\n\t\t\t\t\t<a class=\"elementor-cta__button elementor-button elementor-size-\" href=\"https:\/\/hbt-group.com\/de\/produktgruppen\/elektrotechnik-automatisierung\/frequenzumwandler\/\">\n\t\t\t\t\t\tKlicken Sie hier\t\t\t\t\t<\/a>\n\t\t\t\t\t<\/div>\n\t\t\t\t\t\t\t<\/div>\n\t\t\t\t\t\t<\/div>\n\t\t\t\t\t\t<\/div>\n\t\t\t\t<\/div>\n\t\t\t\t<div class=\"elementor-element elementor-element-bd5891a elementor-cta--skin-cover elementor-cta--valign-top elementor-bg-transform elementor-bg-transform-move-left elementor-animated-content elementor-invisible elementor-widget elementor-widget-call-to-action\" data-id=\"bd5891a\" data-element_type=\"widget\" data-e-type=\"widget\" data-settings=\"{&quot;_animation&quot;:&quot;fadeInUp&quot;}\" data-widget_type=\"call-to-action.default\">\n\t\t\t\t<div class=\"elementor-widget-container\">\n\t\t\t\t\t\t\t<div class=\"elementor-cta\">\n\t\t\t\t\t<div class=\"elementor-cta__bg-wrapper\">\n\t\t\t\t<div class=\"elementor-cta__bg elementor-bg\" style=\"background-image: url(https:\/\/hbt-group.com\/wp-content\/uploads\/2023\/09\/title-electrical-engineering-1024x683.jpg);\" role=\"img\" aria-label=\"title-electrical-engineering\"><\/div>\n\t\t\t\t<div class=\"elementor-cta__bg-overlay\"><\/div>\n\t\t\t<\/div>\n\t\t\t\t\t\t\t<div class=\"elementor-cta__content\">\n\t\t\t\t\n\t\t\t\t\t\t\t\t\t<h2 class=\"elementor-cta__title elementor-cta__content-item elementor-content-item elementor-animated-item--move-right\">\n\t\t\t\t\t\tBERGBAUMOTOREN\t\t\t\t\t<\/h2>\n\t\t\t\t\n\t\t\t\t\t\t\t\t\t<div class=\"elementor-cta__description elementor-cta__content-item elementor-content-item elementor-animated-item--move-right\">\n\t\t\t\t\t\tZuverl\u00e4ssige und hocheffiziente Elektromotorl\u00f6sungen f\u00fcr Schwerlast-Anwendungen im Berg- und Tunnelbau.\t\t\t\t\t<\/div>\n\t\t\t\t\n\t\t\t\t\t\t\t\t\t<div class=\"elementor-cta__button-wrapper elementor-cta__content-item elementor-content-item elementor-animated-item--move-right\">\n\t\t\t\t\t<a class=\"elementor-cta__button elementor-button elementor-size-\" href=\"https:\/\/hbt-group.com\/de\/produktgruppen\/elektrotechnik-automatisierung\/bergbau-motoren\/\">\n\t\t\t\t\t\tKlicken Sie hier\t\t\t\t\t<\/a>\n\t\t\t\t\t<\/div>\n\t\t\t\t\t\t\t<\/div>\n\t\t\t\t\t\t<\/div>\n\t\t\t\t\t\t<\/div>\n\t\t\t\t<\/div>\n\t\t\t\t<div class=\"elementor-element elementor-element-1f66455 elementor-cta--skin-cover elementor-cta--valign-top elementor-bg-transform elementor-bg-transform-move-left elementor-animated-content elementor-invisible elementor-widget elementor-widget-call-to-action\" data-id=\"1f66455\" data-element_type=\"widget\" data-e-type=\"widget\" data-settings=\"{&quot;_animation&quot;:&quot;fadeInUp&quot;}\" data-widget_type=\"call-to-action.default\">\n\t\t\t\t<div class=\"elementor-widget-container\">\n\t\t\t\t\t\t\t<div class=\"elementor-cta\">\n\t\t\t\t\t<div class=\"elementor-cta__bg-wrapper\">\n\t\t\t\t<div class=\"elementor-cta__bg elementor-bg\" style=\"background-image: url(https:\/\/hbt-group.com\/wp-content\/uploads\/2023\/09\/microprocessor-control-systems-1-1024x683.jpeg);\" role=\"img\" aria-label=\"Close up PCB circuit board digital technology  communication data system\"><\/div>\n\t\t\t\t<div class=\"elementor-cta__bg-overlay\"><\/div>\n\t\t\t<\/div>\n\t\t\t\t\t\t\t<div class=\"elementor-cta__content\">\n\t\t\t\t\n\t\t\t\t\t\t\t\t\t<h2 class=\"elementor-cta__title elementor-cta__content-item elementor-content-item elementor-animated-item--move-right\">\n\t\t\t\t\t\tAUTOMATISIERUNGSSYSTEME\t\t\t\t\t<\/h2>\n\t\t\t\t\n\t\t\t\t\t\t\t\t\t<div class=\"elementor-cta__description elementor-cta__content-item elementor-content-item elementor-animated-item--move-right\">\n\t\t\t\t\t\tAutomatisierungskomponenten f\u00fcr die Steuerung und Visualisierung von Betriebsdaten.\t\t\t\t\t<\/div>\n\t\t\t\t\n\t\t\t\t\t\t\t\t\t<div class=\"elementor-cta__button-wrapper elementor-cta__content-item elementor-content-item elementor-animated-item--move-right\">\n\t\t\t\t\t<a class=\"elementor-cta__button elementor-button elementor-size-\" href=\"https:\/\/hbt-group.com\/de\/produktgruppen\/elektrotechnik-automatisierung\/automatisierungs-systems\/\">\n\t\t\t\t\t\tKlicken Sie hier\t\t\t\t\t<\/a>\n\t\t\t\t\t<\/div>\n\t\t\t\t\t\t\t<\/div>\n\t\t\t\t\t\t<\/div>\n\t\t\t\t\t\t<\/div>\n\t\t\t\t<\/div>\n\t\t<div class=\"elementor-element elementor-element-ffb2c3d e-flex e-con-boxed e-con e-child\" data-id=\"ffb2c3d\" data-element_type=\"container\" data-e-type=\"container\" data-settings=\"{&quot;jet_parallax_layout_list&quot;:[]}\">\n\t\t\t\t\t<div class=\"e-con-inner\">\n\t\t\t\t<div class=\"elementor-element elementor-element-c5ad973 elementor-widget elementor-widget-heading\" data-id=\"c5ad973\" data-element_type=\"widget\" data-e-type=\"widget\" data-widget_type=\"heading.default\">\n\t\t\t\t<div class=\"elementor-widget-container\">\n\t\t\t\t\t<h2 class=\"elementor-heading-title elementor-size-default\">UNSERE GESCHICHTE REICHT FAST 200 JAHRE ZUR\u00dcCK<\/h2>\t\t\t\t<\/div>\n\t\t\t\t<\/div>\n\t\t\t\t<div class=\"elementor-element elementor-element-12c7247 elementor-widget elementor-widget-text-editor\" data-id=\"12c7247\" data-element_type=\"widget\" data-e-type=\"widget\" data-widget_type=\"text-editor.default\">\n\t\t\t\t<div class=\"elementor-widget-container\">\n\t\t\t\t\t\t\t\t\t<p>Die HBT-Bergbautechnik f\u00fcr die untert\u00e4gige Kohlef\u00f6rderung blickt auf eine lange, fast 200-j\u00e4hrige Geschichte zur\u00fcck. Auch wenn der Steinkohlebergbau in Deutschland der Vergangenheit angeh\u00f6rt, bleibt das deutsche Technologie-Know-how im Bereich des Bergbaus ein unverwechselbares Markenzeichen.<\/p><p>HBT kann heute auf einen gro\u00dfen und langj\u00e4hrigen Erfahrungsschatz aus der Beherrschung auch schwierigster geologischer Verh\u00e4ltnisse zur\u00fcckgreifen \u2013 so wie es im deutschen Bergbau vielerorts der Fall war.<\/p>\t\t\t\t\t\t\t\t<\/div>\n\t\t\t\t<\/div>\n\t\t\t\t<div class=\"elementor-element elementor-element-fa59d7b elementor-widget elementor-widget-button\" data-id=\"fa59d7b\" data-element_type=\"widget\" data-e-type=\"widget\" data-widget_type=\"button.default\">\n\t\t\t\t<div class=\"elementor-widget-container\">\n\t\t\t\t\t\t\t\t\t<div class=\"elementor-button-wrapper\">\n\t\t\t\t\t<a class=\"elementor-button elementor-button-link elementor-size-sm elementor-animation-grow\" href=\"https:\/\/hbt-group.com\/de\/firmenprofil\/historie\/\">\n\t\t\t\t\t\t<span class=\"elementor-button-content-wrapper\">\n\t\t\t\t\t\t\t\t\t<span class=\"elementor-button-text\">Historie<\/span>\n\t\t\t\t\t<\/span>\n\t\t\t\t\t<\/a>\n\t\t\t\t<\/div>\n\t\t\t\t\t\t\t\t<\/div>\n\t\t\t\t<\/div>\n\t\t\t\t\t<\/div>\n\t\t\t\t<\/div>\n\t\t\t\t\t<\/div>\n\t\t\t\t<\/div>\n\t\t<div class=\"elementor-element elementor-element-06f61cf e-flex e-con-boxed e-con e-parent\" data-id=\"06f61cf\" data-element_type=\"container\" data-e-type=\"container\" data-settings=\"{&quot;background_background&quot;:&quot;classic&quot;,&quot;jet_parallax_layout_list&quot;:[]}\">\n\t\t\t\t\t<div class=\"e-con-inner\">\n\t\t<div class=\"elementor-element elementor-element-2e1d015 e-con-full e-flex e-con e-child\" data-id=\"2e1d015\" data-element_type=\"container\" data-e-type=\"container\" data-settings=\"{&quot;jet_parallax_layout_list&quot;:[]}\">\n\t\t\t\t<\/div>\n\t\t<div class=\"elementor-element elementor-element-ad284c2 e-con-full e-flex e-con e-child\" data-id=\"ad284c2\" data-element_type=\"container\" data-e-type=\"container\" data-settings=\"{&quot;jet_parallax_layout_list&quot;:[]}\">\n\t\t\t\t<div class=\"elementor-element elementor-element-301ef15 elementor-widget elementor-widget-heading\" data-id=\"301ef15\" data-element_type=\"widget\" data-e-type=\"widget\" data-widget_type=\"heading.default\">\n\t\t\t\t<div class=\"elementor-widget-container\">\n\t\t\t\t\t<h1 class=\"elementor-heading-title elementor-size-default\">GEPR\u00dcFTE QUALIT\u00c4T<\/h1>\t\t\t\t<\/div>\n\t\t\t\t<\/div>\n\t\t\t\t<div class=\"elementor-element elementor-element-862a49e elementor-widget elementor-widget-text-editor\" data-id=\"862a49e\" data-element_type=\"widget\" data-e-type=\"widget\" data-widget_type=\"text-editor.default\">\n\t\t\t\t<div class=\"elementor-widget-container\">\n\t\t\t\t\t\t\t\t\t<p style=\"font-weight: 400;\">Forschung, Entwicklung, Konstruktion und Fertigung erfolgen in den HBT-Standorten. Dadurch wird sichergestellt, dass alle Ger\u00e4te den h\u00f6chsten Standards und internationalen gesetzlichen Anforderungen entsprechen. Neben der Herstellung der Maschinen produziert HBT auch hochwertige Ersatzeile und bietet einen erstklassigen Service f\u00fcr alle Ger\u00e4te.<\/p>\t\t\t\t\t\t\t\t<\/div>\n\t\t\t\t<\/div>\n\t\t\t\t<div class=\"elementor-element elementor-element-c9603d1 elementor-widget elementor-widget-button\" data-id=\"c9603d1\" data-element_type=\"widget\" data-e-type=\"widget\" data-widget_type=\"button.default\">\n\t\t\t\t<div class=\"elementor-widget-container\">\n\t\t\t\t\t\t\t\t\t<div class=\"elementor-button-wrapper\">\n\t\t\t\t\t<a class=\"elementor-button elementor-button-link elementor-size-sm elementor-animation-grow\" href=\"https:\/\/hbt-group.com\/de\/aftermarket-services\/\">\n\t\t\t\t\t\t<span class=\"elementor-button-content-wrapper\">\n\t\t\t\t\t\t\t\t\t<span class=\"elementor-button-text\">Klicken Sie hier<\/span>\n\t\t\t\t\t<\/span>\n\t\t\t\t\t<\/a>\n\t\t\t\t<\/div>\n\t\t\t\t\t\t\t\t<\/div>\n\t\t\t\t<\/div>\n\t\t\t\t<\/div>\n\t\t\t\t\t<\/div>\n\t\t\t\t<\/div>\n\t\t\t\t<\/div>\n\t\t","protected":false},"excerpt":{"rendered":"<p>Hauhinco BergbautechnikElektrotechnik &#038; AutomatisierungClick Here ELEKTROTECHNISCHE L\u00d6SUNGEN F\u00dcR DEN BERG- UND TUNNELBAU HBT konzentriert sich auf L\u00f6sungen f\u00fcr anspruchsvolle elektrotechnische Herausforderungen in der Rohstoff- und Schwerindustrie. Ob es sich um die Stromversorgung einer mobilen Maschine oder die Einspeisung von fest installierten Anlagen handelt, ob in einem Tunnel oder in einem Bergwerk, ob in Gefahrenbereichen wie [&hellip;]<\/p>\n","protected":false},"author":1,"featured_media":0,"parent":5118,"menu_order":0,"comment_status":"closed","ping_status":"closed","template":"elementor_header_footer","meta":{"footnotes":""},"class_list":["post-5129","page","type-page","status-publish","hentry"],"_links":{"self":[{"href":"https:\/\/hbt-group.com\/de\/wp-json\/wp\/v2\/pages\/5129","targetHints":{"allow":["GET"]}}],"collection":[{"href":"https:\/\/hbt-group.com\/de\/wp-json\/wp\/v2\/pages"}],"about":[{"href":"https:\/\/hbt-group.com\/de\/wp-json\/wp\/v2\/types\/page"}],"author":[{"embeddable":true,"href":"https:\/\/hbt-group.com\/de\/wp-json\/wp\/v2\/users\/1"}],"replies":[{"embeddable":true,"href":"https:\/\/hbt-group.com\/de\/wp-json\/wp\/v2\/comments?post=5129"}],"version-history":[{"count":16,"href":"https:\/\/hbt-group.com\/de\/wp-json\/wp\/v2\/pages\/5129\/revisions"}],"predecessor-version":[{"id":7393,"href":"https:\/\/hbt-group.com\/de\/wp-json\/wp\/v2\/pages\/5129\/revisions\/7393"}],"up":[{"embeddable":true,"href":"https:\/\/hbt-group.com\/de\/wp-json\/wp\/v2\/pages\/5118"}],"wp:attachment":[{"href":"https:\/\/hbt-group.com\/de\/wp-json\/wp\/v2\/media?parent=5129"}],"curies":[{"name":"wp","href":"https:\/\/api.w.org\/{rel}","templated":true}]}}