{"id":5130,"date":"2023-08-11T15:21:22","date_gmt":"2023-08-11T13:21:22","guid":{"rendered":"https:\/\/staging.hbt-group.com\/produktgruppen\/electrical-engineering\/automation-systems\/"},"modified":"2024-02-29T18:51:50","modified_gmt":"2024-02-29T17:51:50","slug":"automatisierungs-systeme","status":"publish","type":"page","link":"https:\/\/hbt-group.com\/de\/produktgruppen\/elektrotechnik-automatisierung\/automatisierungs-systeme\/","title":{"rendered":"Automatisierungs-Systeme"},"content":{"rendered":"\t\t<div data-elementor-type=\"wp-page\" data-elementor-id=\"5130\" class=\"elementor elementor-5130 elementor-2214\" data-elementor-post-type=\"page\">\n\t\t\t\t<div class=\"elementor-element elementor-element-e81c0c9 e-con-full e-flex e-con e-parent\" data-id=\"e81c0c9\" data-element_type=\"container\" data-e-type=\"container\" data-settings=\"{&quot;jet_parallax_layout_list&quot;:[]}\">\n\t\t\t\t<div class=\"elementor-element elementor-element-b72c7f3 elementor--h-position-center elementor--v-position-middle elementor-arrows-position-inside elementor-pagination-position-inside elementor-widget elementor-widget-slides\" data-id=\"b72c7f3\" data-element_type=\"widget\" data-e-type=\"widget\" data-settings=\"{&quot;transition&quot;:&quot;fade&quot;,&quot;navigation&quot;:&quot;both&quot;,&quot;autoplay&quot;:&quot;yes&quot;,&quot;pause_on_hover&quot;:&quot;yes&quot;,&quot;pause_on_interaction&quot;:&quot;yes&quot;,&quot;autoplay_speed&quot;:5000,&quot;infinite&quot;:&quot;yes&quot;,&quot;transition_speed&quot;:500}\" data-widget_type=\"slides.default\">\n\t\t\t\t<div class=\"elementor-widget-container\">\n\t\t\t\t\t\t\t\t\t<div class=\"elementor-swiper\">\n\t\t\t\t\t<div class=\"elementor-slides-wrapper elementor-main-swiper swiper\" role=\"region\" aria-roledescription=\"carousel\" aria-label=\"Slider\" dir=\"ltr\" data-animation=\"\">\n\t\t\t\t<div class=\"swiper-wrapper elementor-slides\">\n\t\t\t\t\t\t\t\t\t\t<div class=\"elementor-repeater-item-a50659d swiper-slide\" role=\"group\" aria-roledescription=\"slide\"><div class=\"swiper-slide-bg\" role=\"img\" aria-label=\"microprocessor-control-systems\"><\/div><div class=\"swiper-slide-inner\" ><div class=\"swiper-slide-contents\"><div class=\"elementor-slide-heading\">Elektrotechnik & Automatisierung<\/div><div class=\"elementor-slide-description\">Automatisierungs-Systeme<\/div><a href=\"#content\" class=\"elementor-button elementor-slide-button elementor-size-sm\">Lesen Sie weiter<\/a><\/div><\/div><\/div>\t\t\t\t<\/div>\n\t\t\t\t\t\t\t<\/div>\n\t\t\t\t<\/div>\n\t\t\t\t\t\t\t\t<\/div>\n\t\t\t\t<\/div>\n\t\t\t\t<\/div>\n\t\t<div class=\"elementor-element elementor-element-75f35c4 e-flex e-con-boxed e-con e-parent\" data-id=\"75f35c4\" data-element_type=\"container\" data-e-type=\"container\" data-settings=\"{&quot;jet_parallax_layout_list&quot;:[]}\">\n\t\t\t\t\t<div class=\"e-con-inner\">\n\t\t\t\t<div class=\"elementor-element elementor-element-d95a93e elementor-widget elementor-widget-heading\" data-id=\"d95a93e\" data-element_type=\"widget\" data-e-type=\"widget\" data-widget_type=\"heading.default\">\n\t\t\t\t<div class=\"elementor-widget-container\">\n\t\t\t\t\t<h1 class=\"elementor-heading-title elementor-size-default\">MIKROPROZESSOR-STEUERUNGSSYSTEME UND AUTOMATISIERUNGSKOMPONENTEN<\/h1>\t\t\t\t<\/div>\n\t\t\t\t<\/div>\n\t\t\t\t<div class=\"elementor-element elementor-element-422eec6 elementor-widget elementor-widget-text-editor\" data-id=\"422eec6\" data-element_type=\"widget\" data-e-type=\"widget\" data-widget_type=\"text-editor.default\">\n\t\t\t\t<div class=\"elementor-widget-container\">\n\t\t\t\t\t\t\t\t\t<p>HBT bietet eine breite Palette von Automatisierungskomponenten zur Steuerung und Visualisierung der Betriebsparameter von Bergbaumaschinen an. Das Portfolio umfasst Steuerungen, Schaltschr\u00e4nke f\u00fcr die Ventilversorgung, Video\u00fcberwachung und Stromversorgungseinheiten. Als Systemintegrator realisiert HBT komplette Automatisierungsl\u00f6sungen aus einer Hand: Von der Konzeption, Planung und Umsetzung der Konstruktion \u00fcber die Steuerungsprogrammierung bis hin zur Fertigung und Inbetriebnahme. Mehrsprachige Schulungen auf deutsch, englisch oder russisch k\u00f6nnen bei HBT oder vor Ort beim Kunden durchgef\u00fchrt werden.<\/p><p>Prozessautomatisierung ist heute eine Selbstverst\u00e4ndlichkeit, sowohl \u00fcber als auch unter Tage. Das HBT-Konzept f\u00fcr die Automatisierung vernetzt Ihre Komponenten und Systeme, die \u00fcber eigensichere Schnittstellen kommunizieren. Die zentralen Ger\u00e4te sorgen im Zusammenspiel mit dezentralen Peripheriemodulen f\u00fcr einen optimalen Datenfluss bei der Steuerung und Kommunikation im gesamten Betrieb. Aufgrund der oft schwierigen Umgebungsbedingungen l\u00e4sst sich aus verschiedenen \u00dcbertragungstechnologien w\u00e4hlen. So kommen Profibus, CAN-Bus und Ethernet zum Einsatz.<\/p>\t\t\t\t\t\t\t\t<\/div>\n\t\t\t\t<\/div>\n\t\t\t\t<div class=\"elementor-element elementor-element-72cdff5 elementor-widget elementor-widget-heading\" data-id=\"72cdff5\" data-element_type=\"widget\" data-e-type=\"widget\" data-widget_type=\"heading.default\">\n\t\t\t\t<div class=\"elementor-widget-container\">\n\t\t\t\t\t<h2 class=\"elementor-heading-title elementor-size-default\">Vorteile einer Steuerung und Automatisierung mit HBT <\/h2>\t\t\t\t<\/div>\n\t\t\t\t<\/div>\n\t\t\t\t<div class=\"elementor-element elementor-element-202016d elementor-widget elementor-widget-text-editor\" data-id=\"202016d\" data-element_type=\"widget\" data-e-type=\"widget\" data-widget_type=\"text-editor.default\">\n\t\t\t\t<div class=\"elementor-widget-container\">\n\t\t\t\t\t\t\t\t\t<ul><li>Optimierung, Modellierung und \u00dcberwachung von Arbeitsabl\u00e4ufen<\/li><li>\u00dcbertragung von Signalen an die Oberfl\u00e4che<\/li><li>Fernsteuerung und Upload von Parametern<\/li><\/ul>\t\t\t\t\t\t\t\t<\/div>\n\t\t\t\t<\/div>\n\t\t\t\t\t<\/div>\n\t\t\t\t<\/div>\n\t\t<div class=\"elementor-element elementor-element-4f8376f e-flex e-con-boxed e-con e-parent\" data-id=\"4f8376f\" data-element_type=\"container\" data-e-type=\"container\" data-settings=\"{&quot;background_background&quot;:&quot;classic&quot;,&quot;jet_parallax_layout_list&quot;:[]}\">\n\t\t\t\t\t<div class=\"e-con-inner\">\n\t\t<div class=\"elementor-element elementor-element-5ee35e8 e-con-full e-flex e-con e-child\" data-id=\"5ee35e8\" data-element_type=\"container\" data-e-type=\"container\" data-settings=\"{&quot;jet_parallax_layout_list&quot;:[]}\">\n\t\t\t\t<div class=\"elementor-element elementor-element-944df19 elementor-widget elementor-widget-text-editor\" data-id=\"944df19\" data-element_type=\"widget\" data-e-type=\"widget\" data-widget_type=\"text-editor.default\">\n\t\t\t\t<div class=\"elementor-widget-container\">\n\t\t\t\t\t\t\t\t\t<h2>Vorteile des Untertage-Steuerger\u00e4tes BbCM<\/h2><ul><li>flammensicher und netzwerkf\u00e4hig gefertigt<\/li><li>geeignet zum Einsatz in gasf\u00fchrenden Kohlebergwerken<\/li><li>bietet Steuerung, \u00dcberwachung und allgemeine Datenverarbeitung<\/li><\/ul>\t\t\t\t\t\t\t\t<\/div>\n\t\t\t\t<\/div>\n\t\t\t\t<\/div>\n\t\t<div class=\"elementor-element elementor-element-fd602ef e-con-full e-flex e-con e-child\" data-id=\"fd602ef\" data-element_type=\"container\" data-e-type=\"container\" data-settings=\"{&quot;jet_parallax_layout_list&quot;:[]}\">\n\t\t\t\t<div class=\"elementor-element elementor-element-bf32178 elementor-widget elementor-widget-image\" data-id=\"bf32178\" data-element_type=\"widget\" data-e-type=\"widget\" data-widget_type=\"image.default\">\n\t\t\t\t<div class=\"elementor-widget-container\">\n\t\t\t\t\t\t\t\t\t\t\t\t\t\t\t\t<a href=\"https:\/\/hbt-group.com\/wp-content\/uploads\/2023\/09\/automation-components.jpg\" data-elementor-open-lightbox=\"yes\" data-elementor-lightbox-title=\"automation-components\" data-e-action-hash=\"#elementor-action%3Aaction%3Dlightbox%26settings%3DeyJpZCI6NDUyMiwidXJsIjoiaHR0cHM6XC9cL2hidC1ncm91cC5jb21cL3dwLWNvbnRlbnRcL3VwbG9hZHNcLzIwMjNcLzA5XC9hdXRvbWF0aW9uLWNvbXBvbmVudHMuanBnIn0%3D\">\n\t\t\t\t\t\t\t<img fetchpriority=\"high\" decoding=\"async\" width=\"800\" height=\"534\" src=\"https:\/\/hbt-group.com\/wp-content\/uploads\/2023\/09\/automation-components-1024x683.jpg\" class=\"attachment-large size-large wp-image-4522\" alt=\"\" srcset=\"https:\/\/hbt-group.com\/wp-content\/uploads\/2023\/09\/automation-components-1024x683.jpg 1024w, https:\/\/hbt-group.com\/wp-content\/uploads\/2023\/09\/automation-components-300x200.jpg 300w, https:\/\/hbt-group.com\/wp-content\/uploads\/2023\/09\/automation-components-768x512.jpg 768w, https:\/\/hbt-group.com\/wp-content\/uploads\/2023\/09\/automation-components.jpg 1200w\" sizes=\"(max-width: 800px) 100vw, 800px\">\t\t\t\t\t\t\t\t<\/a>\n\t\t\t\t\t\t\t\t\t\t\t\t\t\t\t<\/div>\n\t\t\t\t<\/div>\n\t\t\t\t<\/div>\n\t\t<div class=\"elementor-element elementor-element-1715f18 e-con-full e-flex e-con e-child\" data-id=\"1715f18\" data-element_type=\"container\" data-e-type=\"container\" data-settings=\"{&quot;jet_parallax_layout_list&quot;:[]}\">\n\t\t\t\t<div class=\"elementor-element elementor-element-3edde26 elementor-widget elementor-widget-image-carousel\" data-id=\"3edde26\" data-element_type=\"widget\" data-e-type=\"widget\" data-settings=\"{&quot;slides_to_show&quot;:&quot;1&quot;,&quot;navigation&quot;:&quot;none&quot;,&quot;effect&quot;:&quot;fade&quot;,&quot;pause_on_hover&quot;:&quot;no&quot;,&quot;pause_on_interaction&quot;:&quot;no&quot;,&quot;autoplay_speed&quot;:4000,&quot;autoplay&quot;:&quot;yes&quot;,&quot;infinite&quot;:&quot;yes&quot;,&quot;speed&quot;:500}\" data-widget_type=\"image-carousel.default\">\n\t\t\t\t<div class=\"elementor-widget-container\">\n\t\t\t\t\t\t\t<div class=\"elementor-image-carousel-wrapper swiper\" role=\"region\" aria-roledescription=\"carousel\" aria-label=\"Bild Karussell\" dir=\"ltr\">\n\t\t\t<div class=\"elementor-image-carousel swiper-wrapper\" aria-live=\"off\">\n\t\t\t\t\t\t\t\t<div class=\"swiper-slide\" role=\"group\" aria-roledescription=\"slide\" aria-label=\"1 von 5\"><a data-elementor-open-lightbox=\"yes\" data-elementor-lightbox-slideshow=\"3edde26\" data-elementor-lightbox-title=\"Bb-CAM-V2-0\" data-e-action-hash=\"#elementor-action%3Aaction%3Dlightbox%26settings%3DeyJpZCI6MzY1NSwidXJsIjoiaHR0cHM6XC9cL2hidC1ncm91cC5jb21cL3dwLWNvbnRlbnRcL3VwbG9hZHNcLzIwMjNcLzA5XC9CYi1DQU0tVjItMC5wbmciLCJzbGlkZXNob3ciOiIzZWRkZTI2In0%3D\" href=\"https:\/\/hbt-group.com\/wp-content\/uploads\/2023\/09\/Bb-CAM-V2-0.png\"><figure class=\"swiper-slide-inner\"><img decoding=\"async\" class=\"swiper-slide-image\" src=\"https:\/\/hbt-group.com\/wp-content\/uploads\/2023\/09\/Bb-CAM-V2-0-768x576.png\" alt=\"Bb-CAM-V2-0\" \/><\/figure><\/a><\/div><div class=\"swiper-slide\" role=\"group\" aria-roledescription=\"slide\" aria-label=\"2 von 5\"><a data-elementor-open-lightbox=\"yes\" data-elementor-lightbox-slideshow=\"3edde26\" data-elementor-lightbox-title=\"Bb-CAM-V2-1\" data-e-action-hash=\"#elementor-action%3Aaction%3Dlightbox%26settings%3DeyJpZCI6MzY1NywidXJsIjoiaHR0cHM6XC9cL2hidC1ncm91cC5jb21cL3dwLWNvbnRlbnRcL3VwbG9hZHNcLzIwMjNcLzA5XC9CYi1DQU0tVjItMS5wbmciLCJzbGlkZXNob3ciOiIzZWRkZTI2In0%3D\" href=\"https:\/\/hbt-group.com\/wp-content\/uploads\/2023\/09\/Bb-CAM-V2-1.png\"><figure class=\"swiper-slide-inner\"><img decoding=\"async\" class=\"swiper-slide-image\" src=\"https:\/\/hbt-group.com\/wp-content\/uploads\/2023\/09\/Bb-CAM-V2-1-768x576.png\" alt=\"Bb-CAM-V2-1\" \/><\/figure><\/a><\/div><div class=\"swiper-slide\" role=\"group\" aria-roledescription=\"slide\" aria-label=\"3 von 5\"><a data-elementor-open-lightbox=\"yes\" data-elementor-lightbox-slideshow=\"3edde26\" data-elementor-lightbox-title=\"Bb-CAM-V2-2\" data-e-action-hash=\"#elementor-action%3Aaction%3Dlightbox%26settings%3DeyJpZCI6MzY1OSwidXJsIjoiaHR0cHM6XC9cL2hidC1ncm91cC5jb21cL3dwLWNvbnRlbnRcL3VwbG9hZHNcLzIwMjNcLzA5XC9CYi1DQU0tVjItMi5wbmciLCJzbGlkZXNob3ciOiIzZWRkZTI2In0%3D\" href=\"https:\/\/hbt-group.com\/wp-content\/uploads\/2023\/09\/Bb-CAM-V2-2.png\"><figure class=\"swiper-slide-inner\"><img decoding=\"async\" class=\"swiper-slide-image\" src=\"https:\/\/hbt-group.com\/wp-content\/uploads\/2023\/09\/Bb-CAM-V2-2-768x576.png\" alt=\"Bb-CAM-V2-2\" \/><\/figure><\/a><\/div><div class=\"swiper-slide\" role=\"group\" aria-roledescription=\"slide\" aria-label=\"4 von 5\"><a data-elementor-open-lightbox=\"yes\" data-elementor-lightbox-slideshow=\"3edde26\" data-elementor-lightbox-title=\"Bb-CAM-V2-3\" data-e-action-hash=\"#elementor-action%3Aaction%3Dlightbox%26settings%3DeyJpZCI6MzY2MSwidXJsIjoiaHR0cHM6XC9cL2hidC1ncm91cC5jb21cL3dwLWNvbnRlbnRcL3VwbG9hZHNcLzIwMjNcLzA5XC9CYi1DQU0tVjItMy5wbmciLCJzbGlkZXNob3ciOiIzZWRkZTI2In0%3D\" href=\"https:\/\/hbt-group.com\/wp-content\/uploads\/2023\/09\/Bb-CAM-V2-3.png\"><figure class=\"swiper-slide-inner\"><img decoding=\"async\" class=\"swiper-slide-image\" src=\"https:\/\/hbt-group.com\/wp-content\/uploads\/2023\/09\/Bb-CAM-V2-3-768x576.png\" alt=\"Bb-CAM-V2-3\" \/><\/figure><\/a><\/div><div class=\"swiper-slide\" role=\"group\" aria-roledescription=\"slide\" aria-label=\"5 von 5\"><a data-elementor-open-lightbox=\"yes\" data-elementor-lightbox-slideshow=\"3edde26\" data-elementor-lightbox-title=\"Bb-CAM-V2-4\" data-e-action-hash=\"#elementor-action%3Aaction%3Dlightbox%26settings%3DeyJpZCI6MzY2MywidXJsIjoiaHR0cHM6XC9cL2hidC1ncm91cC5jb21cL3dwLWNvbnRlbnRcL3VwbG9hZHNcLzIwMjNcLzA5XC9CYi1DQU0tVjItNC5wbmciLCJzbGlkZXNob3ciOiIzZWRkZTI2In0%3D\" href=\"https:\/\/hbt-group.com\/wp-content\/uploads\/2023\/09\/Bb-CAM-V2-4.png\"><figure class=\"swiper-slide-inner\"><img decoding=\"async\" class=\"swiper-slide-image\" src=\"https:\/\/hbt-group.com\/wp-content\/uploads\/2023\/09\/Bb-CAM-V2-4-768x576.png\" alt=\"Bb-CAM-V2-4\" \/><\/figure><\/a><\/div>\t\t\t<\/div>\n\t\t\t\t\t\t\t\n\t\t\t\t\t\t\t\t\t<\/div>\n\t\t\t\t\t\t<\/div>\n\t\t\t\t<\/div>\n\t\t\t\t<\/div>\n\t\t<div class=\"elementor-element elementor-element-e530f8a e-con-full e-flex e-con e-child\" data-id=\"e530f8a\" data-element_type=\"container\" data-e-type=\"container\" data-settings=\"{&quot;jet_parallax_layout_list&quot;:[]}\">\n\t\t\t\t<div class=\"elementor-element elementor-element-da64724 elementor-widget elementor-widget-text-editor\" data-id=\"da64724\" data-element_type=\"widget\" data-e-type=\"widget\" data-widget_type=\"text-editor.default\">\n\t\t\t\t<div class=\"elementor-widget-container\">\n\t\t\t\t\t\t\t\t\t<h2>Vorteile der Netzwerk-Kamera Bb CAM<\/h2><ul><li>Schutz des Personals und \u00dcberwachung der Prozesse<\/li><li>geeignet zum untert\u00e4tigen Einsatz in schlagwettergef\u00e4hrdeten Grubenbauen<\/li><\/ul>\t\t\t\t\t\t\t\t<\/div>\n\t\t\t\t<\/div>\n\t\t\t\t<\/div>\n\t\t\t\t\t<\/div>\n\t\t\t\t<\/div>\n\t\t<div class=\"elementor-element elementor-element-e39caad e-con-full e-flex e-con e-parent\" data-id=\"e39caad\" data-element_type=\"container\" data-e-type=\"container\" data-settings=\"{&quot;jet_parallax_layout_list&quot;:[]}\">\n\t\t\t\t<div class=\"elementor-element elementor-element-09adffa elementor-widget elementor-widget-shortcode\" data-id=\"09adffa\" data-element_type=\"widget\" data-e-type=\"widget\" data-widget_type=\"shortcode.default\">\n\t\t\t\t<div class=\"elementor-widget-container\">\n\t\t\t\t\t\t\t<div class=\"elementor-shortcode\">\t\t<div data-elementor-type=\"container\" data-elementor-id=\"5498\" class=\"elementor elementor-5498 elementor-4333 elementor-4333\" data-elementor-post-type=\"elementor_library\">\n\t\t\t\t<div class=\"elementor-element elementor-element-5ffd2648 e-flex e-con-boxed e-con e-parent\" data-id=\"5ffd2648\" data-element_type=\"container\" data-e-type=\"container\" data-settings=\"{&quot;background_background&quot;:&quot;classic&quot;,&quot;jet_parallax_layout_list&quot;:[]}\">\n\t\t\t\t\t<div class=\"e-con-inner\">\n\t\t<div class=\"elementor-element elementor-element-622b568a e-con-full elementor-hidden-mobile e-flex e-con e-child\" data-id=\"622b568a\" data-element_type=\"container\" data-e-type=\"container\" data-settings=\"{&quot;jet_parallax_layout_list&quot;:[]}\">\n\t\t\t\t<\/div>\n\t\t<div class=\"elementor-element elementor-element-5b80485e e-con-full e-flex e-con e-child\" data-id=\"5b80485e\" data-element_type=\"container\" data-e-type=\"container\" data-settings=\"{&quot;jet_parallax_layout_list&quot;:[]}\">\n\t\t\t\t<div class=\"elementor-element elementor-element-3dd1c61 elementor-widget elementor-widget-heading\" data-id=\"3dd1c61\" data-element_type=\"widget\" data-e-type=\"widget\" data-widget_type=\"heading.default\">\n\t\t\t\t<div class=\"elementor-widget-container\">\n\t\t\t\t\t<h2 class=\"elementor-heading-title elementor-size-default\">Mehr Informationen?<\/h2>\t\t\t\t<\/div>\n\t\t\t\t<\/div>\n\t\t\t\t<div class=\"elementor-element elementor-element-8141b7b elementor-widget elementor-widget-text-editor\" data-id=\"8141b7b\" data-element_type=\"widget\" data-e-type=\"widget\" data-widget_type=\"text-editor.default\">\n\t\t\t\t<div class=\"elementor-widget-container\">\n\t\t\t\t\t\t\t\t\t<p style=\"font-weight: 400;\">Sie ben\u00f6tigen weitere Produktinformationen oder m\u00f6chten ein Angebot anfordern?<br \/><strong>Kontaktieren Sie uns.<\/strong><\/p>\t\t\t\t\t\t\t\t<\/div>\n\t\t\t\t<\/div>\n\t\t\t\t<div class=\"elementor-element elementor-element-47d98ee8 elementor-widget elementor-widget-button\" data-id=\"47d98ee8\" data-element_type=\"widget\" data-e-type=\"widget\" data-widget_type=\"button.default\">\n\t\t\t\t<div class=\"elementor-widget-container\">\n\t\t\t\t\t\t\t\t\t<div class=\"elementor-button-wrapper\">\n\t\t\t\t\t<a class=\"elementor-button elementor-button-link elementor-size-sm\" href=\"https:\/\/hbt-group.com\/de\/kontakt\/\">\n\t\t\t\t\t\t<span class=\"elementor-button-content-wrapper\">\n\t\t\t\t\t\t\t\t\t<span class=\"elementor-button-text\">Kontakt<\/span>\n\t\t\t\t\t<\/span>\n\t\t\t\t\t<\/a>\n\t\t\t\t<\/div>\n\t\t\t\t\t\t\t\t<\/div>\n\t\t\t\t<\/div>\n\t\t\t\t<\/div>\n\t\t\t\t\t<\/div>\n\t\t\t\t<\/div>\n\t\t\t\t<\/div>\n\t\t<\/div>\n\t\t\t\t\t\t<\/div>\n\t\t\t\t<\/div>\n\t\t\t\t<\/div>\n\t\t\t\t<\/div>\n\t\t","protected":false},"excerpt":{"rendered":"<p>Elektrotechnik &#038; AutomatisierungLesen Sie weiter MIKROPROZESSOR-STEUERUNGSSYSTEME UND AUTOMATISIERUNGSKOMPONENTEN HBT bietet eine breite Palette von Automatisierungskomponenten zur Steuerung und Visualisierung der Betriebsparameter von Bergbaumaschinen an. Das Portfolio umfasst Steuerungen, Schaltschr\u00e4nke f\u00fcr die Ventilversorgung, Video\u00fcberwachung und Stromversorgungseinheiten. Als Systemintegrator realisiert HBT komplette Automatisierungsl\u00f6sungen aus einer Hand: Von der Konzeption, Planung und Umsetzung der Konstruktion \u00fcber die Steuerungsprogrammierung [&hellip;]<\/p>\n","protected":false},"author":1,"featured_media":0,"parent":5129,"menu_order":0,"comment_status":"closed","ping_status":"closed","template":"elementor_header_footer","meta":{"footnotes":""},"class_list":["post-5130","page","type-page","status-publish","hentry"],"_links":{"self":[{"href":"https:\/\/hbt-group.com\/de\/wp-json\/wp\/v2\/pages\/5130","targetHints":{"allow":["GET"]}}],"collection":[{"href":"https:\/\/hbt-group.com\/de\/wp-json\/wp\/v2\/pages"}],"about":[{"href":"https:\/\/hbt-group.com\/de\/wp-json\/wp\/v2\/types\/page"}],"author":[{"embeddable":true,"href":"https:\/\/hbt-group.com\/de\/wp-json\/wp\/v2\/users\/1"}],"replies":[{"embeddable":true,"href":"https:\/\/hbt-group.com\/de\/wp-json\/wp\/v2\/comments?post=5130"}],"version-history":[{"count":5,"href":"https:\/\/hbt-group.com\/de\/wp-json\/wp\/v2\/pages\/5130\/revisions"}],"predecessor-version":[{"id":8480,"href":"https:\/\/hbt-group.com\/de\/wp-json\/wp\/v2\/pages\/5130\/revisions\/8480"}],"up":[{"embeddable":true,"href":"https:\/\/hbt-group.com\/de\/wp-json\/wp\/v2\/pages\/5129"}],"wp:attachment":[{"href":"https:\/\/hbt-group.com\/de\/wp-json\/wp\/v2\/media?parent=5130"}],"curies":[{"name":"wp","href":"https:\/\/api.w.org\/{rel}","templated":true}]}}