{"id":5131,"date":"2023-08-11T15:21:47","date_gmt":"2023-08-11T13:21:47","guid":{"rendered":"https:\/\/staging.hbt-group.com\/produktgruppen\/electrical-engineering\/compact-stations\/"},"modified":"2024-02-29T18:50:35","modified_gmt":"2024-02-29T17:50:35","slug":"kompaktstationen","status":"publish","type":"page","link":"https:\/\/hbt-group.com\/de\/produktgruppen\/elektrotechnik-automatisierung\/kompaktstationen\/","title":{"rendered":"Kompaktstationen"},"content":{"rendered":"\t\t<div data-elementor-type=\"wp-page\" data-elementor-id=\"5131\" class=\"elementor elementor-5131 elementor-2216\" data-elementor-post-type=\"page\">\n\t\t\t\t<div class=\"elementor-element elementor-element-c6657f5 e-con-full e-flex e-con e-parent\" data-id=\"c6657f5\" data-element_type=\"container\" data-e-type=\"container\" data-settings=\"{&quot;jet_parallax_layout_list&quot;:[]}\">\n\t\t\t\t<div class=\"elementor-element elementor-element-446d992 elementor--h-position-center elementor--v-position-middle elementor-arrows-position-inside elementor-pagination-position-inside elementor-widget elementor-widget-slides\" data-id=\"446d992\" data-element_type=\"widget\" data-e-type=\"widget\" data-settings=\"{&quot;transition&quot;:&quot;fade&quot;,&quot;navigation&quot;:&quot;both&quot;,&quot;autoplay&quot;:&quot;yes&quot;,&quot;pause_on_hover&quot;:&quot;yes&quot;,&quot;pause_on_interaction&quot;:&quot;yes&quot;,&quot;autoplay_speed&quot;:5000,&quot;infinite&quot;:&quot;yes&quot;,&quot;transition_speed&quot;:500}\" data-widget_type=\"slides.default\">\n\t\t\t\t<div class=\"elementor-widget-container\">\n\t\t\t\t\t\t\t\t\t<div class=\"elementor-swiper\">\n\t\t\t\t\t<div class=\"elementor-slides-wrapper elementor-main-swiper swiper\" role=\"region\" aria-roledescription=\"carousel\" aria-label=\"Slider\" dir=\"ltr\" data-animation=\"\">\n\t\t\t\t<div class=\"swiper-wrapper elementor-slides\">\n\t\t\t\t\t\t\t\t\t\t<div class=\"elementor-repeater-item-a50659d swiper-slide\" role=\"group\" aria-roledescription=\"slide\"><div class=\"swiper-slide-bg\" role=\"img\" aria-label=\"Compact-Stations\"><\/div><div class=\"swiper-slide-inner\" ><div class=\"swiper-slide-contents\"><div class=\"elementor-slide-heading\">Elektrotechnik & Automatisierung<\/div><div class=\"elementor-slide-description\">Kompaktstationen<\/div><a href=\"#content\" class=\"elementor-button elementor-slide-button elementor-size-sm\">Lesen Sie weiter<\/a><\/div><\/div><\/div>\t\t\t\t<\/div>\n\t\t\t\t\t\t\t<\/div>\n\t\t\t\t<\/div>\n\t\t\t\t\t\t\t\t<\/div>\n\t\t\t\t<\/div>\n\t\t\t\t<\/div>\n\t\t<div class=\"elementor-element elementor-element-c5cdc06 e-flex e-con-boxed e-con e-parent\" data-id=\"c5cdc06\" data-element_type=\"container\" data-e-type=\"container\" data-settings=\"{&quot;jet_parallax_layout_list&quot;:[]}\">\n\t\t\t\t\t<div class=\"e-con-inner\">\n\t\t\t\t<div class=\"elementor-element elementor-element-6f1c382 elementor-widget elementor-widget-heading\" data-id=\"6f1c382\" data-element_type=\"widget\" data-e-type=\"widget\" data-widget_type=\"heading.default\">\n\t\t\t\t<div class=\"elementor-widget-container\">\n\t\t\t\t\t<h1 class=\"elementor-heading-title elementor-size-default\">SCHALTANLAGEN UND KOMPAKTSTATIONEN VON HBT<\/h1>\t\t\t\t<\/div>\n\t\t\t\t<\/div>\n\t\t\t\t<div class=\"elementor-element elementor-element-70d5d00 elementor-widget elementor-widget-text-editor\" data-id=\"70d5d00\" data-element_type=\"widget\" data-e-type=\"widget\" data-widget_type=\"text-editor.default\">\n\t\t\t\t<div class=\"elementor-widget-container\">\n\t\t\t\t\t\t\t\t\t<p>HBT-Schaltanlagen oder Kompaktstationen sorgen f\u00fcr die Energieverteilung, Echtzeit\u00fcberwachung und Steuerung mobiler und station\u00e4rer Maschinen in Kohlebergwerken und untert\u00e4gigen Erzbergwerken. Sie werden fest an der Maschine montiert. Eine enge Zusammenarbeit mit den Maschinenherstellern gew\u00e4hrleistet, dass Funktion und Design der Stromversorgungs- und Steuerungseinheiten perfekt auf die Maschine abgestimmt sind. HBT bietet flexible L\u00f6sungen in Bezug auf Volumen, Umgebungsbedingungen und Prozessparameter.<\/p>\n<p>Alle Kompaktstationen sind f\u00fcr den rauen Einsatz im Untertagbergbau, auf Tunnelbaustellen und \u00fcberall dort geeignet, wo besondere Anforderungen an Zuverl\u00e4ssigkeit, Robustheit und Sicherheit gestellt werden. Die Kompaktstationen sind elektrisch und mechanisch verriegelbar. F\u00fcr den Einsatz in explosionsgef\u00e4hrdeten Bereichen verf\u00fcgt der jeweilige Schaltger\u00e4teraum \u00fcber die Z\u00fcndschutzart &#8222;d&#8220; \u2013 (druckfeste Kapselung). Je nach Anforderung sind die Anschlussr\u00e4ume entweder in der Z\u00fcndschutzart &#8222;d&#8220; (druckfeste Kapselung) oder &#8222;e&#8220; (erh\u00f6hte Sicherheit) erh\u00e4ltlich. Die HBT-Stationen f\u00fcr den Nicht-Ex-Bereich zeichnen sich durch ihre kompakte und robuste Bauweise aus.<\/p>\t\t\t\t\t\t\t\t<\/div>\n\t\t\t\t<\/div>\n\t\t\t\t<div class=\"elementor-element elementor-element-aa69449 elementor-widget elementor-widget-heading\" data-id=\"aa69449\" data-element_type=\"widget\" data-e-type=\"widget\" data-widget_type=\"heading.default\">\n\t\t\t\t<div class=\"elementor-widget-container\">\n\t\t\t\t\t<h2 class=\"elementor-heading-title elementor-size-default\">Produktmerkmale<\/h2>\t\t\t\t<\/div>\n\t\t\t\t<\/div>\n\t\t\t\t<div class=\"elementor-element elementor-element-603a21f elementor-widget elementor-widget-text-editor\" data-id=\"603a21f\" data-element_type=\"widget\" data-e-type=\"widget\" data-widget_type=\"text-editor.default\">\n\t\t\t\t<div class=\"elementor-widget-container\">\n\t\t\t\t\t\t\t\t\t<ul><li>individuelle Ausstattung gem\u00e4\u00df Kundenspezifikation<\/li><li>modularer Aufbau f\u00fcr schnelle Wartung und Reparatur<\/li><li>bis zu 12 Ausg\u00e4nge mit mehrstufigem Gruppen- und Einzelausgangsschutz<\/li><li>ausgelegt auf mobile Teilschnittmaschinen mit optionalem Antrieb und Magnetsteuerung<\/li><li>Anschl\u00fcsse f\u00fcr Funksteuerger\u00e4te<\/li><\/ul>\t\t\t\t\t\t\t\t<\/div>\n\t\t\t\t<\/div>\n\t\t\t\t\t<\/div>\n\t\t\t\t<\/div>\n\t\t<div class=\"elementor-element elementor-element-d21e55a e-flex e-con-boxed e-con e-parent\" data-id=\"d21e55a\" data-element_type=\"container\" data-e-type=\"container\" data-settings=\"{&quot;background_background&quot;:&quot;classic&quot;,&quot;jet_parallax_layout_list&quot;:[]}\">\n\t\t\t\t\t<div class=\"e-con-inner\">\n\t\t<div class=\"elementor-element elementor-element-9c215d7 e-con-full e-flex e-con e-child\" data-id=\"9c215d7\" data-element_type=\"container\" data-e-type=\"container\" data-settings=\"{&quot;jet_parallax_layout_list&quot;:[]}\">\n\t\t\t\t<div class=\"elementor-element elementor-element-b81ebf1 elementor-widget elementor-widget-text-editor\" data-id=\"b81ebf1\" data-element_type=\"widget\" data-e-type=\"widget\" data-widget_type=\"text-editor.default\">\n\t\t\t\t<div class=\"elementor-widget-container\">\n\t\t\t\t\t\t\t\t\t<h2>Mittelspannungs-Schaltanlagen<\/h2><ul><li>Schaltung von Motoren, Transformatoren und Sonderverbrauchern<\/li><li>Spannungsebenen: 3,3KV \/ 5,0KV \/ 6,0KV \/ 10,0KV<\/li><\/ul>\t\t\t\t\t\t\t\t<\/div>\n\t\t\t\t<\/div>\n\t\t\t\t<div class=\"elementor-element elementor-element-18be662 elementor-widget elementor-widget-text-editor\" data-id=\"18be662\" data-element_type=\"widget\" data-e-type=\"widget\" data-widget_type=\"text-editor.default\">\n\t\t\t\t<div class=\"elementor-widget-container\">\n\t\t\t\t\t\t\t\t\t<h2>Niederspannungs-Schaltanlagen<\/h2><ul><li>Schaltmotoren und Sonderverbraucher<\/li><li>Spannungsebenen: 500V \/ 1000V &#8211; 1140V<\/li><\/ul>\t\t\t\t\t\t\t\t<\/div>\n\t\t\t\t<\/div>\n\t\t\t\t<\/div>\n\t\t<div class=\"elementor-element elementor-element-ee04716 e-con-full e-flex e-con e-child\" data-id=\"ee04716\" data-element_type=\"container\" data-e-type=\"container\" data-settings=\"{&quot;jet_parallax_layout_list&quot;:[]}\">\n\t\t\t\t<div class=\"elementor-element elementor-element-54e60a8 elementor-widget elementor-widget-image\" data-id=\"54e60a8\" data-element_type=\"widget\" data-e-type=\"widget\" data-widget_type=\"image.default\">\n\t\t\t\t<div class=\"elementor-widget-container\">\n\t\t\t\t\t\t\t\t\t\t\t\t\t\t\t\t<a href=\"https:\/\/hbt-group.com\/wp-content\/uploads\/2023\/09\/compact-stations-1.jpg\" data-elementor-open-lightbox=\"yes\" data-elementor-lightbox-title=\"compact-stations\" data-e-action-hash=\"#elementor-action%3Aaction%3Dlightbox%26settings%3DeyJpZCI6NDU0NywidXJsIjoiaHR0cHM6XC9cL2hidC1ncm91cC5jb21cL3dwLWNvbnRlbnRcL3VwbG9hZHNcLzIwMjNcLzA5XC9jb21wYWN0LXN0YXRpb25zLTEuanBnIn0%3D\">\n\t\t\t\t\t\t\t<img fetchpriority=\"high\" decoding=\"async\" width=\"800\" height=\"534\" src=\"https:\/\/hbt-group.com\/wp-content\/uploads\/2023\/09\/compact-stations-1-1024x683.jpg\" class=\"attachment-large size-large wp-image-4547\" alt=\"\" srcset=\"https:\/\/hbt-group.com\/wp-content\/uploads\/2023\/09\/compact-stations-1-1024x683.jpg 1024w, https:\/\/hbt-group.com\/wp-content\/uploads\/2023\/09\/compact-stations-1-300x200.jpg 300w, https:\/\/hbt-group.com\/wp-content\/uploads\/2023\/09\/compact-stations-1-768x512.jpg 768w, https:\/\/hbt-group.com\/wp-content\/uploads\/2023\/09\/compact-stations-1.jpg 1200w\" sizes=\"(max-width: 800px) 100vw, 800px\">\t\t\t\t\t\t\t\t<\/a>\n\t\t\t\t\t\t\t\t\t\t\t\t\t\t\t<\/div>\n\t\t\t\t<\/div>\n\t\t\t\t<\/div>\n\t\t\t\t\t<\/div>\n\t\t\t\t<\/div>\n\t\t<div class=\"elementor-element elementor-element-2f452ff e-con-full e-flex e-con e-parent\" data-id=\"2f452ff\" data-element_type=\"container\" data-e-type=\"container\" data-settings=\"{&quot;jet_parallax_layout_list&quot;:[]}\">\n\t\t\t\t<div class=\"elementor-element elementor-element-eb100cc elementor-widget elementor-widget-shortcode\" data-id=\"eb100cc\" data-element_type=\"widget\" data-e-type=\"widget\" data-widget_type=\"shortcode.default\">\n\t\t\t\t<div class=\"elementor-widget-container\">\n\t\t\t\t\t\t\t<div class=\"elementor-shortcode\">\t\t<div data-elementor-type=\"container\" data-elementor-id=\"5498\" class=\"elementor elementor-5498 elementor-4333 elementor-4333\" data-elementor-post-type=\"elementor_library\">\n\t\t\t\t<div class=\"elementor-element elementor-element-5ffd2648 e-flex e-con-boxed e-con e-parent\" data-id=\"5ffd2648\" data-element_type=\"container\" data-e-type=\"container\" data-settings=\"{&quot;background_background&quot;:&quot;classic&quot;,&quot;jet_parallax_layout_list&quot;:[]}\">\n\t\t\t\t\t<div class=\"e-con-inner\">\n\t\t<div class=\"elementor-element elementor-element-622b568a e-con-full elementor-hidden-mobile e-flex e-con e-child\" data-id=\"622b568a\" data-element_type=\"container\" data-e-type=\"container\" data-settings=\"{&quot;jet_parallax_layout_list&quot;:[]}\">\n\t\t\t\t<\/div>\n\t\t<div class=\"elementor-element elementor-element-5b80485e e-con-full e-flex e-con e-child\" data-id=\"5b80485e\" data-element_type=\"container\" data-e-type=\"container\" data-settings=\"{&quot;jet_parallax_layout_list&quot;:[]}\">\n\t\t\t\t<div class=\"elementor-element elementor-element-3dd1c61 elementor-widget elementor-widget-heading\" data-id=\"3dd1c61\" data-element_type=\"widget\" data-e-type=\"widget\" data-widget_type=\"heading.default\">\n\t\t\t\t<div class=\"elementor-widget-container\">\n\t\t\t\t\t<h2 class=\"elementor-heading-title elementor-size-default\">Mehr Informationen?<\/h2>\t\t\t\t<\/div>\n\t\t\t\t<\/div>\n\t\t\t\t<div class=\"elementor-element elementor-element-8141b7b elementor-widget elementor-widget-text-editor\" data-id=\"8141b7b\" data-element_type=\"widget\" data-e-type=\"widget\" data-widget_type=\"text-editor.default\">\n\t\t\t\t<div class=\"elementor-widget-container\">\n\t\t\t\t\t\t\t\t\t<p style=\"font-weight: 400;\">Sie ben\u00f6tigen weitere Produktinformationen oder m\u00f6chten ein Angebot anfordern?<br \/><strong>Kontaktieren Sie uns.<\/strong><\/p>\t\t\t\t\t\t\t\t<\/div>\n\t\t\t\t<\/div>\n\t\t\t\t<div class=\"elementor-element elementor-element-47d98ee8 elementor-widget elementor-widget-button\" data-id=\"47d98ee8\" data-element_type=\"widget\" data-e-type=\"widget\" data-widget_type=\"button.default\">\n\t\t\t\t<div class=\"elementor-widget-container\">\n\t\t\t\t\t\t\t\t\t<div class=\"elementor-button-wrapper\">\n\t\t\t\t\t<a class=\"elementor-button elementor-button-link elementor-size-sm\" href=\"https:\/\/hbt-group.com\/de\/kontakt\/\">\n\t\t\t\t\t\t<span class=\"elementor-button-content-wrapper\">\n\t\t\t\t\t\t\t\t\t<span class=\"elementor-button-text\">Kontakt<\/span>\n\t\t\t\t\t<\/span>\n\t\t\t\t\t<\/a>\n\t\t\t\t<\/div>\n\t\t\t\t\t\t\t\t<\/div>\n\t\t\t\t<\/div>\n\t\t\t\t<\/div>\n\t\t\t\t\t<\/div>\n\t\t\t\t<\/div>\n\t\t\t\t<\/div>\n\t\t<\/div>\n\t\t\t\t\t\t<\/div>\n\t\t\t\t<\/div>\n\t\t\t\t<\/div>\n\t\t\t\t<\/div>\n\t\t","protected":false},"excerpt":{"rendered":"<p>Elektrotechnik &#038; AutomatisierungLesen Sie weiter SCHALTANLAGEN UND KOMPAKTSTATIONEN VON HBT HBT-Schaltanlagen oder Kompaktstationen sorgen f\u00fcr die Energieverteilung, Echtzeit\u00fcberwachung und Steuerung mobiler und station\u00e4rer Maschinen in Kohlebergwerken und untert\u00e4gigen Erzbergwerken. Sie werden fest an der Maschine montiert. Eine enge Zusammenarbeit mit den Maschinenherstellern gew\u00e4hrleistet, dass Funktion und Design der Stromversorgungs- und Steuerungseinheiten perfekt auf die Maschine [&hellip;]<\/p>\n","protected":false},"author":1,"featured_media":0,"parent":5129,"menu_order":0,"comment_status":"closed","ping_status":"closed","template":"elementor_header_footer","meta":{"footnotes":""},"class_list":["post-5131","page","type-page","status-publish","hentry"],"_links":{"self":[{"href":"https:\/\/hbt-group.com\/de\/wp-json\/wp\/v2\/pages\/5131","targetHints":{"allow":["GET"]}}],"collection":[{"href":"https:\/\/hbt-group.com\/de\/wp-json\/wp\/v2\/pages"}],"about":[{"href":"https:\/\/hbt-group.com\/de\/wp-json\/wp\/v2\/types\/page"}],"author":[{"embeddable":true,"href":"https:\/\/hbt-group.com\/de\/wp-json\/wp\/v2\/users\/1"}],"replies":[{"embeddable":true,"href":"https:\/\/hbt-group.com\/de\/wp-json\/wp\/v2\/comments?post=5131"}],"version-history":[{"count":8,"href":"https:\/\/hbt-group.com\/de\/wp-json\/wp\/v2\/pages\/5131\/revisions"}],"predecessor-version":[{"id":8479,"href":"https:\/\/hbt-group.com\/de\/wp-json\/wp\/v2\/pages\/5131\/revisions\/8479"}],"up":[{"embeddable":true,"href":"https:\/\/hbt-group.com\/de\/wp-json\/wp\/v2\/pages\/5129"}],"wp:attachment":[{"href":"https:\/\/hbt-group.com\/de\/wp-json\/wp\/v2\/media?parent=5131"}],"curies":[{"name":"wp","href":"https:\/\/api.w.org\/{rel}","templated":true}]}}