{"id":5134,"date":"2023-08-11T15:22:04","date_gmt":"2023-08-11T13:22:04","guid":{"rendered":"https:\/\/staging.hbt-group.com\/produktgruppen\/elektrotechnik-automatisierung\/frequency-converters\/"},"modified":"2024-02-29T18:48:54","modified_gmt":"2024-02-29T17:48:54","slug":"frequenzumwandler","status":"publish","type":"page","link":"https:\/\/hbt-group.com\/de\/produktgruppen\/elektrotechnik-automatisierung\/frequenzumwandler\/","title":{"rendered":"Frequenzumrichter"},"content":{"rendered":"\t\t<div data-elementor-type=\"wp-page\" data-elementor-id=\"5134\" class=\"elementor elementor-5134 elementor-2218\" data-elementor-post-type=\"page\">\n\t\t\t\t<div class=\"elementor-element elementor-element-d31332a e-con-full e-flex e-con e-parent\" data-id=\"d31332a\" data-element_type=\"container\" data-e-type=\"container\" data-settings=\"{&quot;jet_parallax_layout_list&quot;:[]}\">\n\t\t\t\t<div class=\"elementor-element elementor-element-7f07ce3 elementor--h-position-center elementor--v-position-middle elementor-arrows-position-inside elementor-pagination-position-inside elementor-widget elementor-widget-slides\" data-id=\"7f07ce3\" data-element_type=\"widget\" data-e-type=\"widget\" data-settings=\"{&quot;transition&quot;:&quot;fade&quot;,&quot;navigation&quot;:&quot;both&quot;,&quot;autoplay&quot;:&quot;yes&quot;,&quot;pause_on_hover&quot;:&quot;yes&quot;,&quot;pause_on_interaction&quot;:&quot;yes&quot;,&quot;autoplay_speed&quot;:5000,&quot;infinite&quot;:&quot;yes&quot;,&quot;transition_speed&quot;:500}\" data-widget_type=\"slides.default\">\n\t\t\t\t<div class=\"elementor-widget-container\">\n\t\t\t\t\t\t\t\t\t<div class=\"elementor-swiper\">\n\t\t\t\t\t<div class=\"elementor-slides-wrapper elementor-main-swiper swiper\" role=\"region\" aria-roledescription=\"carousel\" aria-label=\"Slider\" dir=\"ltr\" data-animation=\"\">\n\t\t\t\t<div class=\"swiper-wrapper elementor-slides\">\n\t\t\t\t\t\t\t\t\t\t<div class=\"elementor-repeater-item-a50659d swiper-slide\" role=\"group\" aria-roledescription=\"slide\"><div class=\"swiper-slide-bg\" role=\"img\" aria-label=\"frequency-converter\"><\/div><div class=\"swiper-slide-inner\" ><div class=\"swiper-slide-contents\"><div class=\"elementor-slide-heading\">Elektrotechnik & Automatisierung<\/div><div class=\"elementor-slide-description\">Frequenzumrichter<\/div><a href=\"#content\" class=\"elementor-button elementor-slide-button elementor-size-sm\">Lesen Sie weiter<\/a><\/div><\/div><\/div>\t\t\t\t<\/div>\n\t\t\t\t\t\t\t<\/div>\n\t\t\t\t<\/div>\n\t\t\t\t\t\t\t\t<\/div>\n\t\t\t\t<\/div>\n\t\t\t\t<\/div>\n\t\t<div class=\"elementor-element elementor-element-f50d064 e-flex e-con-boxed e-con e-parent\" data-id=\"f50d064\" data-element_type=\"container\" data-e-type=\"container\" data-settings=\"{&quot;jet_parallax_layout_list&quot;:[]}\">\n\t\t\t\t\t<div class=\"e-con-inner\">\n\t\t\t\t<div class=\"elementor-element elementor-element-11d7744 elementor-widget elementor-widget-heading\" data-id=\"11d7744\" data-element_type=\"widget\" data-e-type=\"widget\" data-widget_type=\"heading.default\">\n\t\t\t\t<div class=\"elementor-widget-container\">\n\t\t\t\t\t<h1 class=\"elementor-heading-title elementor-size-default\">Frequenzumrichter<\/h1>\t\t\t\t<\/div>\n\t\t\t\t<\/div>\n\t\t\t\t<div class=\"elementor-element elementor-element-d7dbb1d elementor-widget elementor-widget-text-editor\" data-id=\"d7dbb1d\" data-element_type=\"widget\" data-e-type=\"widget\" data-widget_type=\"text-editor.default\">\n\t\t\t\t<div class=\"elementor-widget-container\">\n\t\t\t\t\t\t\t\t\t<p>HBT-Frequenzumrichter sind f\u00fcr den Antrieb von Mehrmotorenantrieben mit Drehmomentausgleich f\u00fcr Bandanlagen, Kratzerf\u00f6rderer, Brecher und Ventilatoren konzipiert.<\/p><p>Drehzahlregelbare und drehzahlvariable Antriebe mit dem HBT-Steuerungskonzept gew\u00e4hrleisten einen sicheren Betrieb, den Ausgleich von Schlupf bei Antrieben von F\u00f6rderanlagen und die Zusammenschaltung mit Standard-Bergbaumotoren.<\/p>\t\t\t\t\t\t\t\t<\/div>\n\t\t\t\t<\/div>\n\t\t\t\t<div class=\"elementor-element elementor-element-ef691fa elementor-widget elementor-widget-heading\" data-id=\"ef691fa\" data-element_type=\"widget\" data-e-type=\"widget\" data-widget_type=\"heading.default\">\n\t\t\t\t<div class=\"elementor-widget-container\">\n\t\t\t\t\t<h2 class=\"elementor-heading-title elementor-size-default\">Produktmerkmale<\/h2>\t\t\t\t<\/div>\n\t\t\t\t<\/div>\n\t\t\t\t<div class=\"elementor-element elementor-element-0d7f6a5 elementor-widget elementor-widget-text-editor\" data-id=\"0d7f6a5\" data-element_type=\"widget\" data-e-type=\"widget\" data-widget_type=\"text-editor.default\">\n\t\t\t\t<div class=\"elementor-widget-container\">\n\t\t\t\t\t\t\t\t\t<ul><li>optimierter Anlauf: konstantes und hohes Drehmoment vom Anlauf an<\/li><li>geringe dynamische Belastungen<\/li><li>kontrollierbares Drehmoment und Geschwindigkeit der F\u00f6rderb\u00e4nder f\u00fcr verbesserte Betriebssicherheit<\/li><li>niedriger Anlaufstrom und geringer Spannungsabfall<\/li><li>zuverl\u00e4ssiges Anfahren auch bei unzuverl\u00e4ssigen Stromnetzen<\/li><li>Energieeinsparung durch Abstimmung der F\u00f6rderbandgeschwindigkeit auf die H\u00f6he der Belastung<\/li><li>geringe Belastung des Stromnetzes beim Motoranlauf<\/li><li>Lastausgleich bei Mehrmotorenantrieben<\/li><\/ul>\t\t\t\t\t\t\t\t<\/div>\n\t\t\t\t<\/div>\n\t\t\t\t\t<\/div>\n\t\t\t\t<\/div>\n\t\t<div class=\"elementor-element elementor-element-bf577f9 e-flex e-con-boxed e-con e-parent\" data-id=\"bf577f9\" data-element_type=\"container\" data-e-type=\"container\" data-settings=\"{&quot;background_background&quot;:&quot;classic&quot;,&quot;jet_parallax_layout_list&quot;:[]}\">\n\t\t\t\t\t<div class=\"e-con-inner\">\n\t\t<div class=\"elementor-element elementor-element-07aa828 e-con-full e-flex e-con e-child\" data-id=\"07aa828\" data-element_type=\"container\" data-e-type=\"container\" data-settings=\"{&quot;jet_parallax_layout_list&quot;:[]}\">\n\t\t\t\t<div class=\"elementor-element elementor-element-1a7e085 elementor-widget elementor-widget-text-editor\" data-id=\"1a7e085\" data-element_type=\"widget\" data-e-type=\"widget\" data-widget_type=\"text-editor.default\">\n\t\t\t\t<div class=\"elementor-widget-container\">\n\t\t\t\t\t\t\t\t\t<p><strong>Type VSD f\u00fcr 2Q and 4Q Betrieb:<br \/><\/strong>\u00a090 kW, 315 kW, 630 kW<\/p><p><strong>Ausgangsleistung:<br \/><\/strong>Bis zu 630 kW;<br \/>Spannung: 380V, 660V, 1140V<\/p><p><strong>K\u00fchlung:<br \/><\/strong>Wasser-Wasser- oder Wasser-Luft-W\u00e4rmetausch<\/p>\t\t\t\t\t\t\t\t<\/div>\n\t\t\t\t<\/div>\n\t\t\t\t<\/div>\n\t\t<div class=\"elementor-element elementor-element-3802161 e-con-full e-flex e-con e-child\" data-id=\"3802161\" data-element_type=\"container\" data-e-type=\"container\" data-settings=\"{&quot;jet_parallax_layout_list&quot;:[]}\">\n\t\t\t\t<div class=\"elementor-element elementor-element-ab30385 elementor-widget elementor-widget-image\" data-id=\"ab30385\" data-element_type=\"widget\" data-e-type=\"widget\" data-widget_type=\"image.default\">\n\t\t\t\t<div class=\"elementor-widget-container\">\n\t\t\t\t\t\t\t\t\t\t\t\t\t\t\t\t<a href=\"https:\/\/hbt-group.com\/wp-content\/uploads\/2023\/09\/doppelumrichter.jpg\" data-elementor-open-lightbox=\"yes\" data-elementor-lightbox-title=\"doppelumrichter\" data-e-action-hash=\"#elementor-action%3Aaction%3Dlightbox%26settings%3DeyJpZCI6NDU0MiwidXJsIjoiaHR0cHM6XC9cL2hidC1ncm91cC5jb21cL3dwLWNvbnRlbnRcL3VwbG9hZHNcLzIwMjNcLzA5XC9kb3BwZWx1bXJpY2h0ZXIuanBnIn0%3D\">\n\t\t\t\t\t\t\t<img fetchpriority=\"high\" decoding=\"async\" width=\"800\" height=\"534\" src=\"https:\/\/hbt-group.com\/wp-content\/uploads\/2023\/09\/doppelumrichter-1024x683.jpg\" class=\"attachment-large size-large wp-image-4542\" alt=\"\" srcset=\"https:\/\/hbt-group.com\/wp-content\/uploads\/2023\/09\/doppelumrichter-1024x683.jpg 1024w, https:\/\/hbt-group.com\/wp-content\/uploads\/2023\/09\/doppelumrichter-300x200.jpg 300w, https:\/\/hbt-group.com\/wp-content\/uploads\/2023\/09\/doppelumrichter-768x512.jpg 768w, https:\/\/hbt-group.com\/wp-content\/uploads\/2023\/09\/doppelumrichter.jpg 1200w\" sizes=\"(max-width: 800px) 100vw, 800px\">\t\t\t\t\t\t\t\t<\/a>\n\t\t\t\t\t\t\t\t\t\t\t\t\t\t\t<\/div>\n\t\t\t\t<\/div>\n\t\t\t\t<\/div>\n\t\t\t\t\t<\/div>\n\t\t\t\t<\/div>\n\t\t<div class=\"elementor-element elementor-element-51dbbe5 e-con-full e-flex e-con e-parent\" data-id=\"51dbbe5\" data-element_type=\"container\" data-e-type=\"container\" data-settings=\"{&quot;jet_parallax_layout_list&quot;:[]}\">\n\t\t\t\t<div class=\"elementor-element elementor-element-17426ab elementor-widget elementor-widget-shortcode\" data-id=\"17426ab\" data-element_type=\"widget\" data-e-type=\"widget\" data-widget_type=\"shortcode.default\">\n\t\t\t\t<div class=\"elementor-widget-container\">\n\t\t\t\t\t\t\t<div class=\"elementor-shortcode\">\t\t<div data-elementor-type=\"container\" data-elementor-id=\"5498\" class=\"elementor elementor-5498 elementor-4333 elementor-4333\" data-elementor-post-type=\"elementor_library\">\n\t\t\t\t<div class=\"elementor-element elementor-element-5ffd2648 e-flex e-con-boxed e-con e-parent\" data-id=\"5ffd2648\" data-element_type=\"container\" data-e-type=\"container\" data-settings=\"{&quot;background_background&quot;:&quot;classic&quot;,&quot;jet_parallax_layout_list&quot;:[]}\">\n\t\t\t\t\t<div class=\"e-con-inner\">\n\t\t<div class=\"elementor-element elementor-element-622b568a e-con-full elementor-hidden-mobile e-flex e-con e-child\" data-id=\"622b568a\" data-element_type=\"container\" data-e-type=\"container\" data-settings=\"{&quot;jet_parallax_layout_list&quot;:[]}\">\n\t\t\t\t<\/div>\n\t\t<div class=\"elementor-element elementor-element-5b80485e e-con-full e-flex e-con e-child\" data-id=\"5b80485e\" data-element_type=\"container\" data-e-type=\"container\" data-settings=\"{&quot;jet_parallax_layout_list&quot;:[]}\">\n\t\t\t\t<div class=\"elementor-element elementor-element-3dd1c61 elementor-widget elementor-widget-heading\" data-id=\"3dd1c61\" data-element_type=\"widget\" data-e-type=\"widget\" data-widget_type=\"heading.default\">\n\t\t\t\t<div class=\"elementor-widget-container\">\n\t\t\t\t\t<h2 class=\"elementor-heading-title elementor-size-default\">Mehr Informationen?<\/h2>\t\t\t\t<\/div>\n\t\t\t\t<\/div>\n\t\t\t\t<div class=\"elementor-element elementor-element-8141b7b elementor-widget elementor-widget-text-editor\" data-id=\"8141b7b\" data-element_type=\"widget\" data-e-type=\"widget\" data-widget_type=\"text-editor.default\">\n\t\t\t\t<div class=\"elementor-widget-container\">\n\t\t\t\t\t\t\t\t\t<p style=\"font-weight: 400;\">Sie ben\u00f6tigen weitere Produktinformationen oder m\u00f6chten ein Angebot anfordern?<br \/><strong>Kontaktieren Sie uns.<\/strong><\/p>\t\t\t\t\t\t\t\t<\/div>\n\t\t\t\t<\/div>\n\t\t\t\t<div class=\"elementor-element elementor-element-47d98ee8 elementor-widget elementor-widget-button\" data-id=\"47d98ee8\" data-element_type=\"widget\" data-e-type=\"widget\" data-widget_type=\"button.default\">\n\t\t\t\t<div class=\"elementor-widget-container\">\n\t\t\t\t\t\t\t\t\t<div class=\"elementor-button-wrapper\">\n\t\t\t\t\t<a class=\"elementor-button elementor-button-link elementor-size-sm\" href=\"https:\/\/hbt-group.com\/de\/kontakt\/\">\n\t\t\t\t\t\t<span class=\"elementor-button-content-wrapper\">\n\t\t\t\t\t\t\t\t\t<span class=\"elementor-button-text\">Kontakt<\/span>\n\t\t\t\t\t<\/span>\n\t\t\t\t\t<\/a>\n\t\t\t\t<\/div>\n\t\t\t\t\t\t\t\t<\/div>\n\t\t\t\t<\/div>\n\t\t\t\t<\/div>\n\t\t\t\t\t<\/div>\n\t\t\t\t<\/div>\n\t\t\t\t<\/div>\n\t\t<\/div>\n\t\t\t\t\t\t<\/div>\n\t\t\t\t<\/div>\n\t\t\t\t<\/div>\n\t\t\t\t<\/div>\n\t\t","protected":false},"excerpt":{"rendered":"<p>Elektrotechnik &#038; AutomatisierungLesen Sie weiter Frequenzumrichter HBT-Frequenzumrichter sind f\u00fcr den Antrieb von Mehrmotorenantrieben mit Drehmomentausgleich f\u00fcr Bandanlagen, Kratzerf\u00f6rderer, Brecher und Ventilatoren konzipiert. Drehzahlregelbare und drehzahlvariable Antriebe mit dem HBT-Steuerungskonzept gew\u00e4hrleisten einen sicheren Betrieb, den Ausgleich von Schlupf bei Antrieben von F\u00f6rderanlagen und die Zusammenschaltung mit Standard-Bergbaumotoren. Produktmerkmale optimierter Anlauf: konstantes und hohes Drehmoment vom Anlauf [&hellip;]<\/p>\n","protected":false},"author":1,"featured_media":0,"parent":5129,"menu_order":0,"comment_status":"closed","ping_status":"closed","template":"elementor_header_footer","meta":{"footnotes":""},"class_list":["post-5134","page","type-page","status-publish","hentry"],"_links":{"self":[{"href":"https:\/\/hbt-group.com\/de\/wp-json\/wp\/v2\/pages\/5134","targetHints":{"allow":["GET"]}}],"collection":[{"href":"https:\/\/hbt-group.com\/de\/wp-json\/wp\/v2\/pages"}],"about":[{"href":"https:\/\/hbt-group.com\/de\/wp-json\/wp\/v2\/types\/page"}],"author":[{"embeddable":true,"href":"https:\/\/hbt-group.com\/de\/wp-json\/wp\/v2\/users\/1"}],"replies":[{"embeddable":true,"href":"https:\/\/hbt-group.com\/de\/wp-json\/wp\/v2\/comments?post=5134"}],"version-history":[{"count":25,"href":"https:\/\/hbt-group.com\/de\/wp-json\/wp\/v2\/pages\/5134\/revisions"}],"predecessor-version":[{"id":8475,"href":"https:\/\/hbt-group.com\/de\/wp-json\/wp\/v2\/pages\/5134\/revisions\/8475"}],"up":[{"embeddable":true,"href":"https:\/\/hbt-group.com\/de\/wp-json\/wp\/v2\/pages\/5129"}],"wp:attachment":[{"href":"https:\/\/hbt-group.com\/de\/wp-json\/wp\/v2\/media?parent=5134"}],"curies":[{"name":"wp","href":"https:\/\/api.w.org\/{rel}","templated":true}]}}