{"id":5135,"date":"2023-08-11T15:22:21","date_gmt":"2023-08-11T13:22:21","guid":{"rendered":"https:\/\/staging.hbt-group.com\/produktgruppen\/elektrotechnik-automatisierung\/mining-motors\/"},"modified":"2024-02-29T18:47:39","modified_gmt":"2024-02-29T17:47:39","slug":"bergbau-motoren","status":"publish","type":"page","link":"https:\/\/hbt-group.com\/de\/produktgruppen\/elektrotechnik-automatisierung\/bergbau-motoren\/","title":{"rendered":"Motoren f\u00fcr den Bergbau"},"content":{"rendered":"\t\t<div data-elementor-type=\"wp-page\" data-elementor-id=\"5135\" class=\"elementor elementor-5135 elementor-2220\" data-elementor-post-type=\"page\">\n\t\t\t\t<div class=\"elementor-element elementor-element-388b0cf e-con-full e-flex e-con e-parent\" data-id=\"388b0cf\" data-element_type=\"container\" data-e-type=\"container\" data-settings=\"{&quot;jet_parallax_layout_list&quot;:[]}\">\n\t\t\t\t<div class=\"elementor-element elementor-element-a9eb1d0 elementor--h-position-center elementor--v-position-middle elementor-arrows-position-inside elementor-pagination-position-inside elementor-widget elementor-widget-slides\" data-id=\"a9eb1d0\" data-element_type=\"widget\" data-e-type=\"widget\" data-settings=\"{&quot;transition&quot;:&quot;fade&quot;,&quot;navigation&quot;:&quot;both&quot;,&quot;autoplay&quot;:&quot;yes&quot;,&quot;pause_on_hover&quot;:&quot;yes&quot;,&quot;pause_on_interaction&quot;:&quot;yes&quot;,&quot;autoplay_speed&quot;:5000,&quot;infinite&quot;:&quot;yes&quot;,&quot;transition_speed&quot;:500}\" data-widget_type=\"slides.default\">\n\t\t\t\t<div class=\"elementor-widget-container\">\n\t\t\t\t\t\t\t\t\t<div class=\"elementor-swiper\">\n\t\t\t\t\t<div class=\"elementor-slides-wrapper elementor-main-swiper swiper\" role=\"region\" aria-roledescription=\"carousel\" aria-label=\"Slider\" dir=\"ltr\" data-animation=\"\">\n\t\t\t\t<div class=\"swiper-wrapper elementor-slides\">\n\t\t\t\t\t\t\t\t\t\t<div class=\"elementor-repeater-item-a50659d swiper-slide\" role=\"group\" aria-roledescription=\"slide\"><div class=\"swiper-slide-bg\" role=\"img\" aria-label=\"Electrical-Engineering\"><\/div><div class=\"swiper-slide-inner\" ><div class=\"swiper-slide-contents\"><div class=\"elementor-slide-heading\">Elektrotechnik & Automatisierung<\/div><div class=\"elementor-slide-description\">ELEKTROMOTOREN<\/div><a href=\"#content\" class=\"elementor-button elementor-slide-button elementor-size-sm\">Click Here<\/a><\/div><\/div><\/div>\t\t\t\t<\/div>\n\t\t\t\t\t\t\t<\/div>\n\t\t\t\t<\/div>\n\t\t\t\t\t\t\t\t<\/div>\n\t\t\t\t<\/div>\n\t\t\t\t<\/div>\n\t\t<div class=\"elementor-element elementor-element-e77bce8 e-flex e-con-boxed e-con e-parent\" data-id=\"e77bce8\" data-element_type=\"container\" data-e-type=\"container\" data-settings=\"{&quot;jet_parallax_layout_list&quot;:[]}\">\n\t\t\t\t\t<div class=\"e-con-inner\">\n\t\t\t\t<div class=\"elementor-element elementor-element-6ef3024 elementor-widget elementor-widget-heading\" data-id=\"6ef3024\" data-element_type=\"widget\" data-e-type=\"widget\" data-widget_type=\"heading.default\">\n\t\t\t\t<div class=\"elementor-widget-container\">\n\t\t\t\t\t<h1 class=\"elementor-heading-title elementor-size-default\">ELEKTROMOTOREN VON HBT<\/h1>\t\t\t\t<\/div>\n\t\t\t\t<\/div>\n\t\t\t\t<div class=\"elementor-element elementor-element-c1d3c36 elementor-widget elementor-widget-text-editor\" data-id=\"c1d3c36\" data-element_type=\"widget\" data-e-type=\"widget\" data-widget_type=\"text-editor.default\">\n\t\t\t\t<div class=\"elementor-widget-container\">\n\t\t\t\t\t\t\t\t\t<p>HBT-Elektromotoren sind f\u00fcr den Einsatz von Antriebssystemen aller Art konzipiert, z. B. f\u00fcr Teilschnittmaschinen, F\u00f6rderb\u00e4nder, Brecher, Ventilatoren und Pumpen. Durch ihre robuste Bauweise sind unsere Bergbaumotoren echte Arbeitstiere in schwierigen Umgebungsbedingungen.<\/p><p>HBT liefert Drehstrom-Asynchronmotoren, auf Wunsch in der Z\u00fcndschutzart &#8222;d&#8220; f\u00fcr druckfeste Kapselung. Die Konstruktion gew\u00e4hrleistet eine fortschrittliche Energieeffizienz mit gleichm\u00e4\u00dfiger und zuverl\u00e4ssiger K\u00fchlung durch einen hohen Wirkungsgrad. Die kompakte Bauweise f\u00fchrt zu sehr geringen Abmessungen und geringem Gewicht.<\/p>\t\t\t\t\t\t\t\t<\/div>\n\t\t\t\t<\/div>\n\t\t\t\t<div class=\"elementor-element elementor-element-69970cb elementor-widget elementor-widget-heading\" data-id=\"69970cb\" data-element_type=\"widget\" data-e-type=\"widget\" data-widget_type=\"heading.default\">\n\t\t\t\t<div class=\"elementor-widget-container\">\n\t\t\t\t\t<h2 class=\"elementor-heading-title elementor-size-default\">Produktmerkmale<\/h2>\t\t\t\t<\/div>\n\t\t\t\t<\/div>\n\t\t\t\t<div class=\"elementor-element elementor-element-4688264 elementor-widget elementor-widget-text-editor\" data-id=\"4688264\" data-element_type=\"widget\" data-e-type=\"widget\" data-widget_type=\"text-editor.default\">\n\t\t\t\t<div class=\"elementor-widget-container\">\n\t\t\t\t\t\t\t\t\t<ul><li>Fu\u00df\/Flansch, Abzweigdose auf Schwanenhals<\/li><li>kundenspezifische Wellenl\u00e4ngen<\/li><li>ausgelegt f\u00fcr den Betrieb mit Frequenzumrichtern<\/li><li>erh\u00f6hte Isolierung, Fremdk\u00fchlung NDE-seitig, Encoder<\/li><\/ul>\t\t\t\t\t\t\t\t<\/div>\n\t\t\t\t<\/div>\n\t\t\t\t\t<\/div>\n\t\t\t\t<\/div>\n\t\t<div class=\"elementor-element elementor-element-b3b605f e-flex e-con-boxed e-con e-parent\" data-id=\"b3b605f\" data-element_type=\"container\" data-e-type=\"container\" data-settings=\"{&quot;background_background&quot;:&quot;classic&quot;,&quot;jet_parallax_layout_list&quot;:[]}\">\n\t\t\t\t\t<div class=\"e-con-inner\">\n\t\t<div class=\"elementor-element elementor-element-04ea165 e-con-full e-flex e-con e-child\" data-id=\"04ea165\" data-element_type=\"container\" data-e-type=\"container\" data-settings=\"{&quot;jet_parallax_layout_list&quot;:[]}\">\n\t\t\t\t<div class=\"elementor-element elementor-element-8071903 elementor-widget elementor-widget-text-editor\" data-id=\"8071903\" data-element_type=\"widget\" data-e-type=\"widget\" data-widget_type=\"text-editor.default\">\n\t\t\t\t<div class=\"elementor-widget-container\">\n\t\t\t\t\t\t\t\t\t<h2>Type 4KTCR (luftgek\u00fchlt)<\/h2><p><strong>Nennleistung<br \/><\/strong>0,25 &#8211; 315 kW;<\/p><p><strong>Spannung<br \/><\/strong>380V, 660V, 1140V\u00a0 3AC\u00a0 50 Hz or 60 Hz<\/p>\t\t\t\t\t\t\t\t<\/div>\n\t\t\t\t<\/div>\n\t\t\t\t<div class=\"elementor-element elementor-element-28e842e elementor-widget elementor-widget-text-editor\" data-id=\"28e842e\" data-element_type=\"widget\" data-e-type=\"widget\" data-widget_type=\"text-editor.default\">\n\t\t\t\t<div class=\"elementor-widget-container\">\n\t\t\t\t\t\t\t\t\t<h2>Type 5KTCR (luftgek\u00fchlt)<\/h2><p><strong>Nennleistung<br \/><\/strong>0,37 &#8211; 400 kW;<\/p><p><strong>Spannung<br \/><\/strong>380V, 660V, 1140V\u00a0\u00a0 3AC\u00a0 50 Hz or 60 Hz<\/p>\t\t\t\t\t\t\t\t<\/div>\n\t\t\t\t<\/div>\n\t\t\t\t<\/div>\n\t\t<div class=\"elementor-element elementor-element-9228ee1 e-con-full e-flex e-con e-child\" data-id=\"9228ee1\" data-element_type=\"container\" data-e-type=\"container\" data-settings=\"{&quot;jet_parallax_layout_list&quot;:[]}\">\n\t\t\t\t<div class=\"elementor-element elementor-element-b04696c elementor-widget elementor-widget-image\" data-id=\"b04696c\" data-element_type=\"widget\" data-e-type=\"widget\" data-widget_type=\"image.default\">\n\t\t\t\t<div class=\"elementor-widget-container\">\n\t\t\t\t\t\t\t\t\t\t\t\t\t\t\t\t<a href=\"https:\/\/hbt-group.com\/wp-content\/uploads\/2023\/09\/mining-motors.jpg\" data-elementor-open-lightbox=\"yes\" data-elementor-lightbox-title=\"mining-motors\" data-e-action-hash=\"#elementor-action%3Aaction%3Dlightbox%26settings%3DeyJpZCI6NDUxMiwidXJsIjoiaHR0cHM6XC9cL2hidC1ncm91cC5jb21cL3dwLWNvbnRlbnRcL3VwbG9hZHNcLzIwMjNcLzA5XC9taW5pbmctbW90b3JzLmpwZyJ9\">\n\t\t\t\t\t\t\t<img fetchpriority=\"high\" decoding=\"async\" width=\"800\" height=\"534\" src=\"https:\/\/hbt-group.com\/wp-content\/uploads\/2023\/09\/mining-motors-1024x683.jpg\" class=\"attachment-large size-large wp-image-4512\" alt=\"\" srcset=\"https:\/\/hbt-group.com\/wp-content\/uploads\/2023\/09\/mining-motors-1024x683.jpg 1024w, https:\/\/hbt-group.com\/wp-content\/uploads\/2023\/09\/mining-motors-300x200.jpg 300w, https:\/\/hbt-group.com\/wp-content\/uploads\/2023\/09\/mining-motors-768x512.jpg 768w, https:\/\/hbt-group.com\/wp-content\/uploads\/2023\/09\/mining-motors.jpg 1200w\" sizes=\"(max-width: 800px) 100vw, 800px\">\t\t\t\t\t\t\t\t<\/a>\n\t\t\t\t\t\t\t\t\t\t\t\t\t\t\t<\/div>\n\t\t\t\t<\/div>\n\t\t\t\t<\/div>\n\t\t\t\t\t<\/div>\n\t\t\t\t<\/div>\n\t\t<div class=\"elementor-element elementor-element-18d74bb e-con-full e-flex e-con e-parent\" data-id=\"18d74bb\" data-element_type=\"container\" data-e-type=\"container\" data-settings=\"{&quot;jet_parallax_layout_list&quot;:[]}\">\n\t\t\t\t<div class=\"elementor-element elementor-element-af22194 elementor-widget elementor-widget-shortcode\" data-id=\"af22194\" data-element_type=\"widget\" data-e-type=\"widget\" data-widget_type=\"shortcode.default\">\n\t\t\t\t<div class=\"elementor-widget-container\">\n\t\t\t\t\t\t\t<div class=\"elementor-shortcode\">\t\t<div data-elementor-type=\"container\" data-elementor-id=\"5498\" class=\"elementor elementor-5498 elementor-4333 elementor-4333\" data-elementor-post-type=\"elementor_library\">\n\t\t\t\t<div class=\"elementor-element elementor-element-5ffd2648 e-flex e-con-boxed e-con e-parent\" data-id=\"5ffd2648\" data-element_type=\"container\" data-e-type=\"container\" data-settings=\"{&quot;background_background&quot;:&quot;classic&quot;,&quot;jet_parallax_layout_list&quot;:[]}\">\n\t\t\t\t\t<div class=\"e-con-inner\">\n\t\t<div class=\"elementor-element elementor-element-622b568a e-con-full elementor-hidden-mobile e-flex e-con e-child\" data-id=\"622b568a\" data-element_type=\"container\" data-e-type=\"container\" data-settings=\"{&quot;jet_parallax_layout_list&quot;:[]}\">\n\t\t\t\t<\/div>\n\t\t<div class=\"elementor-element elementor-element-5b80485e e-con-full e-flex e-con e-child\" data-id=\"5b80485e\" data-element_type=\"container\" data-e-type=\"container\" data-settings=\"{&quot;jet_parallax_layout_list&quot;:[]}\">\n\t\t\t\t<div class=\"elementor-element elementor-element-3dd1c61 elementor-widget elementor-widget-heading\" data-id=\"3dd1c61\" data-element_type=\"widget\" data-e-type=\"widget\" data-widget_type=\"heading.default\">\n\t\t\t\t<div class=\"elementor-widget-container\">\n\t\t\t\t\t<h2 class=\"elementor-heading-title elementor-size-default\">Mehr Informationen?<\/h2>\t\t\t\t<\/div>\n\t\t\t\t<\/div>\n\t\t\t\t<div class=\"elementor-element elementor-element-8141b7b elementor-widget elementor-widget-text-editor\" data-id=\"8141b7b\" data-element_type=\"widget\" data-e-type=\"widget\" data-widget_type=\"text-editor.default\">\n\t\t\t\t<div class=\"elementor-widget-container\">\n\t\t\t\t\t\t\t\t\t<p style=\"font-weight: 400;\">Sie ben\u00f6tigen weitere Produktinformationen oder m\u00f6chten ein Angebot anfordern?<br \/><strong>Kontaktieren Sie uns.<\/strong><\/p>\t\t\t\t\t\t\t\t<\/div>\n\t\t\t\t<\/div>\n\t\t\t\t<div class=\"elementor-element elementor-element-47d98ee8 elementor-widget elementor-widget-button\" data-id=\"47d98ee8\" data-element_type=\"widget\" data-e-type=\"widget\" data-widget_type=\"button.default\">\n\t\t\t\t<div class=\"elementor-widget-container\">\n\t\t\t\t\t\t\t\t\t<div class=\"elementor-button-wrapper\">\n\t\t\t\t\t<a class=\"elementor-button elementor-button-link elementor-size-sm\" href=\"https:\/\/hbt-group.com\/de\/kontakt\/\">\n\t\t\t\t\t\t<span class=\"elementor-button-content-wrapper\">\n\t\t\t\t\t\t\t\t\t<span class=\"elementor-button-text\">Kontakt<\/span>\n\t\t\t\t\t<\/span>\n\t\t\t\t\t<\/a>\n\t\t\t\t<\/div>\n\t\t\t\t\t\t\t\t<\/div>\n\t\t\t\t<\/div>\n\t\t\t\t<\/div>\n\t\t\t\t\t<\/div>\n\t\t\t\t<\/div>\n\t\t\t\t<\/div>\n\t\t<\/div>\n\t\t\t\t\t\t<\/div>\n\t\t\t\t<\/div>\n\t\t\t\t<\/div>\n\t\t\t\t<\/div>\n\t\t","protected":false},"excerpt":{"rendered":"<p>Elektrotechnik &#038; AutomatisierungELEKTROMOTORENClick Here ELEKTROMOTOREN VON HBT HBT-Elektromotoren sind f\u00fcr den Einsatz von Antriebssystemen aller Art konzipiert, z. B. f\u00fcr Teilschnittmaschinen, F\u00f6rderb\u00e4nder, Brecher, Ventilatoren und Pumpen. Durch ihre robuste Bauweise sind unsere Bergbaumotoren echte Arbeitstiere in schwierigen Umgebungsbedingungen. HBT liefert Drehstrom-Asynchronmotoren, auf Wunsch in der Z\u00fcndschutzart &#8222;d&#8220; f\u00fcr druckfeste Kapselung. Die Konstruktion gew\u00e4hrleistet eine fortschrittliche [&hellip;]<\/p>\n","protected":false},"author":1,"featured_media":0,"parent":5129,"menu_order":0,"comment_status":"closed","ping_status":"closed","template":"elementor_header_footer","meta":{"footnotes":""},"class_list":["post-5135","page","type-page","status-publish","hentry"],"_links":{"self":[{"href":"https:\/\/hbt-group.com\/de\/wp-json\/wp\/v2\/pages\/5135","targetHints":{"allow":["GET"]}}],"collection":[{"href":"https:\/\/hbt-group.com\/de\/wp-json\/wp\/v2\/pages"}],"about":[{"href":"https:\/\/hbt-group.com\/de\/wp-json\/wp\/v2\/types\/page"}],"author":[{"embeddable":true,"href":"https:\/\/hbt-group.com\/de\/wp-json\/wp\/v2\/users\/1"}],"replies":[{"embeddable":true,"href":"https:\/\/hbt-group.com\/de\/wp-json\/wp\/v2\/comments?post=5135"}],"version-history":[{"count":13,"href":"https:\/\/hbt-group.com\/de\/wp-json\/wp\/v2\/pages\/5135\/revisions"}],"predecessor-version":[{"id":8469,"href":"https:\/\/hbt-group.com\/de\/wp-json\/wp\/v2\/pages\/5135\/revisions\/8469"}],"up":[{"embeddable":true,"href":"https:\/\/hbt-group.com\/de\/wp-json\/wp\/v2\/pages\/5129"}],"wp:attachment":[{"href":"https:\/\/hbt-group.com\/de\/wp-json\/wp\/v2\/media?parent=5135"}],"curies":[{"name":"wp","href":"https:\/\/api.w.org\/{rel}","templated":true}]}}