{"id":5136,"date":"2023-08-11T15:22:45","date_gmt":"2023-08-11T13:22:45","guid":{"rendered":"https:\/\/staging.hbt-group.com\/produktgruppen\/elektrotechnik-automatisierung\/power-distribution-center\/"},"modified":"2024-02-29T18:46:21","modified_gmt":"2024-02-29T17:46:21","slug":"stromverteilungszentrale","status":"publish","type":"page","link":"https:\/\/hbt-group.com\/de\/produktgruppen\/elektrotechnik-automatisierung\/stromverteilungszentrale\/","title":{"rendered":"Stromverteilungszentrale"},"content":{"rendered":"\t\t<div data-elementor-type=\"wp-page\" data-elementor-id=\"5136\" class=\"elementor elementor-5136 elementor-2222\" data-elementor-post-type=\"page\">\n\t\t\t\t<div class=\"elementor-element elementor-element-4db13119 e-con-full e-flex e-con e-parent\" data-id=\"4db13119\" data-element_type=\"container\" data-e-type=\"container\" data-settings=\"{&quot;jet_parallax_layout_list&quot;:[]}\">\n\t\t\t\t<div class=\"elementor-element elementor-element-588f96d7 elementor--h-position-center elementor--v-position-middle elementor-arrows-position-inside elementor-pagination-position-inside elementor-widget elementor-widget-slides\" data-id=\"588f96d7\" data-element_type=\"widget\" data-e-type=\"widget\" data-settings=\"{&quot;transition&quot;:&quot;fade&quot;,&quot;navigation&quot;:&quot;both&quot;,&quot;autoplay&quot;:&quot;yes&quot;,&quot;pause_on_hover&quot;:&quot;yes&quot;,&quot;pause_on_interaction&quot;:&quot;yes&quot;,&quot;autoplay_speed&quot;:5000,&quot;infinite&quot;:&quot;yes&quot;,&quot;transition_speed&quot;:500}\" data-widget_type=\"slides.default\">\n\t\t\t\t<div class=\"elementor-widget-container\">\n\t\t\t\t\t\t\t\t\t<div class=\"elementor-swiper\">\n\t\t\t\t\t<div class=\"elementor-slides-wrapper elementor-main-swiper swiper\" role=\"region\" aria-roledescription=\"carousel\" aria-label=\"Slider\" dir=\"ltr\" data-animation=\"\">\n\t\t\t\t<div class=\"swiper-wrapper elementor-slides\">\n\t\t\t\t\t\t\t\t\t\t<div class=\"elementor-repeater-item-a50659d swiper-slide\" role=\"group\" aria-roledescription=\"slide\"><div class=\"swiper-slide-bg\" role=\"img\" aria-label=\"Power-Distribution-Center\"><\/div><div class=\"swiper-slide-inner\" ><div class=\"swiper-slide-contents\"><div class=\"elementor-slide-heading\">Elektrotechnik & Automatisierung<\/div><div class=\"elementor-slide-description\">STROMVERTEILUNGSANLAGEN<\/div><a href=\"#content\" class=\"elementor-button elementor-slide-button elementor-size-sm\">Klicken Sie hier<\/a><\/div><\/div><\/div>\t\t\t\t<\/div>\n\t\t\t\t\t\t\t<\/div>\n\t\t\t\t<\/div>\n\t\t\t\t\t\t\t\t<\/div>\n\t\t\t\t<\/div>\n\t\t\t\t<\/div>\n\t\t<div class=\"elementor-element elementor-element-5be560f1 e-flex e-con-boxed e-con e-parent\" data-id=\"5be560f1\" data-element_type=\"container\" data-e-type=\"container\" id=\"content\" data-settings=\"{&quot;jet_parallax_layout_list&quot;:[]}\">\n\t\t\t\t\t<div class=\"e-con-inner\">\n\t\t\t\t<div class=\"elementor-element elementor-element-73559721 elementor-widget elementor-widget-heading\" data-id=\"73559721\" data-element_type=\"widget\" data-e-type=\"widget\" data-widget_type=\"heading.default\">\n\t\t\t\t<div class=\"elementor-widget-container\">\n\t\t\t\t\t<h1 class=\"elementor-heading-title elementor-size-default\">STROMVERTEILUNGSANLAGEN<\/h1>\t\t\t\t<\/div>\n\t\t\t\t<\/div>\n\t\t\t\t<div class=\"elementor-element elementor-element-39c35e4 elementor-widget elementor-widget-text-editor\" data-id=\"39c35e4\" data-element_type=\"widget\" data-e-type=\"widget\" data-widget_type=\"text-editor.default\">\n\t\t\t\t<div class=\"elementor-widget-container\">\n\t\t\t\t\t\t\t\t\t<p><strong>Transformatoren<\/strong><\/p><p>HBT-Transformatoren wandeln die elektrische Spannung zur Einspeisung in Niederspannungsschaltanlagen um. Trockentransformatoren arbeiten ohne fl\u00fcssige Isolierstoffe. Umweltverschmutzung und Brandgefahr werden auf ein Minimum reduziert. Deshalb sind HBT-Transformatoren ideal f\u00fcr den Einsatz unter extremen klimatischen Bedingungen.<\/p>\t\t\t\t\t\t\t\t<\/div>\n\t\t\t\t<\/div>\n\t\t\t\t<div class=\"elementor-element elementor-element-ccb5ac3 elementor-widget elementor-widget-image\" data-id=\"ccb5ac3\" data-element_type=\"widget\" data-e-type=\"widget\" data-widget_type=\"image.default\">\n\t\t\t\t<div class=\"elementor-widget-container\">\n\t\t\t\t\t\t\t\t\t\t\t\t\t\t\t<img fetchpriority=\"high\" decoding=\"async\" width=\"800\" height=\"451\" src=\"https:\/\/hbt-group.com\/wp-content\/uploads\/2023\/09\/produktion_04-1024x577.jpg\" class=\"attachment-large size-large wp-image-3444\" alt=\"\" srcset=\"https:\/\/hbt-group.com\/wp-content\/uploads\/2023\/09\/produktion_04-1024x577.jpg 1024w, https:\/\/hbt-group.com\/wp-content\/uploads\/2023\/09\/produktion_04-300x169.jpg 300w, https:\/\/hbt-group.com\/wp-content\/uploads\/2023\/09\/produktion_04-768x432.jpg 768w, https:\/\/hbt-group.com\/wp-content\/uploads\/2023\/09\/produktion_04-1536x865.jpg 1536w, https:\/\/hbt-group.com\/wp-content\/uploads\/2023\/09\/produktion_04.jpg 2000w\" sizes=\"(max-width: 800px) 100vw, 800px\">\t\t\t\t\t\t\t\t\t\t\t\t\t\t\t<\/div>\n\t\t\t\t<\/div>\n\t\t\t\t\t<\/div>\n\t\t\t\t<\/div>\n\t\t<div class=\"elementor-element elementor-element-50bbde7b e-flex e-con-boxed e-con e-parent\" data-id=\"50bbde7b\" data-element_type=\"container\" data-e-type=\"container\" data-settings=\"{&quot;background_background&quot;:&quot;classic&quot;,&quot;jet_parallax_layout_list&quot;:[]}\">\n\t\t\t\t\t<div class=\"e-con-inner\">\n\t\t<div class=\"elementor-element elementor-element-ddf5849 e-con-full e-flex e-con e-child\" data-id=\"ddf5849\" data-element_type=\"container\" data-e-type=\"container\" data-settings=\"{&quot;jet_parallax_layout_list&quot;:[]}\">\n\t\t\t\t<div class=\"elementor-element elementor-element-1c81311 elementor-widget elementor-widget-text-editor\" data-id=\"1c81311\" data-element_type=\"widget\" data-e-type=\"widget\" data-widget_type=\"text-editor.default\">\n\t\t\t\t<div class=\"elementor-widget-container\">\n\t\t\t\t\t\t\t\t\t<h3>Produktmerkmale<\/h3><ul><li>modularer Aufbau f\u00fcr schnelle Wartung und Reparatur<\/li><li>bis zu zw\u00f6lf Abg\u00e4nge auf der Niederspannungsseite<\/li><li>mehrstufiger Gruppen- und Einzelschutz der Abg\u00e4nge<\/li><li>Anschlussm\u00f6glichkeit an Arbeitsger\u00e4te und Beleuchtung<\/li><li>transportabel unterhalb des Fahrkorbs im Schacht<\/li><\/ul>\t\t\t\t\t\t\t\t<\/div>\n\t\t\t\t<\/div>\n\t\t\t\t<\/div>\n\t\t<div class=\"elementor-element elementor-element-377703f0 e-con-full e-flex e-con e-child\" data-id=\"377703f0\" data-element_type=\"container\" data-e-type=\"container\" data-settings=\"{&quot;jet_parallax_layout_list&quot;:[]}\">\n\t\t\t\t<div class=\"elementor-element elementor-element-3739627 elementor-widget elementor-widget-image\" data-id=\"3739627\" data-element_type=\"widget\" data-e-type=\"widget\" data-widget_type=\"image.default\">\n\t\t\t\t<div class=\"elementor-widget-container\">\n\t\t\t\t\t\t\t\t\t\t\t\t\t\t\t\t<a href=\"https:\/\/hbt-group.com\/wp-content\/uploads\/2023\/09\/transformators.jpg\" data-elementor-open-lightbox=\"yes\" data-elementor-lightbox-title=\"transformators\" data-e-action-hash=\"#elementor-action%3Aaction%3Dlightbox%26settings%3DeyJpZCI6NDQ4MSwidXJsIjoiaHR0cHM6XC9cL2hidC1ncm91cC5jb21cL3dwLWNvbnRlbnRcL3VwbG9hZHNcLzIwMjNcLzA5XC90cmFuc2Zvcm1hdG9ycy5qcGcifQ%3D%3D\">\n\t\t\t\t\t\t\t<img decoding=\"async\" width=\"1200\" height=\"800\" src=\"https:\/\/hbt-group.com\/wp-content\/uploads\/2023\/09\/transformators.jpg\" class=\"attachment-full size-full wp-image-4481\" alt=\"\" srcset=\"https:\/\/hbt-group.com\/wp-content\/uploads\/2023\/09\/transformators.jpg 1200w, https:\/\/hbt-group.com\/wp-content\/uploads\/2023\/09\/transformators-300x200.jpg 300w, https:\/\/hbt-group.com\/wp-content\/uploads\/2023\/09\/transformators-1024x683.jpg 1024w, https:\/\/hbt-group.com\/wp-content\/uploads\/2023\/09\/transformators-768x512.jpg 768w\" sizes=\"(max-width: 1200px) 100vw, 1200px\">\t\t\t\t\t\t\t\t<\/a>\n\t\t\t\t\t\t\t\t\t\t\t\t\t\t\t<\/div>\n\t\t\t\t<\/div>\n\t\t\t\t<\/div>\n\t\t<div class=\"elementor-element elementor-element-477f4aa1 e-con-full e-flex e-con e-child\" data-id=\"477f4aa1\" data-element_type=\"container\" data-e-type=\"container\" data-settings=\"{&quot;jet_parallax_layout_list&quot;:[]}\">\n\t\t\t\t<div class=\"elementor-element elementor-element-6de293b0 elementor-widget elementor-widget-text-editor\" data-id=\"6de293b0\" data-element_type=\"widget\" data-e-type=\"widget\" data-widget_type=\"text-editor.default\">\n\t\t\t\t<div class=\"elementor-widget-container\">\n\t\t\t\t\t\t\t\t\t<p>Unsere druckfesten Transformatoren sind f\u00fcr den Betrieb im Untertagebau in explosionsgef\u00e4hrdeten Bereichen geeignet (Gruppe I, Kategorie M2). Je nach Anforderung k\u00f6nnen die Transformatoren in allen Schacht- und Tunnelsystemen eingesetzt werden, in denen keine Gef\u00e4hrdung durch Grubengas besteht.<\/p><h3>Die Transformatoren sind in zwei Ausf\u00fchrungen erh\u00e4ltlich:<\/h3><ul><li>mit integrierten Anschlussk\u00e4sten f\u00fcr Hoch- und Niederspannungsseite\u00a0<span style=\"font-family: var( --e-global-typography-text-font-family ), Sans-serif;\">oder\u00a0<\/span><\/li><li><span style=\"font-family: var( --e-global-typography-text-font-family ), Sans-serif;\">mit integriertem Schaltger\u00e4t<\/span><\/li><\/ul><p>HBT-Transformatoren sind f\u00fcr die Stromverteilung f\u00fcr Streckenvortriebsmaschinen, F\u00f6rderb\u00e4nder, Transportwagen (sog. Shuttle Cars), Ventilatoren und Beleuchtungen konzipiert.<\/p>\t\t\t\t\t\t\t\t<\/div>\n\t\t\t\t<\/div>\n\t\t\t\t<\/div>\n\t\t<div class=\"elementor-element elementor-element-59d9067d e-con-full e-flex e-con e-child\" data-id=\"59d9067d\" data-element_type=\"container\" data-e-type=\"container\" data-settings=\"{&quot;jet_parallax_layout_list&quot;:[]}\">\n\t\t\t\t<div class=\"elementor-element elementor-element-afcf80a elementor-widget elementor-widget-text-editor\" data-id=\"afcf80a\" data-element_type=\"widget\" data-e-type=\"widget\" data-widget_type=\"text-editor.default\">\n\t\t\t\t<div class=\"elementor-widget-container\">\n\t\t\t\t\t\t\t\t\t<p><strong>Type PDC:<br \/><\/strong>400 kVA, 630 kVA, 1000 kVA, 1250 kVA<\/p><p><strong>Eingangsspannung:<br \/><\/strong>6 kV<\/p><p><strong>Ausgangsspannung:<br \/><\/strong>380 V; 660 V; 1140 V; 3300 V<\/p>\t\t\t\t\t\t\t\t<\/div>\n\t\t\t\t<\/div>\n\t\t\t\t<\/div>\n\t\t\t\t\t<\/div>\n\t\t\t\t<\/div>\n\t\t<div class=\"elementor-element elementor-element-6c66975 e-con-full e-flex e-con e-parent\" data-id=\"6c66975\" data-element_type=\"container\" data-e-type=\"container\" data-settings=\"{&quot;jet_parallax_layout_list&quot;:[]}\">\n\t\t\t\t<div class=\"elementor-element elementor-element-d950f91 elementor-widget elementor-widget-shortcode\" data-id=\"d950f91\" data-element_type=\"widget\" data-e-type=\"widget\" data-widget_type=\"shortcode.default\">\n\t\t\t\t<div class=\"elementor-widget-container\">\n\t\t\t\t\t\t\t<div class=\"elementor-shortcode\">\t\t<div data-elementor-type=\"container\" data-elementor-id=\"5498\" class=\"elementor elementor-5498 elementor-4333 elementor-4333\" data-elementor-post-type=\"elementor_library\">\n\t\t\t\t<div class=\"elementor-element elementor-element-5ffd2648 e-flex e-con-boxed e-con e-parent\" data-id=\"5ffd2648\" data-element_type=\"container\" data-e-type=\"container\" data-settings=\"{&quot;background_background&quot;:&quot;classic&quot;,&quot;jet_parallax_layout_list&quot;:[]}\">\n\t\t\t\t\t<div class=\"e-con-inner\">\n\t\t<div class=\"elementor-element elementor-element-622b568a e-con-full elementor-hidden-mobile e-flex e-con e-child\" data-id=\"622b568a\" data-element_type=\"container\" data-e-type=\"container\" data-settings=\"{&quot;jet_parallax_layout_list&quot;:[]}\">\n\t\t\t\t<\/div>\n\t\t<div class=\"elementor-element elementor-element-5b80485e e-con-full e-flex e-con e-child\" data-id=\"5b80485e\" data-element_type=\"container\" data-e-type=\"container\" data-settings=\"{&quot;jet_parallax_layout_list&quot;:[]}\">\n\t\t\t\t<div class=\"elementor-element elementor-element-3dd1c61 elementor-widget elementor-widget-heading\" data-id=\"3dd1c61\" data-element_type=\"widget\" data-e-type=\"widget\" data-widget_type=\"heading.default\">\n\t\t\t\t<div class=\"elementor-widget-container\">\n\t\t\t\t\t<h2 class=\"elementor-heading-title elementor-size-default\">Mehr Informationen?<\/h2>\t\t\t\t<\/div>\n\t\t\t\t<\/div>\n\t\t\t\t<div class=\"elementor-element elementor-element-8141b7b elementor-widget elementor-widget-text-editor\" data-id=\"8141b7b\" data-element_type=\"widget\" data-e-type=\"widget\" data-widget_type=\"text-editor.default\">\n\t\t\t\t<div class=\"elementor-widget-container\">\n\t\t\t\t\t\t\t\t\t<p style=\"font-weight: 400;\">Sie ben\u00f6tigen weitere Produktinformationen oder m\u00f6chten ein Angebot anfordern?<br \/><strong>Kontaktieren Sie uns.<\/strong><\/p>\t\t\t\t\t\t\t\t<\/div>\n\t\t\t\t<\/div>\n\t\t\t\t<div class=\"elementor-element elementor-element-47d98ee8 elementor-widget elementor-widget-button\" data-id=\"47d98ee8\" data-element_type=\"widget\" data-e-type=\"widget\" data-widget_type=\"button.default\">\n\t\t\t\t<div class=\"elementor-widget-container\">\n\t\t\t\t\t\t\t\t\t<div class=\"elementor-button-wrapper\">\n\t\t\t\t\t<a class=\"elementor-button elementor-button-link elementor-size-sm\" href=\"https:\/\/hbt-group.com\/de\/kontakt\/\">\n\t\t\t\t\t\t<span class=\"elementor-button-content-wrapper\">\n\t\t\t\t\t\t\t\t\t<span class=\"elementor-button-text\">Kontakt<\/span>\n\t\t\t\t\t<\/span>\n\t\t\t\t\t<\/a>\n\t\t\t\t<\/div>\n\t\t\t\t\t\t\t\t<\/div>\n\t\t\t\t<\/div>\n\t\t\t\t<\/div>\n\t\t\t\t\t<\/div>\n\t\t\t\t<\/div>\n\t\t\t\t<\/div>\n\t\t<\/div>\n\t\t\t\t\t\t<\/div>\n\t\t\t\t<\/div>\n\t\t\t\t<\/div>\n\t\t\t\t<\/div>\n\t\t","protected":false},"excerpt":{"rendered":"<p>Elektrotechnik &#038; AutomatisierungSTROMVERTEILUNGSANLAGENKlicken Sie hier STROMVERTEILUNGSANLAGEN Transformatoren HBT-Transformatoren wandeln die elektrische Spannung zur Einspeisung in Niederspannungsschaltanlagen um. Trockentransformatoren arbeiten ohne fl\u00fcssige Isolierstoffe. Umweltverschmutzung und Brandgefahr werden auf ein Minimum reduziert. Deshalb sind HBT-Transformatoren ideal f\u00fcr den Einsatz unter extremen klimatischen Bedingungen. Produktmerkmale modularer Aufbau f\u00fcr schnelle Wartung und Reparatur bis zu zw\u00f6lf Abg\u00e4nge auf der [&hellip;]<\/p>\n","protected":false},"author":1,"featured_media":0,"parent":5129,"menu_order":0,"comment_status":"closed","ping_status":"closed","template":"elementor_header_footer","meta":{"footnotes":""},"class_list":["post-5136","page","type-page","status-publish","hentry"],"_links":{"self":[{"href":"https:\/\/hbt-group.com\/de\/wp-json\/wp\/v2\/pages\/5136","targetHints":{"allow":["GET"]}}],"collection":[{"href":"https:\/\/hbt-group.com\/de\/wp-json\/wp\/v2\/pages"}],"about":[{"href":"https:\/\/hbt-group.com\/de\/wp-json\/wp\/v2\/types\/page"}],"author":[{"embeddable":true,"href":"https:\/\/hbt-group.com\/de\/wp-json\/wp\/v2\/users\/1"}],"replies":[{"embeddable":true,"href":"https:\/\/hbt-group.com\/de\/wp-json\/wp\/v2\/comments?post=5136"}],"version-history":[{"count":13,"href":"https:\/\/hbt-group.com\/de\/wp-json\/wp\/v2\/pages\/5136\/revisions"}],"predecessor-version":[{"id":8463,"href":"https:\/\/hbt-group.com\/de\/wp-json\/wp\/v2\/pages\/5136\/revisions\/8463"}],"up":[{"embeddable":true,"href":"https:\/\/hbt-group.com\/de\/wp-json\/wp\/v2\/pages\/5129"}],"wp:attachment":[{"href":"https:\/\/hbt-group.com\/de\/wp-json\/wp\/v2\/media?parent=5136"}],"curies":[{"name":"wp","href":"https:\/\/api.w.org\/{rel}","templated":true}]}}