{"id":9330,"date":"2024-03-01T16:40:42","date_gmt":"2024-03-01T15:40:42","guid":{"rendered":"https:\/\/hbt-group.com\/produktgruppen\/strassenentwicklung-fuer-bergbau-und-tunnelbau\/warabreaker\/"},"modified":"2025-07-14T18:20:09","modified_gmt":"2025-07-14T16:20:09","slug":"aufgabebrecher","status":"publish","type":"page","link":"https:\/\/hbt-group.com\/de\/produktgruppen\/streckenvortrieb-fuer-bergbau-und-tunnelbau\/aufgabebrecher\/","title":{"rendered":"Aufgabebrecher"},"content":{"rendered":"\t\t<div data-elementor-type=\"wp-page\" data-elementor-id=\"9330\" class=\"elementor elementor-9330 elementor-8587\" data-elementor-post-type=\"page\">\n\t\t\t\t<div class=\"elementor-element elementor-element-351e034a e-con-full e-flex e-con e-parent\" data-id=\"351e034a\" data-element_type=\"container\" data-e-type=\"container\" data-settings=\"{&quot;jet_parallax_layout_list&quot;:[]}\">\n\t\t\t\t<div class=\"elementor-element elementor-element-52963515 elementor--h-position-center elementor--v-position-middle elementor-arrows-position-inside elementor-pagination-position-inside elementor-widget elementor-widget-slides\" data-id=\"52963515\" data-element_type=\"widget\" data-e-type=\"widget\" data-settings=\"{&quot;transition&quot;:&quot;fade&quot;,&quot;navigation&quot;:&quot;both&quot;,&quot;autoplay&quot;:&quot;yes&quot;,&quot;pause_on_hover&quot;:&quot;yes&quot;,&quot;pause_on_interaction&quot;:&quot;yes&quot;,&quot;autoplay_speed&quot;:5000,&quot;infinite&quot;:&quot;yes&quot;,&quot;transition_speed&quot;:500}\" data-widget_type=\"slides.default\">\n\t\t\t\t<div class=\"elementor-widget-container\">\n\t\t\t\t\t\t\t\t\t<div class=\"elementor-swiper\">\n\t\t\t\t\t<div class=\"elementor-slides-wrapper elementor-main-swiper swiper\" role=\"region\" aria-roledescription=\"carousel\" aria-label=\"Slides\" dir=\"ltr\" data-animation=\"\">\n\t\t\t\t<div class=\"swiper-wrapper elementor-slides\">\n\t\t\t\t\t\t\t\t\t\t<div class=\"elementor-repeater-item-a50659d swiper-slide\" role=\"group\" aria-roledescription=\"slide\"><div class=\"swiper-slide-bg\" role=\"img\" aria-label=\"feeder-breaker-blau\"><\/div><div class=\"elementor-background-overlay\"><\/div><div class=\"swiper-slide-inner\" ><div class=\"swiper-slide-contents\"><div class=\"elementor-slide-heading\">LONGWALL MINING TECHNOLOGY<\/div><div class=\"elementor-slide-description\">Aufgabebrecher<\/div><a href=\"#content\" class=\"elementor-button elementor-slide-button elementor-size-sm\">Click Here<\/a><\/div><\/div><\/div>\t\t\t\t<\/div>\n\t\t\t\t\t\t\t<\/div>\n\t\t\t\t<\/div>\n\t\t\t\t\t\t\t\t<\/div>\n\t\t\t\t<\/div>\n\t\t\t\t<\/div>\n\t\t<div class=\"elementor-element elementor-element-2faf6560 e-flex e-con-boxed e-con e-parent\" data-id=\"2faf6560\" data-element_type=\"container\" data-e-type=\"container\" id=\"content\" data-settings=\"{&quot;jet_parallax_layout_list&quot;:[]}\">\n\t\t\t\t\t<div class=\"e-con-inner\">\n\t\t\t\t<div class=\"elementor-element elementor-element-52e37f86 elementor-widget elementor-widget-heading\" data-id=\"52e37f86\" data-element_type=\"widget\" data-e-type=\"widget\" data-widget_type=\"heading.default\">\n\t\t\t\t<div class=\"elementor-widget-container\">\n\t\t\t\t\t<h1 class=\"elementor-heading-title elementor-size-default\">Aufgabebrecher<\/h1>\t\t\t\t<\/div>\n\t\t\t\t<\/div>\n\t\t\t\t<div class=\"elementor-element elementor-element-47dd4ce0 elementor-widget elementor-widget-text-editor\" data-id=\"47dd4ce0\" data-element_type=\"widget\" data-e-type=\"widget\" data-widget_type=\"text-editor.default\">\n\t\t\t\t<div class=\"elementor-widget-container\">\n\t\t\t\t\t\t\t\t\t<p><strong>Leistungsstarke Aufgabebrecher f\u00fcr den Rohstoffabbau<\/strong><\/p><p>HBT Waratah entwickelt und fertigt eine exklusive Serie von prim\u00e4ren Aufgabebrechern f\u00fcr unterschiedlichste Anwendungen in der Rohmineralien-Gewinnung. Unsere bew\u00e4hrte Ingenieurskompetenz und langj\u00e4hrige Erfahrung flie\u00dfen in jede Konfiguration dieser robusten Maschinen ein.<\/p><p>In Kombination mit unseren leistungsstarken Shuttle Cars bieten HBT Warabreaker eine zuverl\u00e4ssige L\u00f6sung f\u00fcr die effiziente Materialf\u00f6rderung \u2013 sowohl im Untertagebau als auch im Tagebau.<\/p>\t\t\t\t\t\t\t\t<\/div>\n\t\t\t\t<\/div>\n\t\t\t\t<div class=\"elementor-element elementor-element-a56aff6 elementor-arrows-position-inside elementor-widget elementor-widget-image-carousel\" data-id=\"a56aff6\" data-element_type=\"widget\" data-e-type=\"widget\" data-settings=\"{&quot;slides_to_show&quot;:&quot;1&quot;,&quot;navigation&quot;:&quot;arrows&quot;,&quot;autoplay_speed&quot;:3900,&quot;autoplay&quot;:&quot;yes&quot;,&quot;pause_on_hover&quot;:&quot;yes&quot;,&quot;pause_on_interaction&quot;:&quot;yes&quot;,&quot;infinite&quot;:&quot;yes&quot;,&quot;effect&quot;:&quot;slide&quot;,&quot;speed&quot;:500}\" data-widget_type=\"image-carousel.default\">\n\t\t\t\t<div class=\"elementor-widget-container\">\n\t\t\t\t\t\t\t<div class=\"elementor-image-carousel-wrapper swiper\" role=\"region\" aria-roledescription=\"carousel\" aria-label=\"Image Carousel\" dir=\"ltr\">\n\t\t\t<div class=\"elementor-image-carousel swiper-wrapper\" aria-live=\"off\">\n\t\t\t\t\t\t\t\t<div class=\"swiper-slide\" role=\"group\" aria-roledescription=\"slide\" aria-label=\"1 von 1\"><figure class=\"swiper-slide-inner\"><img decoding=\"async\" class=\"swiper-slide-image\" src=\"https:\/\/hbt-group.com\/wp-content\/uploads\/2024\/03\/HBT-feederbraker-1-768x512.jpg\" alt=\"HBT-feederbraker\" \/><\/figure><\/div>\t\t\t<\/div>\n\t\t\t\t\t<\/div>\n\t\t\t\t\t\t<\/div>\n\t\t\t\t<\/div>\n\t\t\t\t\t<\/div>\n\t\t\t\t<\/div>\n\t\t<div class=\"elementor-element elementor-element-37727346 e-flex e-con-boxed elementor-invisible e-con e-parent\" data-id=\"37727346\" data-element_type=\"container\" data-e-type=\"container\" data-settings=\"{&quot;background_background&quot;:&quot;classic&quot;,&quot;jet_parallax_layout_list&quot;:[],&quot;animation&quot;:&quot;fadeInUp&quot;}\">\n\t\t\t\t\t<div class=\"e-con-inner\">\n\t\t\t\t<div class=\"elementor-element elementor-element-548e4df2 elementor-widget elementor-widget-heading\" data-id=\"548e4df2\" data-element_type=\"widget\" data-e-type=\"widget\" data-widget_type=\"heading.default\">\n\t\t\t\t<div class=\"elementor-widget-container\">\n\t\t\t\t\t<h2 class=\"elementor-heading-title elementor-size-default\">Technische Spezifikationen<\/h2>\t\t\t\t<\/div>\n\t\t\t\t<\/div>\n\t\t\t\t<div class=\"elementor-element elementor-element-2a45f745 elementor-widget elementor-widget-text-editor\" data-id=\"2a45f745\" data-element_type=\"widget\" data-e-type=\"widget\" data-widget_type=\"text-editor.default\">\n\t\t\t\t<div class=\"elementor-widget-container\">\n\t\t\t\t\t\t\t\t\t<ul><li>Nominelle Maximalleistung: 20 Tonnen<\/li><li>Hydraulischer Raupenantrieb<\/li><li>Pempek Obelix \/ Pempek Safe Steuerungssystem<\/li><li>Fernbedienbare Steuerung<\/li><li>Rexroth FLP mit elektrischer und manueller Ventilsteuerung<\/li><li>H\u00f6henverstellbare Kettenlaufwerke zur Chassis-Nivellierung<\/li><li>Dreiseitige Beladung m\u00f6glich<\/li><li>Antriebsmotor: 75\u202fkW<\/li><li>Manuell einstellbarer Brechmechanismus<\/li><li>Geringes Maschinengewicht: 33.000\u202fkg<\/li><li>Wirtschaftliche Lebensdauer: 1,03\u202fMio. Tonnen bis zur General\u00fcberholung<\/li><li>Austragsleistung: 1.200\u202ft\/h<\/li><li>Zwei Geschwindigkeitsstufen: 16\u202fm\/s (hoch), 8\u202fm\/s (niedrig)<\/li><\/ul>\t\t\t\t\t\t\t\t<\/div>\n\t\t\t\t<\/div>\n\t\t\t\t\t<\/div>\n\t\t\t\t<\/div>\n\t\t<div class=\"elementor-element elementor-element-4deba8a e-con-full e-flex e-con e-parent\" data-id=\"4deba8a\" data-element_type=\"container\" data-e-type=\"container\" data-settings=\"{&quot;jet_parallax_layout_list&quot;:[]}\">\n\t\t\t\t<div class=\"elementor-element elementor-element-651b2981 elementor-widget elementor-widget-shortcode\" data-id=\"651b2981\" data-element_type=\"widget\" data-e-type=\"widget\" data-widget_type=\"shortcode.default\">\n\t\t\t\t<div class=\"elementor-widget-container\">\n\t\t\t\t\t\t\t<div class=\"elementor-shortcode\">\t\t<div data-elementor-type=\"container\" data-elementor-id=\"5498\" class=\"elementor elementor-5498 elementor-4333 elementor-4333\" data-elementor-post-type=\"elementor_library\">\n\t\t\t\t<div class=\"elementor-element elementor-element-5ffd2648 e-flex e-con-boxed e-con e-parent\" data-id=\"5ffd2648\" data-element_type=\"container\" data-e-type=\"container\" data-settings=\"{&quot;background_background&quot;:&quot;classic&quot;,&quot;jet_parallax_layout_list&quot;:[]}\">\n\t\t\t\t\t<div class=\"e-con-inner\">\n\t\t<div class=\"elementor-element elementor-element-622b568a e-con-full elementor-hidden-mobile e-flex e-con e-child\" data-id=\"622b568a\" data-element_type=\"container\" data-e-type=\"container\" data-settings=\"{&quot;jet_parallax_layout_list&quot;:[]}\">\n\t\t\t\t<\/div>\n\t\t<div class=\"elementor-element elementor-element-5b80485e e-con-full e-flex e-con e-child\" data-id=\"5b80485e\" data-element_type=\"container\" data-e-type=\"container\" data-settings=\"{&quot;jet_parallax_layout_list&quot;:[]}\">\n\t\t\t\t<div class=\"elementor-element elementor-element-3dd1c61 elementor-widget elementor-widget-heading\" data-id=\"3dd1c61\" data-element_type=\"widget\" data-e-type=\"widget\" data-widget_type=\"heading.default\">\n\t\t\t\t<div class=\"elementor-widget-container\">\n\t\t\t\t\t<h2 class=\"elementor-heading-title elementor-size-default\">Mehr Informationen?<\/h2>\t\t\t\t<\/div>\n\t\t\t\t<\/div>\n\t\t\t\t<div class=\"elementor-element elementor-element-8141b7b elementor-widget elementor-widget-text-editor\" data-id=\"8141b7b\" data-element_type=\"widget\" data-e-type=\"widget\" data-widget_type=\"text-editor.default\">\n\t\t\t\t<div class=\"elementor-widget-container\">\n\t\t\t\t\t\t\t\t\t<p style=\"font-weight: 400;\">Sie ben\u00f6tigen weitere Produktinformationen oder m\u00f6chten ein Angebot anfordern?<br \/><strong>Kontaktieren Sie uns.<\/strong><\/p>\t\t\t\t\t\t\t\t<\/div>\n\t\t\t\t<\/div>\n\t\t\t\t<div class=\"elementor-element elementor-element-47d98ee8 elementor-widget elementor-widget-button\" data-id=\"47d98ee8\" data-element_type=\"widget\" data-e-type=\"widget\" data-widget_type=\"button.default\">\n\t\t\t\t<div class=\"elementor-widget-container\">\n\t\t\t\t\t\t\t\t\t<div class=\"elementor-button-wrapper\">\n\t\t\t\t\t<a class=\"elementor-button elementor-button-link elementor-size-sm\" href=\"https:\/\/hbt-group.com\/de\/kontakt\/\">\n\t\t\t\t\t\t<span class=\"elementor-button-content-wrapper\">\n\t\t\t\t\t\t\t\t\t<span class=\"elementor-button-text\">Kontakt<\/span>\n\t\t\t\t\t<\/span>\n\t\t\t\t\t<\/a>\n\t\t\t\t<\/div>\n\t\t\t\t\t\t\t\t<\/div>\n\t\t\t\t<\/div>\n\t\t\t\t<\/div>\n\t\t\t\t\t<\/div>\n\t\t\t\t<\/div>\n\t\t\t\t<\/div>\n\t\t<\/div>\n\t\t\t\t\t\t<\/div>\n\t\t\t\t<\/div>\n\t\t\t\t<\/div>\n\t\t\t\t<\/div>\n\t\t","protected":false},"excerpt":{"rendered":"<p>LONGWALL MINING TECHNOLOGYClick Here Aufgabebrecher Leistungsstarke Aufgabebrecher f\u00fcr den Rohstoffabbau HBT Waratah entwickelt und fertigt eine exklusive Serie von prim\u00e4ren Aufgabebrechern f\u00fcr unterschiedlichste Anwendungen in der Rohmineralien-Gewinnung. Unsere bew\u00e4hrte Ingenieurskompetenz und langj\u00e4hrige Erfahrung flie\u00dfen in jede Konfiguration dieser robusten Maschinen ein. In Kombination mit unseren leistungsstarken Shuttle Cars bieten HBT Warabreaker eine zuverl\u00e4ssige L\u00f6sung f\u00fcr [&hellip;]<\/p>\n","protected":false},"author":1,"featured_media":0,"parent":9298,"menu_order":0,"comment_status":"closed","ping_status":"closed","template":"elementor_header_footer","meta":{"footnotes":""},"class_list":["post-9330","page","type-page","status-publish","hentry"],"_links":{"self":[{"href":"https:\/\/hbt-group.com\/de\/wp-json\/wp\/v2\/pages\/9330","targetHints":{"allow":["GET"]}}],"collection":[{"href":"https:\/\/hbt-group.com\/de\/wp-json\/wp\/v2\/pages"}],"about":[{"href":"https:\/\/hbt-group.com\/de\/wp-json\/wp\/v2\/types\/page"}],"author":[{"embeddable":true,"href":"https:\/\/hbt-group.com\/de\/wp-json\/wp\/v2\/users\/1"}],"replies":[{"embeddable":true,"href":"https:\/\/hbt-group.com\/de\/wp-json\/wp\/v2\/comments?post=9330"}],"version-history":[{"count":25,"href":"https:\/\/hbt-group.com\/de\/wp-json\/wp\/v2\/pages\/9330\/revisions"}],"predecessor-version":[{"id":13066,"href":"https:\/\/hbt-group.com\/de\/wp-json\/wp\/v2\/pages\/9330\/revisions\/13066"}],"up":[{"embeddable":true,"href":"https:\/\/hbt-group.com\/de\/wp-json\/wp\/v2\/pages\/9298"}],"wp:attachment":[{"href":"https:\/\/hbt-group.com\/de\/wp-json\/wp\/v2\/media?parent=9330"}],"curies":[{"name":"wp","href":"https:\/\/api.w.org\/{rel}","templated":true}]}}